{"id":2332,"date":"2019-11-04T08:50:20","date_gmt":"2019-11-04T08:50:20","guid":{"rendered":"https:\/\/p2dm.salzburgresearch.at\/?page_id=2332"},"modified":"2021-06-17T08:22:04","modified_gmt":"2021-06-17T08:22:04","slug":"declaracion-de-privacidad","status":"publish","type":"page","link":"https:\/\/p2dm.salzburgresearch.at\/es\/declaracion-de-privacidad\/","title":{"rendered":"Declaraci\u00f3n de privacidad"},"content":{"rendered":"\n<p>\u00daltima actualizaci\u00f3n: 23 de octubre de 2019<\/p>\n\n\n\n<p>Nos tomamos muy en serio la protecci\u00f3n de sus datos personales. Procesamos sus datos personales de acuerdo con las disposiciones legales de protecci\u00f3n de datos y esta declaraci\u00f3n de protecci\u00f3n de datos.<br>\nPor regla general, nuestro sitio web puede ser utilizado sin proporcionar datos personales. En la medida en que en nuestras p\u00e1ginas se recojan datos personales (por ejemplo, nombre, direcci\u00f3n o direcci\u00f3n de correo electr\u00f3nico), esto se har\u00e1 siempre de forma voluntaria, a menos que sea absolutamente necesario para el funcionamiento de la p\u00e1gina web.<\/p>\n\n\n\n<p>Este sitio web utiliza sus datos con moderaci\u00f3n y s\u00f3lo procesa los datos t\u00e9cnicamente necesarios que no requieren su consentimiento. Por lo tanto, este sitio web no tiene un &#8220;Cookie-Bar&#8221; para obtener su consentimiento.<\/p>\n\n\n\n<h2 class=\"wp-block-heading\">Responsable<\/h2>\n\n\n\n<p>Salzburg Research Forschungsgesellschaft m.b.H., Jakob Haringer Stra\u00dfe 5\/3, 5020 Salzburg, info@salzburgresearch.at, 0662\/2288-0 es responsable del tratamiento de sus datos personales en este sitio web.<\/p>\n\n\n\n<h2 class=\"wp-block-heading\">Ubicaci\u00f3n<\/h2>\n\n\n\n<p>Este sitio web est\u00e1 alojado por la propia Salzburg Research. Procesamos los datos personales de conexi\u00f3n con el fin de garantizar la seguridad de los datos y de los fallos durante un per\u00edodo m\u00e1ximo de 7 d\u00edas.<\/p>\n\n\n\n<p>El fundamento jur\u00eddico del tratamiento es nuestro inter\u00e9s leg\u00edtimo de conformidad con el art\u00edculo 6, apartado 1, letra f), de la DSGVO (medidas t\u00e9cnicas de seguridad)<\/p>\n\n\n\n<h2 class=\"wp-block-heading\">Archivos de registro del servidor<\/h2>\n\n\n\n<p>Procesamos datos personales como la direcci\u00f3n IP en un archivo de registro del servidor durante un per\u00edodo m\u00e1ximo de 7 d\u00edas con el fin de controlar la funci\u00f3n t\u00e9cnica y aumentar la seguridad operativa sobre la base legal de inter\u00e9s justificado de conformidad con el art\u00edculo 6, apartado 1, vida \u00fatil. f DSGVO (medidas de seguridad t\u00e9cnica).<\/p>\n\n\n\n<ul class=\"wp-block-list\"><li>Marca de tiempo (fecha y hora de la respuesta positiva)<\/li><li>Tipo de solicitud del usuario <\/li><li>IP del usuario <\/li><li>informaci\u00f3n de referencia del usuario (es decir, la fuente del acceso) <\/li><li>Cliente del usuario (tipo de cliente, versi\u00f3n del cliente) <\/li><li>Sistema operativo del usuario (dispositivo, versi\u00f3n OS del dispositivo)<\/li><\/ul>\n\n\n\n<h2 class=\"wp-block-heading\">Servicios de an\u00e1lisis<\/h2>\n\n\n\n<p>En nuestro sitio web utilizamos servicios de an\u00e1lisis con el fin de analizar el uso de nuestro sitio web, corregir errores y seguir desarrollando el contenido.<\/p>\n\n\n\n<h3 class=\"wp-block-heading\">Software de an\u00e1lisis local<\/h3>\n\n\n\n<p>Utilizando software de an\u00e1lisis local, procesamos los datos de conexi\u00f3n y los datos del navegador con el fin de analizar el uso de nuestro sitio web, corregir errores y seguir desarrollando el contenido, incluyendo el punto de objeci\u00f3n.<\/p>\n\n\n\n<p>El fundamento jur\u00eddico del tratamiento es la necesidad t\u00e9cnica del tratamiento de los datos de an\u00e1lisis seg\u00fan \u00a7 96 Abs. 3 TKG ivm. gem\u00e4\u00df Art. 6 Abs. 1 lit. f DSGVO, que es absolutamente necesario para proporcionar el servicio de un sitio web expl\u00edcitamente solicitado por los usuarios.<\/p>\n\n\n\n<iframe style=\"border: 0; height: 200px; width: 600px;\" src=\"https:\/\/stats.salzburgresearch.at\/index.php?module=CoreAdminHome&amp;action=optOut&amp;language=es&amp;backgroundColor=&amp;fontColor=&amp;fontSize=&amp;fontFamily=Helvetica%2C%20Arial%2C%20Sans-Serif\"><\/iframe>\n\n\n\n<h2 class=\"wp-block-heading\">Derecho de oposici\u00f3n<\/h2>\n\n\n\n<p>Si el tratamiento de sus datos personales se lleva a cabo sobre la base de un inter\u00e9s leg\u00edtimo, usted tiene derecho a oponerse a dicho tratamiento. Si no existen razones de peso para el tratamiento de los datos por nuestra parte, el tratamiento de sus datos se interrumpir\u00e1 sobre la base de este fundamento jur\u00eddico.<\/p>\n\n\n\n<p>La legalidad de los datos procesados hasta el momento de la oposici\u00f3n no se ve afectada por la oposici\u00f3n.<br>\nDerecho de revocaci\u00f3n<\/p>\n\n\n\n<p>Usted tiene el derecho de revocar cualquier consentimiento dado a nosotros en cualquier momento. En el caso del consentimiento por escrito, la revocaci\u00f3n s\u00f3lo puede realizarse por escrito; en el caso del consentimiento para recibir publicidad electr\u00f3nica, esto tambi\u00e9n puede hacerse haciendo clic en el enlace para darse de baja. En este caso, el tratamiento se interrumpir\u00e1 a menos que exista otro fundamento jur\u00eddico.<br>La legalidad de los datos tratados hasta la revocaci\u00f3n no se ve afectada por la misma.<\/p>\n\n\n\n<h2 class=\"wp-block-heading\">Derechos afectados<\/h2>\n\n\n\n<p>Usted tiene derecho a la informaci\u00f3n, rectificaci\u00f3n, supresi\u00f3n y limitaci\u00f3n del tratamiento de datos personales.<br>Si el fundamento jur\u00eddico para el tratamiento de sus datos personales existe en su consentimiento o en un contrato celebrado con usted, usted tambi\u00e9n tiene derecho a la transferibilidad de los datos.<br>Usted tiene derecho a revocar cualquier consentimiento que haya dado para el tratamiento de sus datos personales. La legalidad del tratamiento de los datos personales hasta la revocaci\u00f3n no se ver\u00e1 afectada por la misma.<br>Usted tiene derecho a oponerse al tratamiento de sus datos personales con fines de marketing directo. En caso de oposici\u00f3n, sus datos personales dejar\u00e1n de ser tratados con fines de publicidad directa.<br>Adem\u00e1s, tiene derecho a presentar una queja a la autoridad supervisora. Los datos de contacto de la Autoridad de Protecci\u00f3n de Datos de Austria son los siguientes: Autoridad Austriaca de Protecci\u00f3n de Datos, Barichgasse 40-42, A-1030 Viena.<\/p>\n","protected":false},"excerpt":{"rendered":"<p>\u00daltima actualizaci\u00f3n: 23 de octubre de 2019 Nos tomamos muy en serio la protecci\u00f3n de sus datos personales. Procesamos sus datos personales de acuerdo con las disposiciones legales de protecci\u00f3n de datos y esta declaraci\u00f3n de protecci\u00f3n de datos. Por regla general, nuestro sitio web puede ser utilizado sin proporcionar datos personales. En la medida [&hellip;]<\/p>\n","protected":false},"author":1,"featured_media":0,"parent":0,"menu_order":0,"comment_status":"closed","ping_status":"closed","template":"","meta":{"footnotes":""},"class_list":["post-2332","page","type-page","status-publish","hentry"],"_links":{"self":[{"href":"https:\/\/p2dm.salzburgresearch.at\/es\/wp-json\/wp\/v2\/pages\/2332","targetHints":{"allow":["GET"]}}],"collection":[{"href":"https:\/\/p2dm.salzburgresearch.at\/es\/wp-json\/wp\/v2\/pages"}],"about":[{"href":"https:\/\/p2dm.salzburgresearch.at\/es\/wp-json\/wp\/v2\/types\/page"}],"author":[{"embeddable":true,"href":"https:\/\/p2dm.salzburgresearch.at\/es\/wp-json\/wp\/v2\/users\/1"}],"replies":[{"embeddable":true,"href":"https:\/\/p2dm.salzburgresearch.at\/es\/wp-json\/wp\/v2\/comments?post=2332"}],"version-history":[{"count":4,"href":"https:\/\/p2dm.salzburgresearch.at\/es\/wp-json\/wp\/v2\/pages\/2332\/revisions"}],"predecessor-version":[{"id":2370,"href":"https:\/\/p2dm.salzburgresearch.at\/es\/wp-json\/wp\/v2\/pages\/2332\/revisions\/2370"}],"wp:attachment":[{"href":"https:\/\/p2dm.salzburgresearch.at\/es\/wp-json\/wp\/v2\/media?parent=2332"}],"curies":[{"name":"wp","href":"https:\/\/api.w.org\/{rel}","templated":true}]}}