{"id":2195,"date":"2018-07-17T09:32:46","date_gmt":"2018-07-17T09:32:46","guid":{"rendered":"https:\/\/p2dm.salzburgresearch.at\/?page_id=2195"},"modified":"2018-12-11T13:06:08","modified_gmt":"2018-12-11T13:06:08","slug":"user-manual","status":"publish","type":"page","link":"https:\/\/p2dm.salzburgresearch.at\/es\/start\/user-manual\/","title":{"rendered":"Manual de Usuario"},"content":{"rendered":"<p>El Manual de usuario proporciona soporte para el uso del portal de pacientes POWER2DM, el llamado motor de planes de acci\u00f3n. Para obtener m\u00e1s informaci\u00f3n, haga clic <a href=\"https:\/\/p2dm.salzburgresearch.at\/wp-content\/uploads\/2018\/12\/2018-12_User-Manual_Spanish.pdf\">aqci<\/a>.<\/p>\n\n\n<ul class=\"wp-block-gallery columns-0 is-cropped wp-block-gallery-1 is-layout-flex wp-block-gallery-is-layout-flex\"><\/ul>\n\n\n\n<ul class=\"wp-block-gallery columns-0 is-cropped wp-block-gallery-2 is-layout-flex wp-block-gallery-is-layout-flex\"><\/ul>\n","protected":false},"excerpt":{"rendered":"<p>El Manual de usuario proporciona soporte para el uso del portal de pacientes POWER2DM, el llamado motor de planes de acci\u00f3n. Para obtener m\u00e1s informaci\u00f3n, haga clic aqci.<\/p>\n","protected":false},"author":1,"featured_media":0,"parent":793,"menu_order":0,"comment_status":"closed","ping_status":"closed","template":"","meta":{"footnotes":""},"class_list":["post-2195","page","type-page","status-publish","hentry"],"_links":{"self":[{"href":"https:\/\/p2dm.salzburgresearch.at\/es\/wp-json\/wp\/v2\/pages\/2195","targetHints":{"allow":["GET"]}}],"collection":[{"href":"https:\/\/p2dm.salzburgresearch.at\/es\/wp-json\/wp\/v2\/pages"}],"about":[{"href":"https:\/\/p2dm.salzburgresearch.at\/es\/wp-json\/wp\/v2\/types\/page"}],"author":[{"embeddable":true,"href":"https:\/\/p2dm.salzburgresearch.at\/es\/wp-json\/wp\/v2\/users\/1"}],"replies":[{"embeddable":true,"href":"https:\/\/p2dm.salzburgresearch.at\/es\/wp-json\/wp\/v2\/comments?post=2195"}],"version-history":[{"count":6,"href":"https:\/\/p2dm.salzburgresearch.at\/es\/wp-json\/wp\/v2\/pages\/2195\/revisions"}],"predecessor-version":[{"id":2243,"href":"https:\/\/p2dm.salzburgresearch.at\/es\/wp-json\/wp\/v2\/pages\/2195\/revisions\/2243"}],"up":[{"embeddable":true,"href":"https:\/\/p2dm.salzburgresearch.at\/es\/wp-json\/wp\/v2\/pages\/793"}],"wp:attachment":[{"href":"https:\/\/p2dm.salzburgresearch.at\/es\/wp-json\/wp\/v2\/media?parent=2195"}],"curies":[{"name":"wp","href":"https:\/\/api.w.org\/{rel}","templated":true}]}}