{"id":1594,"date":"2018-03-28T10:52:06","date_gmt":"2018-03-28T10:52:06","guid":{"rendered":"https:\/\/p2dm.salzburgresearch.at\/?page_id=1594"},"modified":"2018-03-28T10:52:06","modified_gmt":"2018-03-28T10:52:06","slug":"tratamiento-con-insulina","status":"publish","type":"page","link":"https:\/\/p2dm.salzburgresearch.at\/es\/diabetes\/tratamiento\/tratamiento-con-insulina\/","title":{"rendered":"Tratamiento con insulina"},"content":{"rendered":"<p>&nbsp;<\/p>\n<p style=\"text-align: center;\"><strong>Tratamiento con insulina<\/strong><\/p>\n<p>Algunas personas que tienen diabetes tipo 2 tambi\u00e9n necesitan tratamiento con insulina. Debido a que la digesti\u00f3n normal interfiere con la insulina que se toma por v\u00eda oral, se debe inyectar insulina.<\/p>\n<p>Las inyecciones de insulina implican el uso de una aguja fina y una jeringa o un inyector de insulina , un dispositivo que se parece a un bol\u00edgrafo de tinta, excepto que el cartucho est\u00e1 lleno de insulina.<\/p>\n<p>Hay muchos tipos de insulina, una de las diferencias m\u00e1s importantes es la duraci\u00f3n de la acci\u00f3n.<\/p>\n<p>L<strong>a insulina de acci\u00f3n r\u00e1pida<\/strong> a menudo se la llama insulina de la hora de la comida, ya que se usa alrededor de 15 minutos antes de comer. La insulina de acci\u00f3n r\u00e1pida es necesaria para cubrir la mayor necesidad de insulina despu\u00e9s de una comida.<\/p>\n<p><strong>La insulina de acci\u00f3n corta<\/strong> normalmente comienza a funcionar despu\u00e9s de 30 a 60 minutos. Dependiendo del producto de insulina, su efecto dura aproximadamente ocho horas.<\/p>\n<p>La mayor\u00eda de la insulina que se usa hoy en d\u00eda, son las llamadas insulinas humanas. A diferencia de la insulina para animales que sol\u00edan ser de uso com\u00fan, esta insulina se produce en el laboratorio. Act\u00faan de manera similar a la insulina que se produce en un p\u00e1ncreas sano. En los \u00faltimos a\u00f1os, tambi\u00e9n se han desarrollado las llamadas insulinas an\u00e1logas. Sus efectos son m\u00e1s r\u00e1pidos que los de las insulinas humanas de acci\u00f3n r\u00e1pida.<\/p>\n<p><strong>La insulina de acci\u00f3n intermedia<\/strong> normalmente comienza alrededor de 1 a 3 horas despu\u00e9s de que la inyecci\u00f3n puede durar hasta 16 horas.<\/p>\n<p><strong>La insulina de acci\u00f3n prolongada<\/strong> normalmente comienza a funcionar despu\u00e9s de 60 a 120 minutos. Sus efectos duran de 20 a 26 horas. La insulina de acci\u00f3n prolongada simula el suministro b\u00e1sico de insulina.Este tipo de suministro b\u00e1sico de insulina tambi\u00e9n se llama insulina basal.<\/p>\n<p>Tipo de insulina Nombres gen\u00e9ricos y de marca Comienzo de la duraci\u00f3n m\u00e1xima<br \/>\nInsulina aspart (NovoLog) de acci\u00f3n r\u00e1pida Insulina glulisina (Apidra) Insulina lispro (Humalog) 15 minutos 30 a 90 minutos 3 a 5 horas<br \/>\nInsulina de acci\u00f3n r\u00e1pida regular (Humulin R, Novolin R) 30 a 60 minutos 2 a 4 horas 5 a 8 horas<br \/>\nInsulina NPH de acci\u00f3n intermedia humana (Humulin N, Novolin N) 1 a 3 horas 8 horas 12 a 16 horas<br \/>\nInsulina glargina de acci\u00f3n prolongada (Lantus) Insulina detemir (Levemir) 1 hora Sin pico claro de 20 a 26 horas<\/p>\n<p>Dependiendo de sus necesidades, la insulina premezclada, una combinaci\u00f3n de proporciones espec\u00edficas de insulina de acci\u00f3n intermedia y de acci\u00f3n corta o r\u00e1pida en un frasco o pluma de insulina, puede ser una opci\u00f3n.<\/p>\n<p>Sin embargo, hay que tener en cuenta que ninguno de los productos de insulina puede reproducir la situaci\u00f3n fisiol\u00f3gica exacta de una persona no diab\u00e9tica. Por lo tanto, su m\u00e9dico debe decidir individualmente qu\u00e9 tipo de insulina o qu\u00e9 combinaci\u00f3n de diferentes tipos es m\u00e1s \u00fatil para un paciente. Cu\u00e1ndo usar qu\u00e9 tipo de insulina depende de la terapia que el m\u00e9dico decida seguir.<\/p>\n<p><strong>La terapia convencional con insulina<\/strong><\/p>\n<p>Cuando est\u00e1 siguiendo una terapia con insulina convencional, es m\u00e1s probable que le inyecte dos veces al d\u00eda una mezcla de insulina normal y de acci\u00f3n prolongada (intermedia). Se decidir\u00e1 en funci\u00f3n de la dosis de insulina, el tiempo de inyecci\u00f3n, la cantidad y la hora del d\u00eda, as\u00ed como la actividad f\u00edsica. Estos factores deben mantenerse lo m\u00e1s estables posible.<\/p>\n<p><strong>La terapia de insulina intensiva<\/strong><\/p>\n<p>Si tiene diabetes tipo 1 y, en algunos casos, si tiene diabetes tipo 2, la terapia intensiva con insulina puede ser la clave para la salud a largo plazo.<\/p>\n<p>Esta terapia agresiva no es f\u00e1cil, pero los beneficios son reales.<\/p>\n<p><strong>\u00bfQu\u00e9 es la terapia intensiva de insulina?<\/strong><\/p>\n<p>La terapia intensiva con insulina es un enfoque de tratamiento agresivo dise\u00f1ado para controlar sus niveles de glucosa en sangre. La terapia intensiva con insulina requiere una estrecha vigilancia de los niveles de glucosa en \u00a0sangre y las dosis frecuentes de insulina. La terapia intensiva con insulina puede prevenir o retrasar la progresi\u00f3n de las complicaciones de la diabetes a largo plazo.<\/p>\n<p>Si elige probar la terapia intensiva con insulina, trabajar\u00e1 con su m\u00e9dico para establecer varios objetivos. Idealmente, esto significa:<\/p>\n<ul>\n<li>Nivel de glucosa antes de las comidas: de 70 a 130 miligramos por decilitro (mg \/ dL) o de 3,9 a 7,2 milimoles por litro (mmol \/ L)<\/li>\n<li>Nivel de glucosa dos horas despu\u00e9s de las comidas: menos de 160 mg \/ dL (10 mmol \/ L)<\/li>\n<li>Hemoglobina A1C (hemoglobina glicosilada, un indicador del control de su nivel de az\u00facar en la sangre durante los \u00faltimos meses): menos del 7 por ciento<\/li>\n<\/ul>\n","protected":false},"excerpt":{"rendered":"<p>&nbsp; Tratamiento con insulina Algunas personas que tienen diabetes tipo 2 tambi\u00e9n necesitan tratamiento con insulina. Debido a que la digesti\u00f3n normal interfiere con la insulina que se toma por v\u00eda oral, se debe inyectar insulina. Las inyecciones de insulina implican el uso de una aguja fina y una jeringa o un inyector de insulina [&hellip;]<\/p>\n","protected":false},"author":5,"featured_media":0,"parent":1465,"menu_order":3,"comment_status":"closed","ping_status":"open","template":"","meta":{"footnotes":""},"class_list":["post-1594","page","type-page","status-publish","hentry"],"_links":{"self":[{"href":"https:\/\/p2dm.salzburgresearch.at\/es\/wp-json\/wp\/v2\/pages\/1594","targetHints":{"allow":["GET"]}}],"collection":[{"href":"https:\/\/p2dm.salzburgresearch.at\/es\/wp-json\/wp\/v2\/pages"}],"about":[{"href":"https:\/\/p2dm.salzburgresearch.at\/es\/wp-json\/wp\/v2\/types\/page"}],"author":[{"embeddable":true,"href":"https:\/\/p2dm.salzburgresearch.at\/es\/wp-json\/wp\/v2\/users\/5"}],"replies":[{"embeddable":true,"href":"https:\/\/p2dm.salzburgresearch.at\/es\/wp-json\/wp\/v2\/comments?post=1594"}],"version-history":[{"count":1,"href":"https:\/\/p2dm.salzburgresearch.at\/es\/wp-json\/wp\/v2\/pages\/1594\/revisions"}],"predecessor-version":[{"id":1595,"href":"https:\/\/p2dm.salzburgresearch.at\/es\/wp-json\/wp\/v2\/pages\/1594\/revisions\/1595"}],"up":[{"embeddable":true,"href":"https:\/\/p2dm.salzburgresearch.at\/es\/wp-json\/wp\/v2\/pages\/1465"}],"wp:attachment":[{"href":"https:\/\/p2dm.salzburgresearch.at\/es\/wp-json\/wp\/v2\/media?parent=1594"}],"curies":[{"name":"wp","href":"https:\/\/api.w.org\/{rel}","templated":true}]}}