{"id":1589,"date":"2018-03-28T10:44:00","date_gmt":"2018-03-28T10:44:00","guid":{"rendered":"https:\/\/p2dm.salzburgresearch.at\/?page_id=1589"},"modified":"2018-05-07T08:39:31","modified_gmt":"2018-05-07T08:39:31","slug":"estar-enfermo-cuando-se-tiene-diabetes","status":"publish","type":"page","link":"https:\/\/p2dm.salzburgresearch.at\/es\/experimentando-diabetes\/estar-enfermo-cuando-se-tiene-diabetes\/","title":{"rendered":"Estar enfermo cuando se tiene diabetes"},"content":{"rendered":"<p>Cuando est\u00e1s enfermo, est\u00e1 bajo estr\u00e9s, lo que puede hacer que su nivel de glucosa en sangre (az\u00facar) aumente . \u00a0Elaborar un plan de acci\u00f3n para d\u00edas de enfermedad con anticipaci\u00f3n puede prevenir que una dolencia menor se convierta en un problema importante. Esta secci\u00f3n le dir\u00e1 c\u00f3mo prepararse y qu\u00e9 hacer cuando est\u00e1 enfermo.<\/p>\n<p><strong>Estar enfermo con diabetes<\/strong><\/p>\n<p>Estar enfermo puede hacer que su nivel de glucosa en sangre aumente.<\/p>\n<p>La mejor manera de evitar que una enfermedad menor se convierta en un problema importante es elaborar un plan de acci\u00f3n para d\u00edas de enfermedad con anticipaci\u00f3n. As\u00ed, cuando enferme, se sentir\u00e1s seguro y protegido. Ya sabr\u00e1 qu\u00e9 hacer y tendr\u00e1 los suministros a mano para hacerlo.<\/p>\n<p><strong>Qu\u00e9 sucede cuando est\u00e1s enfermo<\/strong><\/p>\n<p>Cuando est\u00e1s enfermo, est\u00e1s bajo estr\u00e9s. Para lidiar con este estr\u00e9s, su cuerpo libera hormonas que lo ayudan a combatir las enfermedades. Pero estas hormonas tienen efectos secundarios. Aumentan los niveles de glucosa en sangre .<\/p>\n<p>Como resultado, cuando est\u00e1 enfermo, es m\u00e1s dif\u00edcil mantener su glucosa en sangre en el rango objetivo. Puede desarrollar cetoacidosis que conduce a un coma diab\u00e9tico, particularmente en personas con diabetes tipo 1. Las personas con diabetes tipo 2, especialmente las personas mayores, pueden desarrollar una afecci\u00f3n similar llamada coma no cet\u00f3sico hiperosmolar hipergluc\u00e9mico. Ambas condiciones son peligrosas y pueden poner en peligro su vida.<\/p>\n<p>Esperar demasiado tiempo para recibir atenci\u00f3n m\u00e9dica cuando est\u00e1 enfermo puede hacer que se enferme mucho m\u00e1s. ncluso un resfriado leve puede hacer que su diabetes sea m\u00e1s dif\u00edcil de controlar. La diabetes no controlada puede conducir a problemas de salud m\u00e1s graves.<\/p>\n<p>Cuando est\u00e9 enfermo, mant\u00e9ngase atento a los signos de advertencia de la diabetes. Estos son:<\/p>\n<ul>\n<li>Altos niveles de glucosa en sangre.<\/li>\n<li>N\u00e1useas<\/li>\n<li>Vomitos<\/li>\n<li>Nivel bajo de glucosa que no aumentar\u00e1 despu\u00e9s de comer<\/li>\n<\/ul>\n<p>Si tiene alguna de estas se\u00f1ales de advertencia y no puede tratarlas usted mismo, llame a su m\u00e9dico.<\/p>\n","protected":false},"excerpt":{"rendered":"<p>Cuando est\u00e1s enfermo, est\u00e1 bajo estr\u00e9s, lo que puede hacer que su nivel de glucosa en sangre (az\u00facar) aumente . \u00a0Elaborar un plan de acci\u00f3n para d\u00edas de enfermedad con anticipaci\u00f3n puede prevenir que una dolencia menor se convierta en un problema importante. Esta secci\u00f3n le dir\u00e1 c\u00f3mo prepararse y qu\u00e9 hacer cuando est\u00e1 enfermo. [&hellip;]<\/p>\n","protected":false},"author":5,"featured_media":0,"parent":1345,"menu_order":4,"comment_status":"closed","ping_status":"closed","template":"","meta":{"footnotes":""},"class_list":["post-1589","page","type-page","status-publish","hentry"],"_links":{"self":[{"href":"https:\/\/p2dm.salzburgresearch.at\/es\/wp-json\/wp\/v2\/pages\/1589","targetHints":{"allow":["GET"]}}],"collection":[{"href":"https:\/\/p2dm.salzburgresearch.at\/es\/wp-json\/wp\/v2\/pages"}],"about":[{"href":"https:\/\/p2dm.salzburgresearch.at\/es\/wp-json\/wp\/v2\/types\/page"}],"author":[{"embeddable":true,"href":"https:\/\/p2dm.salzburgresearch.at\/es\/wp-json\/wp\/v2\/users\/5"}],"replies":[{"embeddable":true,"href":"https:\/\/p2dm.salzburgresearch.at\/es\/wp-json\/wp\/v2\/comments?post=1589"}],"version-history":[{"count":3,"href":"https:\/\/p2dm.salzburgresearch.at\/es\/wp-json\/wp\/v2\/pages\/1589\/revisions"}],"predecessor-version":[{"id":1592,"href":"https:\/\/p2dm.salzburgresearch.at\/es\/wp-json\/wp\/v2\/pages\/1589\/revisions\/1592"}],"up":[{"embeddable":true,"href":"https:\/\/p2dm.salzburgresearch.at\/es\/wp-json\/wp\/v2\/pages\/1345"}],"wp:attachment":[{"href":"https:\/\/p2dm.salzburgresearch.at\/es\/wp-json\/wp\/v2\/media?parent=1589"}],"curies":[{"name":"wp","href":"https:\/\/api.w.org\/{rel}","templated":true}]}}