{"id":1586,"date":"2018-03-28T10:38:25","date_gmt":"2018-03-28T10:38:25","guid":{"rendered":"https:\/\/p2dm.salzburgresearch.at\/?page_id=1586"},"modified":"2018-03-28T10:38:25","modified_gmt":"2018-03-28T10:38:25","slug":"coma-diabetico","status":"publish","type":"page","link":"https:\/\/p2dm.salzburgresearch.at\/es\/experimentando-diabetes\/signos-de-alarma\/coma-diabetico\/","title":{"rendered":"Coma diab\u00e9tico"},"content":{"rendered":"<p><strong>La peor situaci\u00f3n posible: Coma diab\u00e9tico<\/strong><\/p>\n<p>Si tiene diabetes, niveles peligrosamente altos de az\u00facar en la sangre (hiperglucemia) o niveles peligrosamente bajos de az\u00facar en la sangre (hipoglucemia) pueden provocar un coma diab\u00e9tico.<\/p>\n<p>El coma diab\u00e9tico es un evento que pone en peligro la vida. Cae inconsciente: est\u00e1 vivo pero no puede despertar. Todas las personas que sufren de diabetes corren el riesgo de sufrir un coma diab\u00e9tico.<\/p>\n<p>Puede prevenir el coma diab\u00e9tico siguiendo su tratamiento correctamente. La antesala de coma diab\u00e9tico generalmente son los s\u00edntomas de niveles extremadamente altos de az\u00facar en la sangre (aumento de sed, micci\u00f3n frecuente, fatiga, n\u00e1useas y v\u00f3mitos, dificultad para respirar, dolor de est\u00f3mago, boca muy seca, latidos card\u00edacos r\u00e1pidos) o niveles extremadamente bajos de az\u00facar en la sangre ( temblores o nerviosismo, fatiga, sudoraci\u00f3n, hambre, n\u00e1useas, irritabilidad, ritmo card\u00edaco irregular o acelerado, dificultad para hablar, confusi\u00f3n).<\/p>\n<p>Si experimenta estos s\u00edntomas,eval\u00fae su nivel de az\u00facar en la sangre y siga su plan de tratamiento para la diabetes de acuerdo con los resultados de la prueba. Si no comienza a sentirse mejor r\u00e1pidamente o comienza a sentirse peor, solicite ayuda.<\/p>\n<p>Experimentar az\u00facares extremos prolongados (niveles de az\u00facar en la sangre demasiado bajos o demasiado altos) puede ocasionar:<\/p>\n<ul>\n<li><strong>Cetoacidosis diab\u00e9tica<\/strong>. \u00a0Su cuerpo puede responder al descomponer las reservas de grasa. Este proceso forma \u00e1cidos t\u00f3xicos conocidos como cetonas. Si no se trata, la cetoacidosis diab\u00e9tica puede conducir a un coma diab\u00e9tico.<\/li>\n<li>S\u00edndrome hiperosmolar diab\u00e9tico. Si su nivel de az\u00facar en la sangre alcanza los 600 mg \/ dL, la afecci\u00f3n se conoce como s\u00edndrome diab\u00e9tico hiperosmolar. \u00a0El exceso de az\u00facar pasa de la sangre a la orina, lo que desencadena un proceso de filtrado que extrae enormes cantidades de l\u00edquido de su cuerpo.<\/li>\n<li>Hipoglucemia. Tu cerebro necesita glucosa para funcionar. En casos graves, un nivel bajo de az\u00facar en la sangre puede hacer que se desmaye. La hipoglucemia puede ser causada por demasiada insulina o muy poca comida. Hacer ejercicio con demasiada energ\u00eda o beber demasiado alcohol puede tener el mismo efecto.<\/li>\n<\/ul>\n","protected":false},"excerpt":{"rendered":"<p>La peor situaci\u00f3n posible: Coma diab\u00e9tico Si tiene diabetes, niveles peligrosamente altos de az\u00facar en la sangre (hiperglucemia) o niveles peligrosamente bajos de az\u00facar en la sangre (hipoglucemia) pueden provocar un coma diab\u00e9tico. El coma diab\u00e9tico es un evento que pone en peligro la vida. Cae inconsciente: est\u00e1 vivo pero no puede despertar. Todas las [&hellip;]<\/p>\n","protected":false},"author":5,"featured_media":0,"parent":1548,"menu_order":5,"comment_status":"closed","ping_status":"open","template":"","meta":{"footnotes":""},"class_list":["post-1586","page","type-page","status-publish","hentry"],"_links":{"self":[{"href":"https:\/\/p2dm.salzburgresearch.at\/es\/wp-json\/wp\/v2\/pages\/1586","targetHints":{"allow":["GET"]}}],"collection":[{"href":"https:\/\/p2dm.salzburgresearch.at\/es\/wp-json\/wp\/v2\/pages"}],"about":[{"href":"https:\/\/p2dm.salzburgresearch.at\/es\/wp-json\/wp\/v2\/types\/page"}],"author":[{"embeddable":true,"href":"https:\/\/p2dm.salzburgresearch.at\/es\/wp-json\/wp\/v2\/users\/5"}],"replies":[{"embeddable":true,"href":"https:\/\/p2dm.salzburgresearch.at\/es\/wp-json\/wp\/v2\/comments?post=1586"}],"version-history":[{"count":2,"href":"https:\/\/p2dm.salzburgresearch.at\/es\/wp-json\/wp\/v2\/pages\/1586\/revisions"}],"predecessor-version":[{"id":1588,"href":"https:\/\/p2dm.salzburgresearch.at\/es\/wp-json\/wp\/v2\/pages\/1586\/revisions\/1588"}],"up":[{"embeddable":true,"href":"https:\/\/p2dm.salzburgresearch.at\/es\/wp-json\/wp\/v2\/pages\/1548"}],"wp:attachment":[{"href":"https:\/\/p2dm.salzburgresearch.at\/es\/wp-json\/wp\/v2\/media?parent=1586"}],"curies":[{"name":"wp","href":"https:\/\/api.w.org\/{rel}","templated":true}]}}