{"id":1580,"date":"2018-03-27T11:27:40","date_gmt":"2018-03-27T11:27:40","guid":{"rendered":"https:\/\/p2dm.salzburgresearch.at\/?page_id=1580"},"modified":"2018-03-27T11:27:40","modified_gmt":"2018-03-27T11:27:40","slug":"sindrome-hiperosmolar-no-cetosico","status":"publish","type":"page","link":"https:\/\/p2dm.salzburgresearch.at\/es\/experimentando-diabetes\/signos-de-alarma\/sindrome-hiperosmolar-no-cetosico\/","title":{"rendered":"S\u00edndrome hiperosmolar no cet\u00f3sico"},"content":{"rendered":"<p>S\u00edndrome hiperosmolar no cet\u00f3sico (SHNC) es una complicaci\u00f3n grave \u00a0que ocurre principalmente en personas mayores. Puede suceder tanto en pacientes con diabetes tipo 1 como diabetes tipo 2 cuando no est\u00e1n controlados adecuadamente.<\/p>\n<p>Durante SHNC los niveles de az\u00facar en la sangre aumentan, y el cuerpo trata de eliminar el exceso de az\u00facar a trav\u00e9s de la orina. Al principio necesita ir al ba\u00f1o con mucha frecuencia y orinar mucho. Puede sentir mucha sed, e incluso si no lo hace, debe beber muchos l\u00edquidos. Si bebe muy pocos l\u00edquidos, puede deshidratarse. Esta deshidrataci\u00f3n puede provocar convulsiones, coma e incluso la muerte. SHNC puede desarrollarse en d\u00edas o incluso semanas. Debe tener en cuenta sus se\u00f1ales de advertencia.<\/p>\n<p>Los signos de HHNS son: nivel de az\u00facar en la sangre superior a 600mg \/ dl, boca seca, sed extrema, piel caliente y seca, fiebre alta, somnolencia o confusi\u00f3n, p\u00e9rdida de visi\u00f3n, alucinaciones y debilidad.<\/p>\n<p><strong>Llame a su m\u00e9dico o busque atenci\u00f3n m\u00e9dica inmediata si tiene signos o s\u00edntomas de SHNC<\/strong><\/p>\n","protected":false},"excerpt":{"rendered":"<p>S\u00edndrome hiperosmolar no cet\u00f3sico (SHNC) es una complicaci\u00f3n grave \u00a0que ocurre principalmente en personas mayores. Puede suceder tanto en pacientes con diabetes tipo 1 como diabetes tipo 2 cuando no est\u00e1n controlados adecuadamente. Durante SHNC los niveles de az\u00facar en la sangre aumentan, y el cuerpo trata de eliminar el exceso de az\u00facar a trav\u00e9s [&hellip;]<\/p>\n","protected":false},"author":5,"featured_media":0,"parent":1548,"menu_order":3,"comment_status":"closed","ping_status":"open","template":"","meta":{"footnotes":""},"class_list":["post-1580","page","type-page","status-publish","hentry"],"_links":{"self":[{"href":"https:\/\/p2dm.salzburgresearch.at\/es\/wp-json\/wp\/v2\/pages\/1580","targetHints":{"allow":["GET"]}}],"collection":[{"href":"https:\/\/p2dm.salzburgresearch.at\/es\/wp-json\/wp\/v2\/pages"}],"about":[{"href":"https:\/\/p2dm.salzburgresearch.at\/es\/wp-json\/wp\/v2\/types\/page"}],"author":[{"embeddable":true,"href":"https:\/\/p2dm.salzburgresearch.at\/es\/wp-json\/wp\/v2\/users\/5"}],"replies":[{"embeddable":true,"href":"https:\/\/p2dm.salzburgresearch.at\/es\/wp-json\/wp\/v2\/comments?post=1580"}],"version-history":[{"count":2,"href":"https:\/\/p2dm.salzburgresearch.at\/es\/wp-json\/wp\/v2\/pages\/1580\/revisions"}],"predecessor-version":[{"id":1582,"href":"https:\/\/p2dm.salzburgresearch.at\/es\/wp-json\/wp\/v2\/pages\/1580\/revisions\/1582"}],"up":[{"embeddable":true,"href":"https:\/\/p2dm.salzburgresearch.at\/es\/wp-json\/wp\/v2\/pages\/1548"}],"wp:attachment":[{"href":"https:\/\/p2dm.salzburgresearch.at\/es\/wp-json\/wp\/v2\/media?parent=1580"}],"curies":[{"name":"wp","href":"https:\/\/api.w.org\/{rel}","templated":true}]}}