{"id":1577,"date":"2018-03-27T11:20:52","date_gmt":"2018-03-27T11:20:52","guid":{"rendered":"https:\/\/p2dm.salzburgresearch.at\/?page_id=1577"},"modified":"2018-03-27T11:20:52","modified_gmt":"2018-03-27T11:20:52","slug":"cetoacidosis","status":"publish","type":"page","link":"https:\/\/p2dm.salzburgresearch.at\/es\/experimentando-diabetes\/signos-de-alarma\/cetoacidosis\/","title":{"rendered":"Cetoacidosis"},"content":{"rendered":"<p><strong>Aumento de cetonas en la orina (cetoacidosis diab\u00e9tica)<\/strong><\/p>\n<p>La cetoacidosis diab\u00e9tica es una complicaci\u00f3n grave de la diabetes. Ocurre cuando su cuerpo produce altos niveles de \u00e1cidos en la sangre (cetonas). Su cuerpo no puede producir insulina, que desempe\u00f1a un papel clave para ayudar a que la glucosa sangu\u00ednea ingrese a sus c\u00e9lulas como fuente de energ\u00eda. Si no tienes suficiente insulina, tu cuerpo comienza a descomponer la grasa como fuente de energ\u00eda alternativa. Este proceso hace que los \u00e1cidos t\u00f3xicos (cetonas) circulen en el torrente sangu\u00edneo. Si no se trata esta condici\u00f3n puede conducir a la cetoacidosis diab\u00e9tica.<\/p>\n<p>Si tiene diabetes o est\u00e1 en riesgo de diabetes, debe reconocer los signos de advertencia de la cetoacidosis.<\/p>\n<p>Los signos y s\u00edntomas de la cetoacidosis diab\u00e9tica a menudo se desarrollan muy r\u00e1pidamente, a veces en 24 horas. Usted puede notar: sed excesiva, micci\u00f3n frecuente, n\u00e1useas y v\u00f3mitos, dolor abdominal, debilidad o fatiga, dificultad para respirar, aliento afrutaso y \/ o confusi\u00f3n.<\/p>\n<p>Los signos m\u00e1s espec\u00edficos de cetoacidosis diab\u00e9tica se pueden detectar a trav\u00e9s de pruebas domiciliarias e incluyen niveles altos de az\u00facar en la sangre (hiperglucemia) y niveles altos de cetonas en la orina.<\/p>\n<p>P\u00f3ngase en contacto con su m\u00e9dico de inmediato si:<\/p>\n<ul>\n<li>Est\u00e1 vomitando y no puede tolerar ning\u00fan alimento o l\u00edquido.<\/li>\n<li>Su nivel de az\u00facar en la sangre es m\u00e1s alto que su rango objetivo y no responde al tratamiento domiciliario.<\/li>\n<li>Su nivel de cetonas en la orina es moderado o alto.<\/li>\n<\/ul>\n<p>Busque atenci\u00f3n de emergencia si:<\/p>\n<ul>\n<li>Su nivel de az\u00facar en la sangre es consistentemente m\u00e1s alto que 300 mg \/ dL.<\/li>\n<li>Tiene cetonas en la orina y no puede contactar a su m\u00e9dico para que le aconseje.<\/li>\n<li>Tiene m\u00faltiples signos y s\u00edntomas de cetoacidosis diab\u00e9tica: sed excesiva o micci\u00f3n frecuente, n\u00e1useas y v\u00f3mitos, dolor abdominal, dificultad para respirar o confusi\u00f3n.<\/li>\n<\/ul>\n<p><strong>Recuerde, la cetoacidosis diab\u00e9tica no tratada puede ser fatal.<\/strong><\/p>\n","protected":false},"excerpt":{"rendered":"<p>Aumento de cetonas en la orina (cetoacidosis diab\u00e9tica) La cetoacidosis diab\u00e9tica es una complicaci\u00f3n grave de la diabetes. Ocurre cuando su cuerpo produce altos niveles de \u00e1cidos en la sangre (cetonas). Su cuerpo no puede producir insulina, que desempe\u00f1a un papel clave para ayudar a que la glucosa sangu\u00ednea ingrese a sus c\u00e9lulas como fuente [&hellip;]<\/p>\n","protected":false},"author":5,"featured_media":0,"parent":1548,"menu_order":2,"comment_status":"closed","ping_status":"open","template":"","meta":{"footnotes":""},"class_list":["post-1577","page","type-page","status-publish","hentry"],"_links":{"self":[{"href":"https:\/\/p2dm.salzburgresearch.at\/es\/wp-json\/wp\/v2\/pages\/1577","targetHints":{"allow":["GET"]}}],"collection":[{"href":"https:\/\/p2dm.salzburgresearch.at\/es\/wp-json\/wp\/v2\/pages"}],"about":[{"href":"https:\/\/p2dm.salzburgresearch.at\/es\/wp-json\/wp\/v2\/types\/page"}],"author":[{"embeddable":true,"href":"https:\/\/p2dm.salzburgresearch.at\/es\/wp-json\/wp\/v2\/users\/5"}],"replies":[{"embeddable":true,"href":"https:\/\/p2dm.salzburgresearch.at\/es\/wp-json\/wp\/v2\/comments?post=1577"}],"version-history":[{"count":2,"href":"https:\/\/p2dm.salzburgresearch.at\/es\/wp-json\/wp\/v2\/pages\/1577\/revisions"}],"predecessor-version":[{"id":1579,"href":"https:\/\/p2dm.salzburgresearch.at\/es\/wp-json\/wp\/v2\/pages\/1577\/revisions\/1579"}],"up":[{"embeddable":true,"href":"https:\/\/p2dm.salzburgresearch.at\/es\/wp-json\/wp\/v2\/pages\/1548"}],"wp:attachment":[{"href":"https:\/\/p2dm.salzburgresearch.at\/es\/wp-json\/wp\/v2\/media?parent=1577"}],"curies":[{"name":"wp","href":"https:\/\/api.w.org\/{rel}","templated":true}]}}