{"id":1573,"date":"2018-03-27T10:26:25","date_gmt":"2018-03-27T10:26:25","guid":{"rendered":"https:\/\/p2dm.salzburgresearch.at\/?page_id=1573"},"modified":"2018-03-27T10:26:25","modified_gmt":"2018-03-27T10:26:25","slug":"empleo","status":"publish","type":"page","link":"https:\/\/p2dm.salzburgresearch.at\/es\/experimentando-diabetes\/el-dia-a-dia-con-la-diabetes\/empleo\/","title":{"rendered":"Empleo"},"content":{"rendered":"<p>Es importante mostrar los entrevistadores que usted es la mejor persona para el trabajo, independientemente de su diabetes.<\/p>\n<p><strong>Buscando trabajo<\/strong><\/p>\n<p>Es ilegal que un contratante imponga una prohibici\u00f3n general sobre la contrataci\u00f3n de personas con diabetes. Algunos trabajos que implican trabajo de seguridad cr\u00edtica tendr\u00e1n requisitos de salud leg\u00edtimos que pueden excluir a algunas personas con ciertas afecciones m\u00e9dicas, incluida la diabetes.\u00a0Puede encontrar que si desarrolla diabetes , su jefe puede ofrecerle cambiar aspectos de su trabajo, por ejemplo, alterando sus \u00a0turno. Si ya no puede cumplir con los requisitos de salud de su trabajo, su jefe puede ofrecerle un trabajo diferente en la misma organizaci\u00f3n. Esto podr\u00eda ser sensato y puede valer la pena considerarlo.<br \/>\n<strong>Trabajo por turnos:<\/strong>\u00a0 las personas con diabetes no sol\u00edan \u00a0realizar turnos, pero las mejoras en las pruebas de glucosa en sangre y los reg\u00edmenes de insulina m\u00e1s flexibles implican que es menos probable que la diabetes sea un obst\u00e1culo.<\/p>\n<p>&nbsp;<\/p>\n<p>Puede encontrar m\u00e1s informaci\u00f3n al respecto <a href=\"https:\/\/www.fundaciondiabetes.org\/upload\/publicaciones_ficheros\/56\/Guia_DiabetesyTrabajo.pdf\">aqu\u00ed<\/a>.<\/p>\n","protected":false},"excerpt":{"rendered":"<p>Es importante mostrar los entrevistadores que usted es la mejor persona para el trabajo, independientemente de su diabetes. Buscando trabajo Es ilegal que un contratante imponga una prohibici\u00f3n general sobre la contrataci\u00f3n de personas con diabetes. Algunos trabajos que implican trabajo de seguridad cr\u00edtica tendr\u00e1n requisitos de salud leg\u00edtimos que pueden excluir a algunas personas [&hellip;]<\/p>\n","protected":false},"author":5,"featured_media":0,"parent":1537,"menu_order":2,"comment_status":"closed","ping_status":"open","template":"","meta":{"footnotes":""},"class_list":["post-1573","page","type-page","status-publish","hentry"],"_links":{"self":[{"href":"https:\/\/p2dm.salzburgresearch.at\/es\/wp-json\/wp\/v2\/pages\/1573","targetHints":{"allow":["GET"]}}],"collection":[{"href":"https:\/\/p2dm.salzburgresearch.at\/es\/wp-json\/wp\/v2\/pages"}],"about":[{"href":"https:\/\/p2dm.salzburgresearch.at\/es\/wp-json\/wp\/v2\/types\/page"}],"author":[{"embeddable":true,"href":"https:\/\/p2dm.salzburgresearch.at\/es\/wp-json\/wp\/v2\/users\/5"}],"replies":[{"embeddable":true,"href":"https:\/\/p2dm.salzburgresearch.at\/es\/wp-json\/wp\/v2\/comments?post=1573"}],"version-history":[{"count":2,"href":"https:\/\/p2dm.salzburgresearch.at\/es\/wp-json\/wp\/v2\/pages\/1573\/revisions"}],"predecessor-version":[{"id":1575,"href":"https:\/\/p2dm.salzburgresearch.at\/es\/wp-json\/wp\/v2\/pages\/1573\/revisions\/1575"}],"up":[{"embeddable":true,"href":"https:\/\/p2dm.salzburgresearch.at\/es\/wp-json\/wp\/v2\/pages\/1537"}],"wp:attachment":[{"href":"https:\/\/p2dm.salzburgresearch.at\/es\/wp-json\/wp\/v2\/media?parent=1573"}],"curies":[{"name":"wp","href":"https:\/\/api.w.org\/{rel}","templated":true}]}}