{"id":1567,"date":"2018-03-26T11:28:18","date_gmt":"2018-03-26T11:28:18","guid":{"rendered":"https:\/\/p2dm.salzburgresearch.at\/?page_id=1567"},"modified":"2018-03-26T11:28:18","modified_gmt":"2018-03-26T11:28:18","slug":"embarazo","status":"publish","type":"page","link":"https:\/\/p2dm.salzburgresearch.at\/es\/experimentando-diabetes\/el-dia-a-dia-con-la-diabetes\/embarazo\/","title":{"rendered":"Embarazo"},"content":{"rendered":"<p>Tener hijos es una gran decisi\u00f3n para cualquiera. Sin embargo, si usted es una mujer que tiene diabetes, es una decisi\u00f3n que requiere mucho m\u00e1s reflexi\u00f3n y una planificaci\u00f3n cuidadosa.<\/p>\n<p>Muchas mujeres que tienen diabetes (tipo 1, tipo 2 y diabetes gestacional) tienen embarazos saludables y beb\u00e9s sanos. Pero esto no quiere decir que sea una experiencia f\u00e1cil, requiere mucho trabajo y dedicaci\u00f3n de su parte. Si planea tener un beb\u00e9 o cree que est\u00e1 embarazada, es vital que hable con su m\u00e9dico.<\/p>\n<p>Si tiene diabetes y est\u00e1 pensando en quedar embarazada, es vital que consulte a su medico d para obtener consejos sobre c\u00f3mo planificar el embarazo.<\/p>\n<p>Es una buena idea que sepa qu\u00e9 pruebas y tratamiento esperar y qu\u00e9 puede hacer para que su embarazo tenga un comienzo saludable.<\/p>\n<p><strong>Mantenga su glucosa en sangre en el objetivo<\/strong>.<\/p>\n<p>Puede aumentar sus posibilidades de tener un beb\u00e9 saludable manteniendo el control de la glucosa en sangre antes de la concepci\u00f3n y durante todo el embarazo. Las primeras ocho semanas son particularmente importantes para el desarrollo f\u00edsico de su beb\u00e9.<\/p>\n<p><strong>Haga que revisen sus ojos<\/strong><\/p>\n<p>El embarazo puede ejercer una presi\u00f3n adicional sobre los vasos peque\u00f1os en sus ojos, por lo que si tiene una retinopat\u00eda que no ha sido tratada, aseg\u00farese de que sea tratada antes de quedar embarazada.<\/p>\n<p><strong>Revise sus medicamentos<\/strong><\/p>\n<p>Algunos medicamentos utilizados en el tratamiento de la diabetes NO deben tomarlos las mujeres embarazadas. Si toma una estatina, un inhibidor de la ECA o similares para la presi\u00f3n arterial, debe informar a su m\u00e9dico si planea quedar embarazada o si est\u00e1 embarazada, ya que pueden da\u00f1ar el desarrollo de su beb\u00e9.<\/p>\n<p>Algunos medicamentos para la diabetes Tipo 2 no deben tomarse durante el embarazo porque pueden da\u00f1ar a su beb\u00e9. Es posible que deba cambiar a las inyecciones de insulina para controlar su glucosa en sangre, pero generalmente puede regresar a las tabletas despu\u00e9s del embarazo. Su m\u00e9dico le indicar\u00e1 si necesita cambiar su medicamento o no.<\/p>\n<p>Comience a tomar 5 mg de \u00e1cido f\u00f3lico \u00a0para ayudar a prevenir los defectos del tubo neural. Este deber\u00e1 ser recetado por su m\u00e9dico<\/p>\n<p>Evite el alcohol mientras intenta concebir.<\/p>\n<p><strong>Diabetes gestacional<\/strong><\/p>\n<p>La diabetes mellitus gestacional \u00a0es un tipo de diabetes que surge durante el embarazo (generalmente durante el segundo o tercer trimestre). En algunas mujeres, \u00a0ocurre porque el cuerpo no puede producir suficiente insulina para satisfacer las necesidades adicionales del embarazo. En otras mujeres, \u00a0se puede encontrar durante el primer trimestre del embarazo. En estas mujeres, la condici\u00f3n probablemente existi\u00f3 antes del embarazo.<\/p>\n<p>Se usa una prueba oral de tolerancia a la glucosa para diagnosticarla<\/p>\n<p align=\"left\">\n","protected":false},"excerpt":{"rendered":"<p>Tener hijos es una gran decisi\u00f3n para cualquiera. Sin embargo, si usted es una mujer que tiene diabetes, es una decisi\u00f3n que requiere mucho m\u00e1s reflexi\u00f3n y una planificaci\u00f3n cuidadosa. Muchas mujeres que tienen diabetes (tipo 1, tipo 2 y diabetes gestacional) tienen embarazos saludables y beb\u00e9s sanos. Pero esto no quiere decir que sea [&hellip;]<\/p>\n","protected":false},"author":5,"featured_media":0,"parent":1537,"menu_order":6,"comment_status":"closed","ping_status":"open","template":"","meta":{"footnotes":""},"class_list":["post-1567","page","type-page","status-publish","hentry"],"_links":{"self":[{"href":"https:\/\/p2dm.salzburgresearch.at\/es\/wp-json\/wp\/v2\/pages\/1567","targetHints":{"allow":["GET"]}}],"collection":[{"href":"https:\/\/p2dm.salzburgresearch.at\/es\/wp-json\/wp\/v2\/pages"}],"about":[{"href":"https:\/\/p2dm.salzburgresearch.at\/es\/wp-json\/wp\/v2\/types\/page"}],"author":[{"embeddable":true,"href":"https:\/\/p2dm.salzburgresearch.at\/es\/wp-json\/wp\/v2\/users\/5"}],"replies":[{"embeddable":true,"href":"https:\/\/p2dm.salzburgresearch.at\/es\/wp-json\/wp\/v2\/comments?post=1567"}],"version-history":[{"count":2,"href":"https:\/\/p2dm.salzburgresearch.at\/es\/wp-json\/wp\/v2\/pages\/1567\/revisions"}],"predecessor-version":[{"id":1569,"href":"https:\/\/p2dm.salzburgresearch.at\/es\/wp-json\/wp\/v2\/pages\/1567\/revisions\/1569"}],"up":[{"embeddable":true,"href":"https:\/\/p2dm.salzburgresearch.at\/es\/wp-json\/wp\/v2\/pages\/1537"}],"wp:attachment":[{"href":"https:\/\/p2dm.salzburgresearch.at\/es\/wp-json\/wp\/v2\/media?parent=1567"}],"curies":[{"name":"wp","href":"https:\/\/api.w.org\/{rel}","templated":true}]}}