{"id":1560,"date":"2018-03-26T11:18:00","date_gmt":"2018-03-26T11:18:00","guid":{"rendered":"https:\/\/p2dm.salzburgresearch.at\/?page_id=1560"},"modified":"2018-03-26T11:18:00","modified_gmt":"2018-03-26T11:18:00","slug":"problemas-por-la-hipoglucemia","status":"publish","type":"page","link":"https:\/\/p2dm.salzburgresearch.at\/es\/experimentando-diabetes\/signos-de-alarma\/problemas-por-la-hipoglucemia\/","title":{"rendered":"Problemas por la hipoglucemia"},"content":{"rendered":"<p><strong>Nivel bajo de az\u00facar en la sangre (hipoglucemia)<\/strong><\/p>\n<p>La hipoglucemia es causada por niveles anormalmente bajos de az\u00facar en la sangre (es decir, inferiores a 70 mg \/ dl). La hipoglucemia tambi\u00e9n puede ocurrir por administrarse insulina.<\/p>\n<p>Los s\u00edntomas son importantes para detectar que tiene hipoglucemia, pero todas las personas pueden reaccionar de diferentes maneras. Tenga en cuenta sus s\u00edntomas individuales a niveles bajos de glucosa en sangre. Para asegurarse de tener hipoglucemia, debe medir su nivel de glucosa en sangre. Si no puede hacerlo por cualquier motivo, pero sospecha que lo tiene, debe seguir el tratamiento para la hipoglucemia.<\/p>\n<p><strong>La hipoglucemia severa puede causar accidentes, lesiones, coma e incluso la muerte.<\/strong><\/p>\n<p>Algunos s\u00edntomas comunes de la hipoglucemia son: temblores, nerviosismo o ansiedad, sudoraci\u00f3n, escalofr\u00edos y ardor, irritabilidad o impaciencia, confusi\u00f3n, latidos acelerados, mareos, hambre y n\u00e1useas, somnolencia, visi\u00f3n borrosa, hormigueo o entumecimiento en los labios o la lengua, dolores de cabeza, debilidad o fatiga, enojo o tristeza, falta de coordinaci\u00f3n, pesadillas o gritos durante el sue\u00f1o, convulsiones o p\u00e9rdida del conocimiento.<\/p>\n<p>Encuentre m\u00e1s informaci\u00f3n sobre la hipoglucemia<\/p>\n<p align=\"left\"><a href=\"http:\/\/empowerpatient.wordpress.com\/diabetes\/measuring\/4\/\">here.<\/a><\/p>\n","protected":false},"excerpt":{"rendered":"<p>Nivel bajo de az\u00facar en la sangre (hipoglucemia) La hipoglucemia es causada por niveles anormalmente bajos de az\u00facar en la sangre (es decir, inferiores a 70 mg \/ dl). La hipoglucemia tambi\u00e9n puede ocurrir por administrarse insulina. Los s\u00edntomas son importantes para detectar que tiene hipoglucemia, pero todas las personas pueden reaccionar de diferentes maneras. [&hellip;]<\/p>\n","protected":false},"author":5,"featured_media":0,"parent":1548,"menu_order":4,"comment_status":"closed","ping_status":"open","template":"","meta":{"footnotes":""},"class_list":["post-1560","page","type-page","status-publish","hentry"],"_links":{"self":[{"href":"https:\/\/p2dm.salzburgresearch.at\/es\/wp-json\/wp\/v2\/pages\/1560","targetHints":{"allow":["GET"]}}],"collection":[{"href":"https:\/\/p2dm.salzburgresearch.at\/es\/wp-json\/wp\/v2\/pages"}],"about":[{"href":"https:\/\/p2dm.salzburgresearch.at\/es\/wp-json\/wp\/v2\/types\/page"}],"author":[{"embeddable":true,"href":"https:\/\/p2dm.salzburgresearch.at\/es\/wp-json\/wp\/v2\/users\/5"}],"replies":[{"embeddable":true,"href":"https:\/\/p2dm.salzburgresearch.at\/es\/wp-json\/wp\/v2\/comments?post=1560"}],"version-history":[{"count":2,"href":"https:\/\/p2dm.salzburgresearch.at\/es\/wp-json\/wp\/v2\/pages\/1560\/revisions"}],"predecessor-version":[{"id":1562,"href":"https:\/\/p2dm.salzburgresearch.at\/es\/wp-json\/wp\/v2\/pages\/1560\/revisions\/1562"}],"up":[{"embeddable":true,"href":"https:\/\/p2dm.salzburgresearch.at\/es\/wp-json\/wp\/v2\/pages\/1548"}],"wp:attachment":[{"href":"https:\/\/p2dm.salzburgresearch.at\/es\/wp-json\/wp\/v2\/media?parent=1560"}],"curies":[{"name":"wp","href":"https:\/\/api.w.org\/{rel}","templated":true}]}}