{"id":1548,"date":"2018-03-26T11:03:40","date_gmt":"2018-03-26T11:03:40","guid":{"rendered":"https:\/\/p2dm.salzburgresearch.at\/?page_id=1548"},"modified":"2018-05-07T08:39:06","modified_gmt":"2018-05-07T08:39:06","slug":"signos-de-alarma","status":"publish","type":"page","link":"https:\/\/p2dm.salzburgresearch.at\/es\/experimentando-diabetes\/signos-de-alarma\/","title":{"rendered":"Signos de alarma"},"content":{"rendered":"<p align=\"left\">Cuando padece diabetes, corre el riesgo de posibles complicaciones. Es importante conocer las causas y los s\u00edntomas a los que debe prestar atenci\u00f3n, y poder juzgar la gravedad de su situaci\u00f3n. Este cap\u00edtulo le ayudar\u00e1 a reconocer la posible situaci\u00f3n grave en la que ser\u00eda aconsejable pedir ayuda m\u00e9dica \u00a0de inmediato.<\/p>\n<p>&nbsp;<\/p>\n","protected":false},"excerpt":{"rendered":"<p>Cuando padece diabetes, corre el riesgo de posibles complicaciones. Es importante conocer las causas y los s\u00edntomas a los que debe prestar atenci\u00f3n, y poder juzgar la gravedad de su situaci\u00f3n. Este cap\u00edtulo le ayudar\u00e1 a reconocer la posible situaci\u00f3n grave en la que ser\u00eda aconsejable pedir ayuda m\u00e9dica \u00a0de inmediato. &nbsp;<\/p>\n","protected":false},"author":5,"featured_media":0,"parent":1345,"menu_order":3,"comment_status":"closed","ping_status":"closed","template":"","meta":{"footnotes":""},"class_list":["post-1548","page","type-page","status-publish","hentry"],"_links":{"self":[{"href":"https:\/\/p2dm.salzburgresearch.at\/es\/wp-json\/wp\/v2\/pages\/1548","targetHints":{"allow":["GET"]}}],"collection":[{"href":"https:\/\/p2dm.salzburgresearch.at\/es\/wp-json\/wp\/v2\/pages"}],"about":[{"href":"https:\/\/p2dm.salzburgresearch.at\/es\/wp-json\/wp\/v2\/types\/page"}],"author":[{"embeddable":true,"href":"https:\/\/p2dm.salzburgresearch.at\/es\/wp-json\/wp\/v2\/users\/5"}],"replies":[{"embeddable":true,"href":"https:\/\/p2dm.salzburgresearch.at\/es\/wp-json\/wp\/v2\/comments?post=1548"}],"version-history":[{"count":1,"href":"https:\/\/p2dm.salzburgresearch.at\/es\/wp-json\/wp\/v2\/pages\/1548\/revisions"}],"predecessor-version":[{"id":1549,"href":"https:\/\/p2dm.salzburgresearch.at\/es\/wp-json\/wp\/v2\/pages\/1548\/revisions\/1549"}],"up":[{"embeddable":true,"href":"https:\/\/p2dm.salzburgresearch.at\/es\/wp-json\/wp\/v2\/pages\/1345"}],"wp:attachment":[{"href":"https:\/\/p2dm.salzburgresearch.at\/es\/wp-json\/wp\/v2\/media?parent=1548"}],"curies":[{"name":"wp","href":"https:\/\/api.w.org\/{rel}","templated":true}]}}