{"id":1545,"date":"2018-03-26T10:47:33","date_gmt":"2018-03-26T10:47:33","guid":{"rendered":"https:\/\/p2dm.salzburgresearch.at\/?page_id=1545"},"modified":"2018-03-26T10:47:33","modified_gmt":"2018-03-26T10:47:33","slug":"ansiedad-por-los-pinchazos","status":"publish","type":"page","link":"https:\/\/p2dm.salzburgresearch.at\/es\/experimentando-diabetes\/el-dia-a-dia-con-la-diabetes\/ansiedad-por-los-pinchazos\/","title":{"rendered":"Ansiedad por los pinchazos"},"content":{"rendered":"<p>Ansiedad por los pinchazos: inyecci\u00f3n de insulina en p\u00fablico<\/p>\n<p>\u00bfTiene ansiedad \u00a0cuando se trata de inyectarse insulina delante de otras personas? \u00bfCorres al ba\u00f1o y te pones r\u00e1pidamente tu insulina cuando llega tu comida ? \u00bfCorre el riesgo de tener hipoglucemia (bajo nivel de glucosa en sangre) porque toma su insulina antes de ir al restaurante (demasiado temprano) y la insulina est\u00e1 funcionando antes de que se sirva la cena?<\/p>\n<p>O bien, se siente c\u00f3modo con el control de la diabetes y se da cuenta de que es mejor ponerse su insulina r\u00e1pida cuando llega el alimento para una cobertura adecuada.<\/p>\n<p>Lea en las siguientes experiencias de \u00a0otros pacientes:<\/p>\n<p>&#8220;S\u00ed, me pongo insulina en un restaurante, aunque solo en los \u00faltimos a\u00f1os he comenzado a hacerlo. Me parece que si se hace de forma discreta, ni siquiera lo notan los dem\u00e1s. Generalmente les pregunto a la gente de mi mesa si les molesta, o les sugiero que miren para otro lado, pero nunca he tenido un comentario o notado una reacci\u00f3n extra\u00f1a de los dem\u00e1s en un restaurante. Por otro lado, cuando utilizo el ba\u00f1o, a menudo recibo comentarios (generalmente &#8220;\u00bfes eso insulina?&#8221;, O &#8220;mi hermano tiene diabetes&#8221; o algo as\u00ed). De todos modos, he tenido diabetes durante 44 a\u00f1os y son solo los \u00faltimos 10 a\u00f1os m\u00e1s o menos en los que me administr\u00e9 insulina en la mesa, o en un banco del parque, o en alg\u00fan otro lugar p\u00fablico, y nunca tuve problemas para hacerlo &#8220;.<\/p>\n<p>-Mart\u00edn.<\/p>\n<p>&#8220;Sol\u00eda \u200b\u200bcorrer al ba\u00f1o, pero finalmente lo supere. Ahora solo me administro insulina en la mesa. La mayor\u00eda de mis amigos simplemente lo ignoran y no dicen nada. Mi madre se enfada un poco y se ofrece a ir al ba\u00f1o conmigo, pero yo digo que no y lo hago en la mesa. Aunque nunca vi a nadie m\u00e1s haci\u00e9ndolo. Hace unas semana me encontraba en un centro comercial y finalmente vi a alguien m\u00e1s haci\u00e9ndolo. \u00a1Me hizo sentir tan bien saber que no estoy solo!<\/p>\n<p>&#8211; Juan<\/p>\n<p>&#8220;La primera vez que como con una persona,le explico que tengo que administrarme insulina y les pregunto si est\u00e1n c\u00f3modos. Si no, espero hasta que llegue mi comida. Nunca nadie me ha dicho que se sintiera inc\u00f3modo. Aunque, una vez, mientras com\u00eda solo en una feria de alimentos, me administr\u00e9 mi dosis, com\u00ed y mientras com\u00eda un guardia de seguridad se acerc\u00f3 a mi. Me mir\u00f3, lo mir\u00e9, mir\u00f3 a su alrededor y luego se fue. Me llev\u00f3 un momento darme cuenta de que alguien hab\u00eda denunciado a un drogodependiente , y dado que soy una mujer de mediana edad y con sobrepeso, no coincid\u00eda con su imagen de adicto. Fue divertido, pero claramente se requiere algo de educaci\u00f3n &#8220;.<\/p>\n<p>-Carmen<\/p>\n","protected":false},"excerpt":{"rendered":"<p>Ansiedad por los pinchazos: inyecci\u00f3n de insulina en p\u00fablico \u00bfTiene ansiedad \u00a0cuando se trata de inyectarse insulina delante de otras personas? \u00bfCorres al ba\u00f1o y te pones r\u00e1pidamente tu insulina cuando llega tu comida ? \u00bfCorre el riesgo de tener hipoglucemia (bajo nivel de glucosa en sangre) porque toma su insulina antes de ir al [&hellip;]<\/p>\n","protected":false},"author":5,"featured_media":0,"parent":1537,"menu_order":1,"comment_status":"closed","ping_status":"open","template":"","meta":{"footnotes":""},"class_list":["post-1545","page","type-page","status-publish","hentry"],"_links":{"self":[{"href":"https:\/\/p2dm.salzburgresearch.at\/es\/wp-json\/wp\/v2\/pages\/1545","targetHints":{"allow":["GET"]}}],"collection":[{"href":"https:\/\/p2dm.salzburgresearch.at\/es\/wp-json\/wp\/v2\/pages"}],"about":[{"href":"https:\/\/p2dm.salzburgresearch.at\/es\/wp-json\/wp\/v2\/types\/page"}],"author":[{"embeddable":true,"href":"https:\/\/p2dm.salzburgresearch.at\/es\/wp-json\/wp\/v2\/users\/5"}],"replies":[{"embeddable":true,"href":"https:\/\/p2dm.salzburgresearch.at\/es\/wp-json\/wp\/v2\/comments?post=1545"}],"version-history":[{"count":2,"href":"https:\/\/p2dm.salzburgresearch.at\/es\/wp-json\/wp\/v2\/pages\/1545\/revisions"}],"predecessor-version":[{"id":1547,"href":"https:\/\/p2dm.salzburgresearch.at\/es\/wp-json\/wp\/v2\/pages\/1545\/revisions\/1547"}],"up":[{"embeddable":true,"href":"https:\/\/p2dm.salzburgresearch.at\/es\/wp-json\/wp\/v2\/pages\/1537"}],"wp:attachment":[{"href":"https:\/\/p2dm.salzburgresearch.at\/es\/wp-json\/wp\/v2\/media?parent=1545"}],"curies":[{"name":"wp","href":"https:\/\/api.w.org\/{rel}","templated":true}]}}