{"id":1541,"date":"2018-03-24T19:09:00","date_gmt":"2018-03-24T19:09:00","guid":{"rendered":"https:\/\/p2dm.salzburgresearch.at\/?page_id=1541"},"modified":"2018-03-24T19:09:00","modified_gmt":"2018-03-24T19:09:00","slug":"enlaces","status":"publish","type":"page","link":"https:\/\/p2dm.salzburgresearch.at\/es\/enlaces\/","title":{"rendered":"Enlaces"},"content":{"rendered":"<p><strong>Foro e informaci\u00f3n para pacientes diab\u00e9ticos. <\/strong><\/p>\n<p><a href=\"https:\/\/www.fedesp.es\/portal\/portada_dir\/portada.aspx?idportal=1\">Foro Federaci\u00f3n espa\u00f1ola de diabetes.<\/a><\/p>\n<p><a href=\"http:\/\/www.fundaciondiabetes.org\/experto\">Fundaci\u00f3n para la diabetes. Consulta al experto.<\/a><\/p>\n<p>&nbsp;<\/p>\n","protected":false},"excerpt":{"rendered":"<p>Foro e informaci\u00f3n para pacientes diab\u00e9ticos. Foro Federaci\u00f3n espa\u00f1ola de diabetes. Fundaci\u00f3n para la diabetes. Consulta al experto. &nbsp;<\/p>\n","protected":false},"author":5,"featured_media":0,"parent":0,"menu_order":0,"comment_status":"closed","ping_status":"closed","template":"","meta":{"footnotes":""},"class_list":["post-1541","page","type-page","status-publish","hentry"],"_links":{"self":[{"href":"https:\/\/p2dm.salzburgresearch.at\/es\/wp-json\/wp\/v2\/pages\/1541","targetHints":{"allow":["GET"]}}],"collection":[{"href":"https:\/\/p2dm.salzburgresearch.at\/es\/wp-json\/wp\/v2\/pages"}],"about":[{"href":"https:\/\/p2dm.salzburgresearch.at\/es\/wp-json\/wp\/v2\/types\/page"}],"author":[{"embeddable":true,"href":"https:\/\/p2dm.salzburgresearch.at\/es\/wp-json\/wp\/v2\/users\/5"}],"replies":[{"embeddable":true,"href":"https:\/\/p2dm.salzburgresearch.at\/es\/wp-json\/wp\/v2\/comments?post=1541"}],"version-history":[{"count":1,"href":"https:\/\/p2dm.salzburgresearch.at\/es\/wp-json\/wp\/v2\/pages\/1541\/revisions"}],"predecessor-version":[{"id":1542,"href":"https:\/\/p2dm.salzburgresearch.at\/es\/wp-json\/wp\/v2\/pages\/1541\/revisions\/1542"}],"wp:attachment":[{"href":"https:\/\/p2dm.salzburgresearch.at\/es\/wp-json\/wp\/v2\/media?parent=1541"}],"curies":[{"name":"wp","href":"https:\/\/api.w.org\/{rel}","templated":true}]}}