{"id":1537,"date":"2018-03-24T18:52:49","date_gmt":"2018-03-24T18:52:49","guid":{"rendered":"https:\/\/p2dm.salzburgresearch.at\/?page_id=1537"},"modified":"2018-05-07T08:38:03","modified_gmt":"2018-05-07T08:38:03","slug":"el-dia-a-dia-con-la-diabetes","status":"publish","type":"page","link":"https:\/\/p2dm.salzburgresearch.at\/es\/experimentando-diabetes\/el-dia-a-dia-con-la-diabetes\/","title":{"rendered":"El d\u00eda a d\u00eda con la diabetes"},"content":{"rendered":"<p>Vivir con diabetes, si bien puede ser sobrellevado de manera efectiva, puede ser dif\u00edcil a veces. Cada d\u00eda es un nuevo obst\u00e1culo con desaf\u00edos \u00fanicos que debe enfrentar.<\/p>\n<p>En esta secci\u00f3n, encontrar\u00e1 una serie de consejos y contenido especializado para ayudarlo afrontar estos desaf\u00edos de manera efectiva y disfrutar de su vida.<\/p>\n","protected":false},"excerpt":{"rendered":"<p>Vivir con diabetes, si bien puede ser sobrellevado de manera efectiva, puede ser dif\u00edcil a veces. Cada d\u00eda es un nuevo obst\u00e1culo con desaf\u00edos \u00fanicos que debe enfrentar. En esta secci\u00f3n, encontrar\u00e1 una serie de consejos y contenido especializado para ayudarlo afrontar estos desaf\u00edos de manera efectiva y disfrutar de su vida.<\/p>\n","protected":false},"author":5,"featured_media":0,"parent":1345,"menu_order":2,"comment_status":"closed","ping_status":"closed","template":"","meta":{"footnotes":""},"class_list":["post-1537","page","type-page","status-publish","hentry"],"_links":{"self":[{"href":"https:\/\/p2dm.salzburgresearch.at\/es\/wp-json\/wp\/v2\/pages\/1537","targetHints":{"allow":["GET"]}}],"collection":[{"href":"https:\/\/p2dm.salzburgresearch.at\/es\/wp-json\/wp\/v2\/pages"}],"about":[{"href":"https:\/\/p2dm.salzburgresearch.at\/es\/wp-json\/wp\/v2\/types\/page"}],"author":[{"embeddable":true,"href":"https:\/\/p2dm.salzburgresearch.at\/es\/wp-json\/wp\/v2\/users\/5"}],"replies":[{"embeddable":true,"href":"https:\/\/p2dm.salzburgresearch.at\/es\/wp-json\/wp\/v2\/comments?post=1537"}],"version-history":[{"count":2,"href":"https:\/\/p2dm.salzburgresearch.at\/es\/wp-json\/wp\/v2\/pages\/1537\/revisions"}],"predecessor-version":[{"id":1539,"href":"https:\/\/p2dm.salzburgresearch.at\/es\/wp-json\/wp\/v2\/pages\/1537\/revisions\/1539"}],"up":[{"embeddable":true,"href":"https:\/\/p2dm.salzburgresearch.at\/es\/wp-json\/wp\/v2\/pages\/1345"}],"wp:attachment":[{"href":"https:\/\/p2dm.salzburgresearch.at\/es\/wp-json\/wp\/v2\/media?parent=1537"}],"curies":[{"name":"wp","href":"https:\/\/api.w.org\/{rel}","templated":true}]}}