{"id":1530,"date":"2018-03-24T16:54:44","date_gmt":"2018-03-24T16:54:44","guid":{"rendered":"https:\/\/p2dm.salzburgresearch.at\/?page_id=1530"},"modified":"2018-05-07T08:37:21","modified_gmt":"2018-05-07T08:37:21","slug":"lidiar-con-tus-emociones","status":"publish","type":"page","link":"https:\/\/p2dm.salzburgresearch.at\/es\/experimentando-diabetes\/lidiar-con-tus-emociones\/","title":{"rendered":"Lidiar con tus emociones"},"content":{"rendered":"<p>Inmediatamente despu\u00e9s del diagn\u00f3stico, o durante el curso de su enfermedad, puede experimentar muchas emociones diferentes. Este no es un aspecto secundario de tu vida. En esta secci\u00f3n leer\u00e1 lo importante que es conocer sus sentimientos y buscar cualquier tipo de apoyo durante el curso de su enfermedad.<\/p>\n<p style=\"text-align: center;\"><strong>Las emociones son importantes<\/strong><\/p>\n<p style=\"text-align: center;\">&#8220;Despu\u00e9s de saber que tiene diabetes, es posible que se sienta enojado, asustado o deprimido. Estos sentimientos son normales, comprensibles y manejables. Para las personas con diabetes, el estr\u00e9s y las emociones como la ira, el miedo, la frustraci\u00f3n y la depresi\u00f3n pueden afectar los niveles de az\u00facar en sangre. Por esta raz\u00f3n, es importante aprender maneras efectivas de lidiar con estos sentimientos. No trates de esconder o reprimir tus emociones; estos son parte normal de la vida y parte del trabajo que tendr\u00e1s que manejar para controlar tu condici\u00f3n &#8220;. Lorig<\/p>\n<p>Ser diab\u00e9tico provoca muchos sentimientos, algunos de ellos no son agradables. Aqu\u00ed hay algunos consejos b\u00e1sicos sobre c\u00f3mo expresar estos sentimientos de una manera positiva y constructiva.<\/p>\n<p><strong>Siempre muestre respeto y consideraci\u00f3n por los dem\u00e1s<\/strong>. Trate de no predicar o ser exigente, y evite degradar o culpar a comentarios tales como &#8220;\u00bfPor qu\u00e9 siempre arruina mis planes?&#8221; El uso de la palabra &#8220;usted&#8221; es una pista que su comunicaci\u00f3n podr\u00eda estar culpando.<\/p>\n<p><strong>S\u00e9 claro.<\/strong> Describe una situaci\u00f3n espec\u00edfica o tus observaciones usando los hechos. Evite palabras como &#8220;siempre&#8221; o &#8220;nunca&#8221;.<\/p>\n<p><strong>Pon a prueba tus suposiciones verbalmente pidiendo una aclaraci\u00f3n.<\/strong> Recuerde que las suposiciones son a menudo el lugar donde las buenas comunicaci\u00f3n se rompe. Una se\u00f1al de que est\u00e1s haciendo suposiciones es cuando est\u00e1s pensando &#8220;\u00e9l o ella deber\u00eda saber &#8230;&#8221;<\/p>\n<p><strong>Sea abierto y honesto acerca de sus sentimientos.<\/strong><\/p>\n<p><strong>Acepta los sentimientos de los dem\u00e1s e intenta comprenderlos.<\/strong> Esto no siempre es f\u00e1cil. A veces necesitas pensar en lo que se ha dicho. En lugar de responder de inmediato, recuerde que siempre es aceptable usar &#8220;Yo entiendo&#8221; o &#8220;No entiendo completamente&#8221;. \u00bfPodr\u00edas explicar algo m\u00e1s?<\/p>\n<p><strong>S\u00e9 discreto y amable.<\/strong> Puedes hacer esto evitando el sarcasmo y culpar.<\/p>\n<p><strong>Tomate las cosas con humor, <\/strong>pero al mismo tiempo, aprende a actuar seriamente cuando corresponde.<\/p>\n<p><strong>Tenga cuidado de no convertirse en una v\u00edctima, al no expresar sus necesidades y sentimientos, y luego esperar que los dem\u00e1s act\u00faen de la manera que usted piensa que &#8220;deber\u00edan&#8221; actuar<\/strong>. Adem\u00e1s, no deber\u00edas tener que disculparte todo el tiempo por tus sentimientos, pero si lo que dijiste o hiciste ha lastimado a la otra persona, entonces debes disculparte.<\/p>\n<p><strong>Finalmente, convi\u00e9rtete en una persona con buena capacidad para escuchar a los dem\u00e1s<\/strong><\/p>\n","protected":false},"excerpt":{"rendered":"<p>Inmediatamente despu\u00e9s del diagn\u00f3stico, o durante el curso de su enfermedad, puede experimentar muchas emociones diferentes. Este no es un aspecto secundario de tu vida. En esta secci\u00f3n leer\u00e1 lo importante que es conocer sus sentimientos y buscar cualquier tipo de apoyo durante el curso de su enfermedad. Las emociones son importantes &#8220;Despu\u00e9s de saber [&hellip;]<\/p>\n","protected":false},"author":5,"featured_media":0,"parent":1345,"menu_order":1,"comment_status":"closed","ping_status":"open","template":"","meta":{"footnotes":""},"class_list":["post-1530","page","type-page","status-publish","hentry"],"_links":{"self":[{"href":"https:\/\/p2dm.salzburgresearch.at\/es\/wp-json\/wp\/v2\/pages\/1530","targetHints":{"allow":["GET"]}}],"collection":[{"href":"https:\/\/p2dm.salzburgresearch.at\/es\/wp-json\/wp\/v2\/pages"}],"about":[{"href":"https:\/\/p2dm.salzburgresearch.at\/es\/wp-json\/wp\/v2\/types\/page"}],"author":[{"embeddable":true,"href":"https:\/\/p2dm.salzburgresearch.at\/es\/wp-json\/wp\/v2\/users\/5"}],"replies":[{"embeddable":true,"href":"https:\/\/p2dm.salzburgresearch.at\/es\/wp-json\/wp\/v2\/comments?post=1530"}],"version-history":[{"count":2,"href":"https:\/\/p2dm.salzburgresearch.at\/es\/wp-json\/wp\/v2\/pages\/1530\/revisions"}],"predecessor-version":[{"id":1532,"href":"https:\/\/p2dm.salzburgresearch.at\/es\/wp-json\/wp\/v2\/pages\/1530\/revisions\/1532"}],"up":[{"embeddable":true,"href":"https:\/\/p2dm.salzburgresearch.at\/es\/wp-json\/wp\/v2\/pages\/1345"}],"wp:attachment":[{"href":"https:\/\/p2dm.salzburgresearch.at\/es\/wp-json\/wp\/v2\/media?parent=1530"}],"curies":[{"name":"wp","href":"https:\/\/api.w.org\/{rel}","templated":true}]}}