{"id":1527,"date":"2018-03-24T16:46:49","date_gmt":"2018-03-24T16:46:49","guid":{"rendered":"https:\/\/p2dm.salzburgresearch.at\/?page_id=1527"},"modified":"2018-03-24T16:46:49","modified_gmt":"2018-03-24T16:46:49","slug":"el-camino-por-su-enfermedad","status":"publish","type":"page","link":"https:\/\/p2dm.salzburgresearch.at\/es\/experimentando-diabetes\/lidiar-con-tus-emociones\/el-camino-por-su-enfermedad\/","title":{"rendered":"El camino por su enfermedad"},"content":{"rendered":"<p><strong>Durante el curso de la enfermedad<\/strong><\/p>\n<p>Usted ha sido desafiado con el diagn\u00f3stico de diabetes. El diagn\u00f3stico puede ser nuevo o antiguo, sin embargo, esto puede llevarle a tener muchas emociones diferentes. Usted no es el \u00fanico que experimenta dolor, ansiedad, frustraci\u00f3n y desilusi\u00f3n. Es una respuesta humana natural a lo que est\u00e1 viviendo, y lo mismo le sucede a muchas otras personas en su situaci\u00f3n, especialmente cuando es el caso de un primer diagn\u00f3stico.<\/p>\n<p><strong>Un patr\u00f3n de emociones<\/strong><\/p>\n<p>El patr\u00f3n habitual de estas emociones es similar y se asemeja a la respuesta que experimentamos por una p\u00e9rdida. Como primera respuesta, puede negar f\u00e1cilmente (&#8220;No puede ser as\u00ed&#8221;, &#8220;Me siento bien&#8221;, &#8220;La prueba podr\u00eda estar equivocada&#8221;, etc.). Entonces es el momento de la negociaci\u00f3n (&#8220;Si dejo de comer dulces, desaparecer\u00e1&#8221;, &#8220;Si pierdo 40 libras, desaparecer\u00e1&#8221;). En algunos casos, la depresi\u00f3n puede seguir (&#8220;Siento que me han dado una sentencia de muerte&#8221;). Pero si pasa por todas estas etapas con el apoyo adecuado, finalmente llegar\u00e1 a la etapa final de aceptaci\u00f3n (&#8220;Puedo controlar la diabetes y mantenerme sano&#8221;).<\/p>\n<p>En todo este proceso de ajuste, es importante que se convierta gradualmente en el centro de su equipo de atenci\u00f3n m\u00e9dica. Adquirir\u00e1 conocimientos y habilidades, y recibir\u00e1 el apoyo que se merece; todo esto lo ayudar\u00e1 a enfrentar los desaf\u00edos de vivir con diabetes.<\/p>\n","protected":false},"excerpt":{"rendered":"<p>Durante el curso de la enfermedad Usted ha sido desafiado con el diagn\u00f3stico de diabetes. El diagn\u00f3stico puede ser nuevo o antiguo, sin embargo, esto puede llevarle a tener muchas emociones diferentes. Usted no es el \u00fanico que experimenta dolor, ansiedad, frustraci\u00f3n y desilusi\u00f3n. Es una respuesta humana natural a lo que est\u00e1 viviendo, y [&hellip;]<\/p>\n","protected":false},"author":5,"featured_media":0,"parent":1530,"menu_order":2,"comment_status":"closed","ping_status":"open","template":"","meta":{"footnotes":""},"class_list":["post-1527","page","type-page","status-publish","hentry"],"_links":{"self":[{"href":"https:\/\/p2dm.salzburgresearch.at\/es\/wp-json\/wp\/v2\/pages\/1527","targetHints":{"allow":["GET"]}}],"collection":[{"href":"https:\/\/p2dm.salzburgresearch.at\/es\/wp-json\/wp\/v2\/pages"}],"about":[{"href":"https:\/\/p2dm.salzburgresearch.at\/es\/wp-json\/wp\/v2\/types\/page"}],"author":[{"embeddable":true,"href":"https:\/\/p2dm.salzburgresearch.at\/es\/wp-json\/wp\/v2\/users\/5"}],"replies":[{"embeddable":true,"href":"https:\/\/p2dm.salzburgresearch.at\/es\/wp-json\/wp\/v2\/comments?post=1527"}],"version-history":[{"count":2,"href":"https:\/\/p2dm.salzburgresearch.at\/es\/wp-json\/wp\/v2\/pages\/1527\/revisions"}],"predecessor-version":[{"id":1529,"href":"https:\/\/p2dm.salzburgresearch.at\/es\/wp-json\/wp\/v2\/pages\/1527\/revisions\/1529"}],"up":[{"embeddable":true,"href":"https:\/\/p2dm.salzburgresearch.at\/es\/wp-json\/wp\/v2\/pages\/1530"}],"wp:attachment":[{"href":"https:\/\/p2dm.salzburgresearch.at\/es\/wp-json\/wp\/v2\/media?parent=1527"}],"curies":[{"name":"wp","href":"https:\/\/api.w.org\/{rel}","templated":true}]}}