{"id":1524,"date":"2018-03-24T12:21:09","date_gmt":"2018-03-24T12:21:09","guid":{"rendered":"https:\/\/p2dm.salzburgresearch.at\/?page_id=1524"},"modified":"2018-03-24T12:21:09","modified_gmt":"2018-03-24T12:21:09","slug":"actividad-sexual","status":"publish","type":"page","link":"https:\/\/p2dm.salzburgresearch.at\/es\/experimentando-diabetes\/el-dia-a-dia-con-la-diabetes\/actividad-sexual\/","title":{"rendered":"Actividad sexual"},"content":{"rendered":"<p><strong>Relaciones sexuales y diabetes<\/strong><\/p>\n<p>El sexo es una parte importante de toda relaci\u00f3n. Una vida sexual poco satisfactoria puede llevar a sentimientos de culpa y rechazo, causando problemas dentro de una relaci\u00f3n. Los niveles de deseo sexual var\u00edan ampliamente entre diferentes personas y pueden cambiar con el tiempo.<\/p>\n<p>Los problemas sexuales pueden ser muy dif\u00edciles de discutir, particularmente si la causa no ha sido identificada. Por lo tanto, es importante saber c\u00f3mo reconocer las causas y los s\u00edntomas de la disfunci\u00f3n sexual, de modo que pueda identificarse, discutirse y tratarse o controlarse.<\/p>\n<p>La disfunci\u00f3n sexual es m\u00e1s com\u00fan en personas con diabetes debido a que la diabetes mal controlada puede da\u00f1ar los vasos sangu\u00edneos y el sistema nervioso, causando un flujo sangu\u00edneo reducido y p\u00e9rdida de sensibilidad en los \u00f3rganos sexuales. Esto puede contribuir a la sequedad vaginal en las mujeres y las dificultades de erecci\u00f3n en los hombres. Otros problemas asociados con la diabetes, como la enfermedad card\u00edaca y la depresi\u00f3n, junto con algunos medicamentos y cirug\u00eda (por ejemplo, vejiga, intestino, pr\u00f3stata) pueden aumentar las posibilidades de disfunci\u00f3n sexual en personas con diabetes.<\/p>\n<p>La micosis oral es una afecci\u00f3n com\u00fan, agravada por los altos niveles de glucosa en la sangre, que pueden hacer que las relaciones sexuales sean inc\u00f3modas. Un buen control de la diabetes ayudar\u00e1 a prevenir esto.<\/p>\n<p>La hipoglucemias pueden ser provocada por el sexo . Tener a mano el tratamiento para un eventual hipoglucemia es recomendable.<\/p>\n<p>Los problemas relacionados con la disfunci\u00f3n sexual a menudo son complejos y pueden estar relacionados con factores emocionales, como dificultades de relaci\u00f3n, mala autoimagen, verg\u00fcenza y culpa. El cansancio, el estr\u00e9s, el alcohol, los cigarrillos y algunas drogas recreativas tambi\u00e9n juegan su parte.<\/p>\n<p><strong>Las mujeres y la disfunci\u00f3n sexual<\/strong><\/p>\n<p>Aunque no se conoce tan bien como la disfunci\u00f3n sexual masculina , existe un reconocimiento creciente de que la disfunci\u00f3n sexual femenina (DSF) es ampliamente experimentada. Las investigaciones han descubierto que las mujeres con diabetes tienen el doble de probabilidades de experimentar problemas que las que no. Puede experimentar una disfunci\u00f3n sexual causada por factores f\u00edsicos o el medicamento que est\u00e1 tomando, o una combinaci\u00f3n de ambos. Los factores emocionales y de estilo de vida tambi\u00e9n contribuyen a la disfunci\u00f3n sexual. Es importante conocer los v\u00ednculos entre las causas y los s\u00edntomas para que pueda buscar la ayuda y el apoyo m\u00e1s eficaces.<\/p>\n<p>Se reconoce que las cuatro \u00e1reas principales de sexualidad con las que las mujeres que experimentan DSF encuentran dificultades son: el deseo, la excitaci\u00f3n, la dispareunia (dolor con las relaciones sexuales) y el orgasmo. En la actualidad no hay medicamentos disponibles espec\u00edficamente para el tratamiento de DSF, pero la investigaci\u00f3n est\u00e1 en curso. Sin embargo, los tratamientos para mujeres est\u00e1n disponibles en forma de terapia y ayudas para la lubricaci\u00f3n y la estimulaci\u00f3n del cl\u00edtoris.<\/p>\n<p><strong>Hombres y disfunci\u00f3n sexual<\/strong><\/p>\n<p>Tener diabetes no significa que desarrollar\u00e1 autom\u00e1ticamente una disfunci\u00f3n sexual. Sin embargo, m\u00e1s de la mitad de todos los hombres con diabetes pueden verse afectados, y la posibilidad de problemas aumenta con la edad. Uno de los problemas sexuales m\u00e1s comunes es la disfunci\u00f3n er\u00e9ctil (DE). Esto es una incapacidad para obtener y \/ o mantener una erecci\u00f3n para tener relaciones sexuales.<\/p>\n<p>La mayor\u00eda de los hombres experimentan dificultades para lograr una erecci\u00f3n en alg\u00fan momento de sus vidas, y el 10 por ciento tiene problemas de erecci\u00f3n continuos. DE afecta a hombres heterosexuales y homosexuales. Puede experimentar una disfunci\u00f3n sexual causada por factores f\u00edsicos o la medicaci\u00f3n que est\u00e1 tomando, o ambas cosas. Los factores emocionales y de estilo de vida tambi\u00e9n pueden contribuir a la DE.<\/p>\n<p>Es importante conocer algunos de los v\u00ednculos entre las causas y los s\u00edntomas para que pueda encontrar la ayuda y el apoyo m\u00e1s eficaces. Ahora hay una amplia gama de opciones de tratamiento disponibles para hombres con problemas de erecci\u00f3n.<\/p>\n","protected":false},"excerpt":{"rendered":"<p>Relaciones sexuales y diabetes El sexo es una parte importante de toda relaci\u00f3n. Una vida sexual poco satisfactoria puede llevar a sentimientos de culpa y rechazo, causando problemas dentro de una relaci\u00f3n. Los niveles de deseo sexual var\u00edan ampliamente entre diferentes personas y pueden cambiar con el tiempo. Los problemas sexuales pueden ser muy dif\u00edciles [&hellip;]<\/p>\n","protected":false},"author":5,"featured_media":0,"parent":1537,"menu_order":5,"comment_status":"closed","ping_status":"open","template":"","meta":{"footnotes":""},"class_list":["post-1524","page","type-page","status-publish","hentry"],"_links":{"self":[{"href":"https:\/\/p2dm.salzburgresearch.at\/es\/wp-json\/wp\/v2\/pages\/1524","targetHints":{"allow":["GET"]}}],"collection":[{"href":"https:\/\/p2dm.salzburgresearch.at\/es\/wp-json\/wp\/v2\/pages"}],"about":[{"href":"https:\/\/p2dm.salzburgresearch.at\/es\/wp-json\/wp\/v2\/types\/page"}],"author":[{"embeddable":true,"href":"https:\/\/p2dm.salzburgresearch.at\/es\/wp-json\/wp\/v2\/users\/5"}],"replies":[{"embeddable":true,"href":"https:\/\/p2dm.salzburgresearch.at\/es\/wp-json\/wp\/v2\/comments?post=1524"}],"version-history":[{"count":2,"href":"https:\/\/p2dm.salzburgresearch.at\/es\/wp-json\/wp\/v2\/pages\/1524\/revisions"}],"predecessor-version":[{"id":1526,"href":"https:\/\/p2dm.salzburgresearch.at\/es\/wp-json\/wp\/v2\/pages\/1524\/revisions\/1526"}],"up":[{"embeddable":true,"href":"https:\/\/p2dm.salzburgresearch.at\/es\/wp-json\/wp\/v2\/pages\/1537"}],"wp:attachment":[{"href":"https:\/\/p2dm.salzburgresearch.at\/es\/wp-json\/wp\/v2\/media?parent=1524"}],"curies":[{"name":"wp","href":"https:\/\/api.w.org\/{rel}","templated":true}]}}