{"id":1500,"date":"2018-03-22T13:03:20","date_gmt":"2018-03-22T13:03:20","guid":{"rendered":"https:\/\/p2dm.salzburgresearch.at\/?page_id=1500"},"modified":"2018-03-22T13:03:20","modified_gmt":"2018-03-22T13:03:20","slug":"hierbas-especias","status":"publish","type":"page","link":"https:\/\/p2dm.salzburgresearch.at\/es\/autocontrol\/nutrition\/hierbas-especias\/","title":{"rendered":"HIERBAS ESPECIAS"},"content":{"rendered":"<p><strong>HIERBAS ESPECIAS<\/strong><\/p>\n<p><strong>\u00a0<\/strong><\/p>\n<p><strong>\u00a0<\/strong><\/p>\n<p><strong>Aprenda a realizar recetas para dar m\u00e1s sabor a sus platos con el uso de hierbas y especias. Como son ricos en fibra, deber\u00eda considerar usarlos en su dieta. Asumiendo que las fibras retrasan la absorci\u00f3n de carbohidratos<\/strong><\/p>\n","protected":false},"excerpt":{"rendered":"<p>HIERBAS ESPECIAS \u00a0 \u00a0 Aprenda a realizar recetas para dar m\u00e1s sabor a sus platos con el uso de hierbas y especias. Como son ricos en fibra, deber\u00eda considerar usarlos en su dieta. Asumiendo que las fibras retrasan la absorci\u00f3n de carbohidratos<\/p>\n","protected":false},"author":6,"featured_media":0,"parent":1026,"menu_order":9,"comment_status":"closed","ping_status":"closed","template":"","meta":{"footnotes":""},"class_list":["post-1500","page","type-page","status-publish","hentry"],"_links":{"self":[{"href":"https:\/\/p2dm.salzburgresearch.at\/es\/wp-json\/wp\/v2\/pages\/1500","targetHints":{"allow":["GET"]}}],"collection":[{"href":"https:\/\/p2dm.salzburgresearch.at\/es\/wp-json\/wp\/v2\/pages"}],"about":[{"href":"https:\/\/p2dm.salzburgresearch.at\/es\/wp-json\/wp\/v2\/types\/page"}],"author":[{"embeddable":true,"href":"https:\/\/p2dm.salzburgresearch.at\/es\/wp-json\/wp\/v2\/users\/6"}],"replies":[{"embeddable":true,"href":"https:\/\/p2dm.salzburgresearch.at\/es\/wp-json\/wp\/v2\/comments?post=1500"}],"version-history":[{"count":1,"href":"https:\/\/p2dm.salzburgresearch.at\/es\/wp-json\/wp\/v2\/pages\/1500\/revisions"}],"predecessor-version":[{"id":1501,"href":"https:\/\/p2dm.salzburgresearch.at\/es\/wp-json\/wp\/v2\/pages\/1500\/revisions\/1501"}],"up":[{"embeddable":true,"href":"https:\/\/p2dm.salzburgresearch.at\/es\/wp-json\/wp\/v2\/pages\/1026"}],"wp:attachment":[{"href":"https:\/\/p2dm.salzburgresearch.at\/es\/wp-json\/wp\/v2\/media?parent=1500"}],"curies":[{"name":"wp","href":"https:\/\/api.w.org\/{rel}","templated":true}]}}