{"id":1481,"date":"2018-03-22T12:07:59","date_gmt":"2018-03-22T12:07:59","guid":{"rendered":"https:\/\/p2dm.salzburgresearch.at\/?page_id=1481"},"modified":"2018-03-22T12:07:59","modified_gmt":"2018-03-22T12:07:59","slug":"carbohidratos","status":"publish","type":"page","link":"https:\/\/p2dm.salzburgresearch.at\/es\/autocontrol\/nutrition\/carbohidratos\/","title":{"rendered":"CARBOHIDRATOS"},"content":{"rendered":"<p><strong>Pan, Pasta y Patatas: Hidratos de carbono<\/strong><\/p>\n<p><strong>\u00a0<\/strong><\/p>\n<p><strong>Los alimentos que contienen carbohidratos aumentan la glucosa en sangre. Hacer un seguimiento de la ingesta de carbohidratos es esencial para las personas con diabetes.<\/strong><\/p>\n<p><strong>\u00a0<\/strong><\/p>\n<p><strong>Hay tres tipos principales de carbohidratos: almidones (tambi\u00e9n conocidos como carbohidratos complejos), az\u00facares y fibra.<\/strong><\/p>\n<p><strong>\u00a0<\/strong><\/p>\n<p><strong>Pero tambi\u00e9n hay otros t\u00e9rminos que aparecen con frecuencia: az\u00facar, edulcorantes bajos en calor\u00edas, alcoholes de az\u00facar, los cereales procesados, cereales enriquecidos, hidrato de carbono complejo, dulces, cereales refinados, y los cereales enteros.<\/strong><\/p>\n<p><strong>\u00a0<\/strong><\/p>\n<p><strong>\u00a1Por lo tanto, es normal estar un poco confundido al principio!<\/strong><\/p>\n<p><strong>\u00a0<\/strong><\/p>\n<p><strong>Al leer la etiqueta, debe tener en cuenta que el total de carbohidratos se refiere a los tres tipos mencionados anteriormente. Ese es el n\u00famero que debes considerar al contar.<\/strong><\/p>\n<p><strong>\u00a0<\/strong><\/p>\n<p><strong>Almid\u00f3n<\/strong><\/p>\n<p><strong>\u00a0<\/strong><\/p>\n<p><strong>Los alimentos con alto contenido de almid\u00f3n incluyen:<\/strong><\/p>\n<p><strong>\u00a0<\/strong><\/p>\n<p><strong>Verduras con almid\u00f3n como guisantes, ma\u00edz, habas y patatas<\/strong><\/p>\n<p><strong>Legumbres secas: lentejas, guisantes, habas secas, habichuelas pintas, garbanzos.<\/strong><\/p>\n<p><strong>Granos como la avena, la cebada y el arroz<\/strong><\/p>\n<p><strong>Az\u00facar<\/strong><\/p>\n<p><strong>\u00a0<\/strong><\/p>\n<p><strong>El az\u00facar es otro tipo de carbohidratos. Tambi\u00e9n puede escuchar az\u00facar referido como hidratos de carbono simples o de acci\u00f3n r\u00e1pida. Hay dos tipos principales de az\u00facar:<\/strong><\/p>\n<p><strong>\u00a0<\/strong><\/p>\n<p><strong>Az\u00facares naturales como los de la leche o la fruta<\/strong><\/p>\n<p><strong>Az\u00facares agregados, como los que se agregan durante el procesamiento, como fruta enlatada en alm\u00edbar espeso o az\u00facar agregado para hacer una galleta<\/strong><\/p>\n<p><strong>En la etiqueta de informaci\u00f3n nutricional, la cantidad de gramos de az\u00facar incluye az\u00facares a\u00f1adidos y naturales.<\/strong><\/p>\n<p><strong>\u00a0<\/strong><\/p>\n<p><strong>Fibra<\/strong><\/p>\n<p><strong>\u00a0<\/strong><\/p>\n<p><strong>La fibra proviene de los alimentos vegetales, por lo que no hay fibra en productos de origen animal como la leche, los huevos, la carne, las aves de corral y el pescado.<\/strong><\/p>\n<p><strong>\u00a0<\/strong><\/p>\n<p><strong>Para una buena salud, los adultos deben intentar comer de 25 a 30 gramos de fibra por d\u00eda. La mayor\u00eda de nosotros solo obtiene aproximadamente la mitad de lo que se recomienda. La fibra contribuye al buen funcionamiento del intestino, lo ayuda a sentirse lleno y satisfecho, y a ser regular.<\/strong><\/p>\n<p><strong>\u00a0<\/strong><\/p>\n<p><strong>La fibra se puede encontrar en:<\/strong><\/p>\n<p><strong>\u00a0<\/strong><\/p>\n<p><strong>Legumbres. Piensa en jud\u00edas rojas \u00f3 pintas, garbanzos, jud\u00edas blancas y lentejas.<\/strong><\/p>\n<p><strong>Frutas y vegetales, especialmente aquellos con piel comestible (por ejemplo, manzana y legumbre) y aquellos con semillas comestibles (por ejemplo, bayas).<\/strong><\/p>\n<p><strong>Granos enteros como:<\/strong><\/p>\n<p><strong>Pasta de trigo integral<\/strong><\/p>\n<p><strong>Cereales de grano entero<\/strong><\/p>\n<p><strong>Panes integrales<\/strong><\/p>\n<p><strong>Frutos secos &#8211; avellanas, nueces y almendras son una buena fuente de fibra y grasas saludables, pero hay que tener en cuenta el tama\u00f1o de las porciones, porque tambi\u00e9n contienen una gran cantidad de calor\u00edas en una peque\u00f1a cantidad.<\/strong><\/p>\n<p><strong>Una excelente fuente de fibra tiene cinco gramos o m\u00e1s por raci\u00f3n, una buena de 2.5 a 4.9 gramos.<\/strong><\/p>\n<p><strong>\u00a0<\/strong><\/p>\n<p><strong>Es mejor es consumir la fibra a trav\u00e9s de los alimentos que con los suplementos, porque los alimentos tienen vitaminas y minerales adicionales.<\/strong><\/p>\n","protected":false},"excerpt":{"rendered":"<p>Pan, Pasta y Patatas: Hidratos de carbono \u00a0 Los alimentos que contienen carbohidratos aumentan la glucosa en sangre. Hacer un seguimiento de la ingesta de carbohidratos es esencial para las personas con diabetes. \u00a0 Hay tres tipos principales de carbohidratos: almidones (tambi\u00e9n conocidos como carbohidratos complejos), az\u00facares y fibra. \u00a0 Pero tambi\u00e9n hay otros t\u00e9rminos [&hellip;]<\/p>\n","protected":false},"author":6,"featured_media":0,"parent":1026,"menu_order":5,"comment_status":"closed","ping_status":"open","template":"","meta":{"footnotes":""},"class_list":["post-1481","page","type-page","status-publish","hentry"],"_links":{"self":[{"href":"https:\/\/p2dm.salzburgresearch.at\/es\/wp-json\/wp\/v2\/pages\/1481","targetHints":{"allow":["GET"]}}],"collection":[{"href":"https:\/\/p2dm.salzburgresearch.at\/es\/wp-json\/wp\/v2\/pages"}],"about":[{"href":"https:\/\/p2dm.salzburgresearch.at\/es\/wp-json\/wp\/v2\/types\/page"}],"author":[{"embeddable":true,"href":"https:\/\/p2dm.salzburgresearch.at\/es\/wp-json\/wp\/v2\/users\/6"}],"replies":[{"embeddable":true,"href":"https:\/\/p2dm.salzburgresearch.at\/es\/wp-json\/wp\/v2\/comments?post=1481"}],"version-history":[{"count":1,"href":"https:\/\/p2dm.salzburgresearch.at\/es\/wp-json\/wp\/v2\/pages\/1481\/revisions"}],"predecessor-version":[{"id":1482,"href":"https:\/\/p2dm.salzburgresearch.at\/es\/wp-json\/wp\/v2\/pages\/1481\/revisions\/1482"}],"up":[{"embeddable":true,"href":"https:\/\/p2dm.salzburgresearch.at\/es\/wp-json\/wp\/v2\/pages\/1026"}],"wp:attachment":[{"href":"https:\/\/p2dm.salzburgresearch.at\/es\/wp-json\/wp\/v2\/media?parent=1481"}],"curies":[{"name":"wp","href":"https:\/\/api.w.org\/{rel}","templated":true}]}}