{"id":1465,"date":"2018-03-28T10:44:21","date_gmt":"2018-03-28T10:44:21","guid":{"rendered":"https:\/\/p2dm.salzburgresearch.at\/?page_id=1465"},"modified":"2018-05-04T08:51:23","modified_gmt":"2018-05-04T08:51:23","slug":"tratamiento","status":"publish","type":"page","link":"https:\/\/p2dm.salzburgresearch.at\/es\/diabetes\/tratamiento\/","title":{"rendered":"Tratamiento"},"content":{"rendered":"<p><!-- [if gte mso 9]&gt;--><\/p>\n<p><!-- [if gte mso 9]&gt;--><\/p>\n<p>En esta secci\u00f3n encontrar\u00e1 las opciones m\u00e1s comunes de tratamiento para la diabetes. Podr\u00e1 encontrar informaci\u00f3n sobre medicamentos para la diabetes, terapias con insulina, prevenci\u00f3n de complicaciones a largo plazo y tambi\u00e9n sobre pruebas. Tambi\u00e9n encontrar\u00e1 contenido \u00fatil sobre c\u00f3mo inyectar y almacenar insulina, c\u00f3mo tomar los medicamentos correctamente y c\u00f3mo atender otras posibles complicaciones.<\/p>\n<p>Al comenzar a tratar la diabetes, hay que tener dos aspectos en cuenta:<\/p>\n<p>1. Tu calidad de vida no debe verse mermada. El objetivo es mantenerse lo m\u00e1s alejado posible de los s\u00edntomas relacionados con la diabetes y que no le sorprenda con ning\u00fan s\u00edntoma agudo (por ejemplo, bajo nivel de az\u00facar en la sangre).<\/p>\n<p>2. Cualquier forma de complicaciones a largo plazo debe prevenirse o retrasarse. Sin una gesti\u00f3n y participaci\u00f3n activa de su lado, no controlar\u00e1 su diabetes.<\/p>\n<p>El tratamiento para la diabetes tipo 2 requiere un compromiso de por vida para:<\/p>\n<p>Monitoreo de az\u00facar en la sangre<br \/>\nAlimentaci\u00f3n saludable<br \/>\nEjercicio regular<br \/>\nEn algunos casos, medicamentos para la diabetes o terapia de insulina<\/p>\n<p>En general, hay tres tipos diferentes de terapias para la diabetes disponibles:<\/p>\n<p>1. Terapia sin medicamentos (terapia libre de drogas). Este m\u00e9todo solo depende de un cambio en su estilo de vida, es decir, de estar f\u00edsicamente activo y de tener una buena nutrici\u00f3n.<\/p>\n<p>2. Terapia con medicamentos en forma de pastillas<\/p>\n<p>3. Terapia con insulina<\/p>\n","protected":false},"excerpt":{"rendered":"<p>En esta secci\u00f3n encontrar\u00e1 las opciones m\u00e1s comunes de tratamiento para la diabetes. Podr\u00e1 encontrar informaci\u00f3n sobre medicamentos para la diabetes, terapias con insulina, prevenci\u00f3n de complicaciones a largo plazo y tambi\u00e9n sobre pruebas. Tambi\u00e9n encontrar\u00e1 contenido \u00fatil sobre c\u00f3mo inyectar y almacenar insulina, c\u00f3mo tomar los medicamentos correctamente y c\u00f3mo atender otras posibles complicaciones. [&hellip;]<\/p>\n","protected":false},"author":7,"featured_media":0,"parent":1341,"menu_order":0,"comment_status":"closed","ping_status":"closed","template":"","meta":{"footnotes":""},"class_list":["post-1465","page","type-page","status-publish","hentry"],"_links":{"self":[{"href":"https:\/\/p2dm.salzburgresearch.at\/es\/wp-json\/wp\/v2\/pages\/1465","targetHints":{"allow":["GET"]}}],"collection":[{"href":"https:\/\/p2dm.salzburgresearch.at\/es\/wp-json\/wp\/v2\/pages"}],"about":[{"href":"https:\/\/p2dm.salzburgresearch.at\/es\/wp-json\/wp\/v2\/types\/page"}],"author":[{"embeddable":true,"href":"https:\/\/p2dm.salzburgresearch.at\/es\/wp-json\/wp\/v2\/users\/7"}],"replies":[{"embeddable":true,"href":"https:\/\/p2dm.salzburgresearch.at\/es\/wp-json\/wp\/v2\/comments?post=1465"}],"version-history":[{"count":2,"href":"https:\/\/p2dm.salzburgresearch.at\/es\/wp-json\/wp\/v2\/pages\/1465\/revisions"}],"predecessor-version":[{"id":1593,"href":"https:\/\/p2dm.salzburgresearch.at\/es\/wp-json\/wp\/v2\/pages\/1465\/revisions\/1593"}],"up":[{"embeddable":true,"href":"https:\/\/p2dm.salzburgresearch.at\/es\/wp-json\/wp\/v2\/pages\/1341"}],"wp:attachment":[{"href":"https:\/\/p2dm.salzburgresearch.at\/es\/wp-json\/wp\/v2\/media?parent=1465"}],"curies":[{"name":"wp","href":"https:\/\/api.w.org\/{rel}","templated":true}]}}