{"id":1456,"date":"2018-03-22T14:34:19","date_gmt":"2018-03-22T14:34:19","guid":{"rendered":"https:\/\/p2dm.salzburgresearch.at\/?page_id=1456"},"modified":"2018-03-22T14:34:19","modified_gmt":"2018-03-22T14:34:19","slug":"actividades-a-evitar","status":"publish","type":"page","link":"https:\/\/p2dm.salzburgresearch.at\/es\/autocontrol\/actividad-fisica\/actividades-a-evitar\/","title":{"rendered":"ACTIVIDADES A EVITAR"},"content":{"rendered":"<p><strong>\u00bfHay alg\u00fan ejercicio que deba evitar?<\/strong><\/p>\n<p><strong>\u00a0<\/strong><\/p>\n<p><strong>Si tiene complicaciones de la diabetes, algunos tipos de ejercicios pueden empeorar sus problemas. Por ejemplo, las actividades que aumentan la presi\u00f3n en los vasos sangu\u00edneos de los ojos, como levantar pesas pesadas, pueden empeorar los problemas diab\u00e9ticos oculares. Si el da\u00f1o a los nervios provocado por la diabetes ha hecho que sus pies se adormezcan, su m\u00e9dico puede sugerirle que intente nadar en lugar de caminar para hacer ejercicio aer\u00f3bico.<\/strong><\/p>\n<p><strong>\u00a0<\/strong><\/p>\n<p><strong>Cuando tiene los pies entumecidos, es posible que no sienta dolor en los pies. Las llagas o las ampollas pueden empeorar porque no las nota. Sin la atenci\u00f3n adecuada, los problemas menores de los pies pueden convertirse en enfermedades graves, que en ocasiones pueden llevar a la amputaci\u00f3n. Aseg\u00farese de hacer ejercicio con calcetines de algod\u00f3n y zapatos c\u00f3modos y bien dise\u00f1ados, dise\u00f1ados para la actividad que est\u00e1 haciendo. Despu\u00e9s de hacer ejercicio, revise sus pies para detectar cortes, llagas, protuberancias o enrojecimiento. Llame a su m\u00e9dico si se desarrollan problemas en los pies.<\/strong><\/p>\n","protected":false},"excerpt":{"rendered":"<p>\u00bfHay alg\u00fan ejercicio que deba evitar? \u00a0 Si tiene complicaciones de la diabetes, algunos tipos de ejercicios pueden empeorar sus problemas. Por ejemplo, las actividades que aumentan la presi\u00f3n en los vasos sangu\u00edneos de los ojos, como levantar pesas pesadas, pueden empeorar los problemas diab\u00e9ticos oculares. Si el da\u00f1o a los nervios provocado por la [&hellip;]<\/p>\n","protected":false},"author":5,"featured_media":0,"parent":1486,"menu_order":3,"comment_status":"closed","ping_status":"open","template":"","meta":{"footnotes":""},"class_list":["post-1456","page","type-page","status-publish","hentry"],"_links":{"self":[{"href":"https:\/\/p2dm.salzburgresearch.at\/es\/wp-json\/wp\/v2\/pages\/1456","targetHints":{"allow":["GET"]}}],"collection":[{"href":"https:\/\/p2dm.salzburgresearch.at\/es\/wp-json\/wp\/v2\/pages"}],"about":[{"href":"https:\/\/p2dm.salzburgresearch.at\/es\/wp-json\/wp\/v2\/types\/page"}],"author":[{"embeddable":true,"href":"https:\/\/p2dm.salzburgresearch.at\/es\/wp-json\/wp\/v2\/users\/5"}],"replies":[{"embeddable":true,"href":"https:\/\/p2dm.salzburgresearch.at\/es\/wp-json\/wp\/v2\/comments?post=1456"}],"version-history":[{"count":3,"href":"https:\/\/p2dm.salzburgresearch.at\/es\/wp-json\/wp\/v2\/pages\/1456\/revisions"}],"predecessor-version":[{"id":1509,"href":"https:\/\/p2dm.salzburgresearch.at\/es\/wp-json\/wp\/v2\/pages\/1456\/revisions\/1509"}],"up":[{"embeddable":true,"href":"https:\/\/p2dm.salzburgresearch.at\/es\/wp-json\/wp\/v2\/pages\/1486"}],"wp:attachment":[{"href":"https:\/\/p2dm.salzburgresearch.at\/es\/wp-json\/wp\/v2\/media?parent=1456"}],"curies":[{"name":"wp","href":"https:\/\/api.w.org\/{rel}","templated":true}]}}