{"id":1450,"date":"2018-03-21T12:06:17","date_gmt":"2018-03-21T12:06:17","guid":{"rendered":"https:\/\/p2dm.salzburgresearch.at\/?page_id=1450"},"modified":"2018-03-21T12:06:17","modified_gmt":"2018-03-21T12:06:17","slug":"autocontrol","status":"publish","type":"page","link":"https:\/\/p2dm.salzburgresearch.at\/es\/autocontrol\/","title":{"rendered":"Autocontrol"},"content":{"rendered":"<p>Controlar su diabetes, hacer cambios y adaptar las demandas de la diabetes a su estilo de vida puede ser un desaf\u00edo a veces. La atenci\u00f3n efectiva de la diabetes solo se puede lograr trabajando en estrecha colaboraci\u00f3n con su equipo de atenci\u00f3n m\u00e9dica para la diabetes: est\u00e1n ah\u00ed para ayudarle a autocontrolar esta condici\u00f3n. La persona m\u00e1s importante del equipo eres t\u00fa, porque las decisiones tomadas te afectar\u00e1n.<\/p>\n<p>Asumir que es el responsable del control de su diabetes \u00a0le permitir\u00e1 controlarla \u00a0de manera m\u00e1s efectiva. No tema hacer preguntas y solicite m\u00e1s informaci\u00f3n si lo necesita.<\/p>\n<p>La nutrici\u00f3n y el ejercicio f\u00edsico son esenciales en el manejo diario . Son tan importantes como su medicaci\u00f3n y la medici\u00f3n de su nivel de glucosa en sangre. Puede ser experto en ambas actividades y vivir una vida m\u00e1s saludable.<\/p>\n","protected":false},"excerpt":{"rendered":"<p>Controlar su diabetes, hacer cambios y adaptar las demandas de la diabetes a su estilo de vida puede ser un desaf\u00edo a veces. La atenci\u00f3n efectiva de la diabetes solo se puede lograr trabajando en estrecha colaboraci\u00f3n con su equipo de atenci\u00f3n m\u00e9dica para la diabetes: est\u00e1n ah\u00ed para ayudarle a autocontrolar esta condici\u00f3n. La [&hellip;]<\/p>\n","protected":false},"author":5,"featured_media":0,"parent":0,"menu_order":1,"comment_status":"closed","ping_status":"closed","template":"","meta":{"footnotes":""},"class_list":["post-1450","page","type-page","status-publish","hentry"],"_links":{"self":[{"href":"https:\/\/p2dm.salzburgresearch.at\/es\/wp-json\/wp\/v2\/pages\/1450","targetHints":{"allow":["GET"]}}],"collection":[{"href":"https:\/\/p2dm.salzburgresearch.at\/es\/wp-json\/wp\/v2\/pages"}],"about":[{"href":"https:\/\/p2dm.salzburgresearch.at\/es\/wp-json\/wp\/v2\/types\/page"}],"author":[{"embeddable":true,"href":"https:\/\/p2dm.salzburgresearch.at\/es\/wp-json\/wp\/v2\/users\/5"}],"replies":[{"embeddable":true,"href":"https:\/\/p2dm.salzburgresearch.at\/es\/wp-json\/wp\/v2\/comments?post=1450"}],"version-history":[{"count":1,"href":"https:\/\/p2dm.salzburgresearch.at\/es\/wp-json\/wp\/v2\/pages\/1450\/revisions"}],"predecessor-version":[{"id":1454,"href":"https:\/\/p2dm.salzburgresearch.at\/es\/wp-json\/wp\/v2\/pages\/1450\/revisions\/1454"}],"wp:attachment":[{"href":"https:\/\/p2dm.salzburgresearch.at\/es\/wp-json\/wp\/v2\/media?parent=1450"}],"curies":[{"name":"wp","href":"https:\/\/api.w.org\/{rel}","templated":true}]}}