{"id":1431,"date":"2018-03-21T12:01:22","date_gmt":"2018-03-21T12:01:22","guid":{"rendered":"https:\/\/p2dm.salzburgresearch.at\/?page_id=1431"},"modified":"2018-03-21T12:01:22","modified_gmt":"2018-03-21T12:01:22","slug":"medicina-alternativa","status":"publish","type":"page","link":"https:\/\/p2dm.salzburgresearch.at\/es\/diabetes\/tratamiento\/medicina-alternativa\/","title":{"rendered":"Medicina Alternativa"},"content":{"rendered":"<p><strong>Medicina alternativa<\/strong><\/p>\n<p>Es posible que escuche o lea acerca de curas naturales o remedios caseros, pero actualmente no existen terapias alternativas o complementarias comprobadas que las que pueden curar la diabetes o la retinopat\u00eda diab\u00e9tica. Es importante no retrasar los tratamientos est\u00e1ndar para probar terapias cuya efectividad no este demostrada. El tratamiento temprano es la mejor manera de prevenir la p\u00e9rdida de la visi\u00f3n.<\/p>\n<p>Varias terapias alternativas han demostrado algunos beneficios para las personas con retinopat\u00eda diab\u00e9tica, pero se necesita m\u00e1s investigaci\u00f3n para comprender si estos tratamientos son efectivos o seguros. Las posibles terapias alternativas incluyen:<\/p>\n<p>Ar\u00e1ndano<br \/>\nGingko<br \/>\nExtracto de semilla de uva<br \/>\nPycnogenol (corteza de pino)<br \/>\nAseg\u00farese de informarle a su m\u00e9dico si est\u00e1 tomando hierbas o suplementos. Tienen el potencial de interactuar con otros medicamentos o causar complicaciones en la cirug\u00eda, como sangrado excesivo.<\/p>\n","protected":false},"excerpt":{"rendered":"<p>Medicina alternativa Es posible que escuche o lea acerca de curas naturales o remedios caseros, pero actualmente no existen terapias alternativas o complementarias comprobadas que las que pueden curar la diabetes o la retinopat\u00eda diab\u00e9tica. Es importante no retrasar los tratamientos est\u00e1ndar para probar terapias cuya efectividad no este demostrada. El tratamiento temprano es la [&hellip;]<\/p>\n","protected":false},"author":5,"featured_media":0,"parent":1465,"menu_order":5,"comment_status":"closed","ping_status":"open","template":"","meta":{"footnotes":""},"class_list":["post-1431","page","type-page","status-publish","hentry"],"_links":{"self":[{"href":"https:\/\/p2dm.salzburgresearch.at\/es\/wp-json\/wp\/v2\/pages\/1431","targetHints":{"allow":["GET"]}}],"collection":[{"href":"https:\/\/p2dm.salzburgresearch.at\/es\/wp-json\/wp\/v2\/pages"}],"about":[{"href":"https:\/\/p2dm.salzburgresearch.at\/es\/wp-json\/wp\/v2\/types\/page"}],"author":[{"embeddable":true,"href":"https:\/\/p2dm.salzburgresearch.at\/es\/wp-json\/wp\/v2\/users\/5"}],"replies":[{"embeddable":true,"href":"https:\/\/p2dm.salzburgresearch.at\/es\/wp-json\/wp\/v2\/comments?post=1431"}],"version-history":[{"count":1,"href":"https:\/\/p2dm.salzburgresearch.at\/es\/wp-json\/wp\/v2\/pages\/1431\/revisions"}],"predecessor-version":[{"id":1443,"href":"https:\/\/p2dm.salzburgresearch.at\/es\/wp-json\/wp\/v2\/pages\/1431\/revisions\/1443"}],"up":[{"embeddable":true,"href":"https:\/\/p2dm.salzburgresearch.at\/es\/wp-json\/wp\/v2\/pages\/1465"}],"wp:attachment":[{"href":"https:\/\/p2dm.salzburgresearch.at\/es\/wp-json\/wp\/v2\/media?parent=1431"}],"curies":[{"name":"wp","href":"https:\/\/api.w.org\/{rel}","templated":true}]}}