{"id":1425,"date":"2018-03-21T11:31:58","date_gmt":"2018-03-21T11:31:58","guid":{"rendered":"https:\/\/p2dm.salzburgresearch.at\/?page_id=1425"},"modified":"2018-03-21T11:31:58","modified_gmt":"2018-03-21T11:31:58","slug":"cosas-que-debemos-recordar-en-navidad-cuando-se-tiene-diabetes","status":"publish","type":"page","link":"https:\/\/p2dm.salzburgresearch.at\/es\/experimentando-diabetes\/el-dia-a-dia-con-la-diabetes\/cosas-que-debemos-recordar-en-navidad-cuando-se-tiene-diabetes\/","title":{"rendered":"Cosas que debemos recordar en Navidad cuando se tiene Diabetes"},"content":{"rendered":"<ul>\n<li>Trate de hacer algo de actividad f\u00edsica durante el per\u00edodo navide\u00f1o como comprar en las rebajas, caminar con los nietos o bailar en una fiesta; todo cuenta. Vea tambi\u00e9n nuestra gu\u00eda activa de mantenimiento.<\/li>\n<li>Tenga en casa comida saludable para picar as\u00ed podr\u00e1 tomarla en lugar de chocolates o pasteles.<br \/>\nIntente comer de forma saludable en los d\u00edas comprendidos entre Navidad y A\u00f1o Nuevo para evitar la excesiva ganancia de peso.<\/li>\n<li>Done moldes de galletas y cajas de chocolates que no desee a residencias o a los m\u00e1s desfavorecidos.<\/li>\n<\/ul>\n","protected":false},"excerpt":{"rendered":"<p>Trate de hacer algo de actividad f\u00edsica durante el per\u00edodo navide\u00f1o como comprar en las rebajas, caminar con los nietos o bailar en una fiesta; todo cuenta. Vea tambi\u00e9n nuestra gu\u00eda activa de mantenimiento. Tenga en casa comida saludable para picar as\u00ed podr\u00e1 tomarla en lugar de chocolates o pasteles. Intente comer de forma saludable [&hellip;]<\/p>\n","protected":false},"author":1,"featured_media":0,"parent":1537,"menu_order":6,"comment_status":"closed","ping_status":"open","template":"","meta":{"footnotes":""},"class_list":["post-1425","page","type-page","status-publish","hentry"],"_links":{"self":[{"href":"https:\/\/p2dm.salzburgresearch.at\/es\/wp-json\/wp\/v2\/pages\/1425","targetHints":{"allow":["GET"]}}],"collection":[{"href":"https:\/\/p2dm.salzburgresearch.at\/es\/wp-json\/wp\/v2\/pages"}],"about":[{"href":"https:\/\/p2dm.salzburgresearch.at\/es\/wp-json\/wp\/v2\/types\/page"}],"author":[{"embeddable":true,"href":"https:\/\/p2dm.salzburgresearch.at\/es\/wp-json\/wp\/v2\/users\/1"}],"replies":[{"embeddable":true,"href":"https:\/\/p2dm.salzburgresearch.at\/es\/wp-json\/wp\/v2\/comments?post=1425"}],"version-history":[{"count":1,"href":"https:\/\/p2dm.salzburgresearch.at\/es\/wp-json\/wp\/v2\/pages\/1425\/revisions"}],"predecessor-version":[{"id":1426,"href":"https:\/\/p2dm.salzburgresearch.at\/es\/wp-json\/wp\/v2\/pages\/1425\/revisions\/1426"}],"up":[{"embeddable":true,"href":"https:\/\/p2dm.salzburgresearch.at\/es\/wp-json\/wp\/v2\/pages\/1537"}],"wp:attachment":[{"href":"https:\/\/p2dm.salzburgresearch.at\/es\/wp-json\/wp\/v2\/media?parent=1425"}],"curies":[{"name":"wp","href":"https:\/\/api.w.org\/{rel}","templated":true}]}}