{"id":1343,"date":"2018-03-22T09:57:26","date_gmt":"2018-03-22T09:57:26","guid":{"rendered":"https:\/\/p2dm.salzburgresearch.at\/?page_id=1343"},"modified":"2018-03-22T09:57:26","modified_gmt":"2018-03-22T09:57:26","slug":"comprobando-la-glucosa","status":"publish","type":"page","link":"https:\/\/p2dm.salzburgresearch.at\/es\/diabetes\/controles-glucemicos\/comprobando-la-glucosa\/","title":{"rendered":"Comprobando la glucosa"},"content":{"rendered":"<p><strong>Pruebas cl\u00ednicas<\/strong><\/p>\n<p><strong>Prueba de la hemoglobina glicosilada (HbA1C):<\/strong> esta es una prueba de sangre que indica el nivel promedio de az\u00facar en sangre durante los \u00faltimos tres meses. La prueba mide el porcentaje de az\u00facar en sangre unida a la hemoglobina, tambi\u00e9n llamada glicosilada. La hemoglobina es una prote\u00edna que se puede encontrar en los gl\u00f3bulos rojos y transporta ox\u00edgeno de los pulmones a las c\u00e9lulas. Si los niveles de az\u00facar en sangre son altos, tendr\u00e1 m\u00e1s hemoglobina con glucosa unida. Un resultado de 6.5% o m\u00e1s en dos pruebas repetidas indica diabetes. Una vez que ha sido diagnosticado y tratado, esta prueba es particularmente \u00fatil para controlar c\u00f3mo est\u00e1 funcionando su tratamiento. La American Diabetes Association sugiere un nivel de HbA1C del 7%, pero el objetivo gluc\u00e9mico, siendo m\u00e1s o menos estricto, debe ser individualizado.<br \/>\n<strong>Prueba de az\u00facar en sangre en ayunas:<\/strong> consiste en tomar una muestra de sangre tras un ayuno nocturno. Un nivel de az\u00facar en sangre en ayunas entre 100 y 125 mg\/dL se considera prediabetes. Si es de 126 mg\/dL o m\u00e1s en dos ex\u00e1menes separados, se le diagnosticar\u00e1 diabetes.<br \/>\n<strong>Prueba de tolerancia oral a la glucosa:<\/strong> para esta prueba, se toma una muestra de sangre despu\u00e9s de ayunar durante al menos ocho horas o toda la noche. Luego se bebe una soluci\u00f3n azucarada y tras dos horas se mide su nivel de az\u00facar en sangre. Un nivel de az\u00facar en sangre de menos de 140 mg\/dL es normal. Un nivel de az\u00facar en la sangre de 140 a 199 mg\/dL se considera prediabetes.<\/p>\n<p><strong>Prueba de glucosa en sangre en el hogar<\/strong><\/p>\n<p>La prueba del nivel de glucosa en sangre es muy importante. Incluso aunque sienta que su az\u00facar en sangre est\u00e1 aumentando porque tenga alg\u00fan s\u00edntoma, esto no siempre es verdad. La forma en que se siente no es tan precisa como hacerse controles, y solo es fiable cuando objetiva que su nivel de az\u00facar en sangre es muy alto, por lo tanto, es posible que ya se encuentre en riesgo aun sin notarlo.<\/p>\n<p>La prueba de glucosa en sangre en el hogar es la forma m\u00e1s precisa de conocer el nivel de glucosa que tiene. La prueba consiste en tomar una peque\u00f1a muestra de sangre de un dedo gracias a un dispositivo con una aguja en su extremo y colocar una gota de sangre en una tira reactiva. Finalmente, un medidor de glucosa en sangre leer\u00e1 la tira y le dar\u00e1 el resultado. La frecuencia de las pruebas y los dispositivos para realizar estos controles deben decidirse con su m\u00e9dico. Siempre es aconsejable llevar un diario con los resultados, a fin de mantener un registro y, si es necesario, ajustar el tratamiento con su m\u00e9dico.<\/p>\n<p><strong>Pruebas de orina<\/strong><\/p>\n<p>Las pruebas de orina se pueden hacer en casa con tiras reactivas. La tira debe estar en la orina durante unos segundos. Despu\u00e9s de eso, el color de la tira cambiar\u00e1. Este color tiene que ser comparado con las instrucciones del bote de las tiras. La prueba mide el porcentaje de glucosa en la orina. El nivel ideal es 0%. El mejor momento para realizar esta prueba es por la ma\u00f1ana, antes de desayunar. La prueba podr\u00eda realizarse incluso dos o tres horas despu\u00e9s de una comida, en este momento la glucosa en sangre estar\u00e1 en el nivel m\u00e1s alto.<\/p>\n<p>Las pruebas de orina no son tan precisas como las pruebas de sangre, pero es posible que su m\u00e9dico le recomiende realizarlas. Menos precisi\u00f3n es por el hecho de que normalmente no hay glucosa en la orina, a menos que ya tenga un nivel de az\u00facar en la sangre bastante alto (180 mg\/dl). Por lo tanto, es imposible ver por la orina si el nivel de az\u00facar en sangre es demasiado bajo, lo cual es realmente importante saberlo si est\u00e1 tomando insulina.<\/p>\n<p><strong>\u00bfQu\u00e9 significan los resultados?<\/strong><\/p>\n<p>Medirse uno mismo el nivel de az\u00facar en sangre es muy beneficioso. Al igual que con cualquier otra afecci\u00f3n cr\u00f3nica, ser capaz de autogestionarse ser\u00e1 beneficioso en muchos aspectos de su salud. La medici\u00f3n de los niveles de az\u00facar en sangre puede convertirse en parte de su rutina diaria, inform\u00e1ndole del mejor estilo de vida y las mejores opciones de tratamiento. Tambi\u00e9n puede ayudarle a controlar los s\u00edntomas de hipo o hiperglucemia.<\/p>\n<p>El autocontrol es la herramienta clave para una buena autogesti\u00f3n. Por lo tanto, es importante ser capaz de interpretar los resultados correctamente y tomar decisiones estrat\u00e9gicas basadas en ellos.<\/p>\n<p>Deber\u00eda aspirar a tener un nivel de glucosa lo m\u00e1s cercano posible a los niveles normales que son los niveles de una persona que no tiene diabetes. Estos niveles son:<\/p>\n<p>74-100 mg\/dl antes de las comidas<br \/>\nmenos de 140 mg\/dl 2 horas despu\u00e9s de las comidas.<br \/>\nHay diferentes opiniones sobre cu\u00e1l es el rango ideal al que debe aspirar. El objetivo debe personalizarse para la persona y decidirse con su profesional de la salud.<\/p>\n<p>Aqu\u00ed hay algunas indicaciones sobre los niveles objetivo. Estos no son absolutos y s\u00f3lo deben considerarse como una gu\u00eda.<\/p>\n<p><strong>Ni\u00f1os con diabetes tipo 1<\/strong><\/p>\n<p>Antes de las comidas: 70-140 mg\/dl<br \/>\nDos horas despu\u00e9s de las comidas: menos de 180 mg\/dl<\/p>\n<p><strong>Adultos con diabetes tipo 1<\/strong><\/p>\n<p>Antes de las comidas: 70-126 mg\/dl<br \/>\n2 horas despu\u00e9s de las comidas: menos de 160 mg\/dl<\/p>\n<p><strong>Diabetes tipo 2<\/strong><\/p>\n<p>Antes de las comidas: 70-126 mg\/dl<br \/>\nDos horas despu\u00e9s de las comidas: menos de 150 mg\/dl<\/p>\n","protected":false},"excerpt":{"rendered":"<p>Pruebas cl\u00ednicas Prueba de la hemoglobina glicosilada (HbA1C): esta es una prueba de sangre que indica el nivel promedio de az\u00facar en sangre durante los \u00faltimos tres meses. La prueba mide el porcentaje de az\u00facar en sangre unida a la hemoglobina, tambi\u00e9n llamada glicosilada. La hemoglobina es una prote\u00edna que se puede encontrar en los [&hellip;]<\/p>\n","protected":false},"author":7,"featured_media":0,"parent":1306,"menu_order":2,"comment_status":"closed","ping_status":"open","template":"","meta":{"footnotes":""},"class_list":["post-1343","page","type-page","status-publish","hentry"],"_links":{"self":[{"href":"https:\/\/p2dm.salzburgresearch.at\/es\/wp-json\/wp\/v2\/pages\/1343","targetHints":{"allow":["GET"]}}],"collection":[{"href":"https:\/\/p2dm.salzburgresearch.at\/es\/wp-json\/wp\/v2\/pages"}],"about":[{"href":"https:\/\/p2dm.salzburgresearch.at\/es\/wp-json\/wp\/v2\/types\/page"}],"author":[{"embeddable":true,"href":"https:\/\/p2dm.salzburgresearch.at\/es\/wp-json\/wp\/v2\/users\/7"}],"replies":[{"embeddable":true,"href":"https:\/\/p2dm.salzburgresearch.at\/es\/wp-json\/wp\/v2\/comments?post=1343"}],"version-history":[{"count":2,"href":"https:\/\/p2dm.salzburgresearch.at\/es\/wp-json\/wp\/v2\/pages\/1343\/revisions"}],"predecessor-version":[{"id":1464,"href":"https:\/\/p2dm.salzburgresearch.at\/es\/wp-json\/wp\/v2\/pages\/1343\/revisions\/1464"}],"up":[{"embeddable":true,"href":"https:\/\/p2dm.salzburgresearch.at\/es\/wp-json\/wp\/v2\/pages\/1306"}],"wp:attachment":[{"href":"https:\/\/p2dm.salzburgresearch.at\/es\/wp-json\/wp\/v2\/media?parent=1343"}],"curies":[{"name":"wp","href":"https:\/\/api.w.org\/{rel}","templated":true}]}}