{"id":1337,"date":"2018-03-21T09:20:21","date_gmt":"2018-03-21T09:20:21","guid":{"rendered":"https:\/\/p2dm.salzburgresearch.at\/?page_id=1337"},"modified":"2018-03-21T09:20:21","modified_gmt":"2018-03-21T09:20:21","slug":"papel-de-la-glucosa","status":"publish","type":"page","link":"https:\/\/p2dm.salzburgresearch.at\/es\/diabetes\/controles-glucemicos\/papel-de-la-glucosa\/","title":{"rendered":"Papel de la glucosa"},"content":{"rendered":"<p>La glucosa y otros nutrientes son asimilados por nuestro cuerpo a trav\u00e9s del proceso de digesti\u00f3n. Nuestra sangre transporta la glucosa hacia nuestras c\u00e9lulas, y all\u00ed las convierte en energ\u00eda. Esta es la raz\u00f3n por la cual es importante tener una cierta cantidad de glucosa en sangre: para tener energ\u00eda en su cuerpo. Esta energ\u00eda debe estar disponible durante todo el d\u00eda. Es por eso que el principal objetivo del control de la diabetes es mantener un nivel adecuado de glucosa en sangre. Los niveles normales de glucosa en sangre se encuentran entre 80-120 mg\/dL en ayunas. Dos horas despu\u00e9s de comer el l\u00edmite es de 140 mg\/dl. No todas las personas con diabetes pueden alcanzar niveles &#8220;normales&#8221;. Su nivel adecuado debe discutirse con su m\u00e9dico.<\/p>\n<p>Pueden surgir problemas con niveles de glucosa en sangre demasiado altos o demasiado bajos. En el primer caso, cuando el nivel es demasiado alto, puede tener un episodio de hiperglucemia. En este \u00faltimo caso, cuando el nivel de glucosa en sangre es demasiado bajo, puede desarrollar hipoglucemia. Es importante comprender las causas y los s\u00edntomas de niveles altos o bajos de glucosa en sangre. Tambi\u00e9n es importante saber qu\u00e9 hacer en estos casos.<\/p>\n<p>Todo el mundo desea mantener su nivel de az\u00facar en sangre en un nivel adecuado. Esto es posible cuando alcanza un equilibrio entre la alimentaci\u00f3n, el ejercicio y, si es necesario, la toma de medicamentos. Otros factores pueden afectar los niveles de az\u00facar en sangre como las emociones o la enfermedad; por eso es esencial controlar un nivel de az\u00facar en sangre que le ayude a controlar su diabetes.<\/p>\n","protected":false},"excerpt":{"rendered":"<p>La glucosa y otros nutrientes son asimilados por nuestro cuerpo a trav\u00e9s del proceso de digesti\u00f3n. Nuestra sangre transporta la glucosa hacia nuestras c\u00e9lulas, y all\u00ed las convierte en energ\u00eda. Esta es la raz\u00f3n por la cual es importante tener una cierta cantidad de glucosa en sangre: para tener energ\u00eda en su cuerpo. Esta energ\u00eda [&hellip;]<\/p>\n","protected":false},"author":7,"featured_media":0,"parent":1306,"menu_order":1,"comment_status":"closed","ping_status":"open","template":"","meta":{"footnotes":""},"class_list":["post-1337","page","type-page","status-publish","hentry"],"_links":{"self":[{"href":"https:\/\/p2dm.salzburgresearch.at\/es\/wp-json\/wp\/v2\/pages\/1337","targetHints":{"allow":["GET"]}}],"collection":[{"href":"https:\/\/p2dm.salzburgresearch.at\/es\/wp-json\/wp\/v2\/pages"}],"about":[{"href":"https:\/\/p2dm.salzburgresearch.at\/es\/wp-json\/wp\/v2\/types\/page"}],"author":[{"embeddable":true,"href":"https:\/\/p2dm.salzburgresearch.at\/es\/wp-json\/wp\/v2\/users\/7"}],"replies":[{"embeddable":true,"href":"https:\/\/p2dm.salzburgresearch.at\/es\/wp-json\/wp\/v2\/comments?post=1337"}],"version-history":[{"count":2,"href":"https:\/\/p2dm.salzburgresearch.at\/es\/wp-json\/wp\/v2\/pages\/1337\/revisions"}],"predecessor-version":[{"id":1340,"href":"https:\/\/p2dm.salzburgresearch.at\/es\/wp-json\/wp\/v2\/pages\/1337\/revisions\/1340"}],"up":[{"embeddable":true,"href":"https:\/\/p2dm.salzburgresearch.at\/es\/wp-json\/wp\/v2\/pages\/1306"}],"wp:attachment":[{"href":"https:\/\/p2dm.salzburgresearch.at\/es\/wp-json\/wp\/v2\/media?parent=1337"}],"curies":[{"name":"wp","href":"https:\/\/api.w.org\/{rel}","templated":true}]}}