{"id":1332,"date":"2018-03-21T09:04:42","date_gmt":"2018-03-21T09:04:42","guid":{"rendered":"https:\/\/p2dm.salzburgresearch.at\/?page_id=1332"},"modified":"2018-03-21T09:04:42","modified_gmt":"2018-03-21T09:04:42","slug":"hipoglucemia","status":"publish","type":"page","link":"https:\/\/p2dm.salzburgresearch.at\/es\/diabetes\/controles-glucemicos\/hipoglucemia\/","title":{"rendered":"Hipoglucemia"},"content":{"rendered":"<p><strong>Causas y s\u00edntomas<\/strong><\/p>\n<p>La hipoglucemia ocurre cuando el nivel de az\u00facar en sangre es anormalmente bajo (generalmente menos de 70 mg\/dl). Esto es solo una indicaci\u00f3n ya que tiene que hablar con su m\u00e9dico acerca de sus objetivos personales de glucosa en sangre.<\/p>\n<p>Es necesario aprender sus propios signos y s\u00edntomas de glucemia baja, porque la reacci\u00f3n de cada persona es diferente. Los s\u00edntomas de hipoglucemia son importantes porque le alertan del bajo nivel de az\u00facar en sangre.<\/p>\n<p>Adem\u00e1s de conocer los s\u00edntomas, puede estar seguro de que tiene una hipoglucemia controlando su nivel de glucosa en sangre. Si no tiene la posibilidad de controlar su glucosa en sangre pero tiene s\u00edntomas de hipoglucemia, es aconsejable que trate la hipoglucemia. Si no se trata, la hipoglucemia severa puede causar accidentes, lesiones, coma e incluso la muerte.<\/p>\n<p><strong>Causas<\/strong><\/p>\n<p>Demasiada medicaci\u00f3n para la diabetes o insulina o mala programaci\u00f3n en la administraci\u00f3n<br \/>\nNo comer regularmente o comer menos alimentos con carbohidratos de lo normal<br \/>\nComer a horas irregulares u omitir comidas<br \/>\nM\u00e1s ejercicio o actividad f\u00edsica que ejercicio que practica de forma habitual o mal programado<br \/>\nEstr\u00e9s emocional<br \/>\nBeber alcohol con el est\u00f3mago vac\u00edo<\/p>\n<p><strong>Signos y s\u00edntomas de la hipoglucemia<\/strong><\/p>\n<p>Por lo general, inicio repentino durante horas o minutos<br \/>\nPiel fr\u00eda o sudoraci\u00f3n<br \/>\nFrecuencia cardiaca elevada<\/p>\n<p>Hambre<br \/>\nEntumecimiento u hormigueo (en dedos de manos y pies)<br \/>\nTemblor, confusi\u00f3n, nerviosismo o irritabilidad<br \/>\nDificultad en el habla<br \/>\nDolor de cabeza<br \/>\nConvulsiones<br \/>\nSudores nocturnos<br \/>\nSue\u00f1o no reparador<br \/>\nInconsciencia<\/p>\n<p><strong>Hipoglucemia inadvertida<\/strong><\/p>\n<p>A menudo los s\u00edntomas de hipoglucemia aparecen cuando los niveles de az\u00facar en sangre caen por debajo de 70 mg\/dl. Pero podr\u00eda ocurrir que alguien tenga niveles de az\u00facar en sangre por debajo de 70 mg\/dl y no tenga ning\u00fan s\u00edntoma. Esto se llama hipoglucemia inadvertida. Esto le puede ocurrir con mayor frecuencia a aquellos que tienen episodios frecuentes de glucosa baja en sangre o ha tenido diabetes durante mucho tiempo. Si sospecha que la hipoglucemia no es consciente, debe hablar con su m\u00e9dico. \u00c9l\/ella puede querer aumentar sus objetivos de glucosa en sangre para evitar el riesgo de hipoglucemia en el futuro.<\/p>\n<p><strong>Otras causas de s\u00edntomas<\/strong><\/p>\n<p>Hay personas que sienten s\u00edntomas de hipoglucemia cuando su nivel de az\u00facar en la sangre est\u00e1 por encima de 70 mg\/dl. Esto puede suceder cuando el nivel de az\u00facar en la sangre es alto y comienza a disminuir r\u00e1pidamente. En tales casos, debe hablarlo con su m\u00e9dico y ajustar su tratamiento.<\/p>\n<p>La hipoglucemia se puede prevenir con un buen manejo de la diabetes. Otra pr\u00e1ctica importante es aprender a detectar la hipoglucemia lo antes posible para tratarla a tiempo.<\/p>\n","protected":false},"excerpt":{"rendered":"<p>Causas y s\u00edntomas La hipoglucemia ocurre cuando el nivel de az\u00facar en sangre es anormalmente bajo (generalmente menos de 70 mg\/dl). Esto es solo una indicaci\u00f3n ya que tiene que hablar con su m\u00e9dico acerca de sus objetivos personales de glucosa en sangre. Es necesario aprender sus propios signos y s\u00edntomas de glucemia baja, porque [&hellip;]<\/p>\n","protected":false},"author":7,"featured_media":0,"parent":1306,"menu_order":4,"comment_status":"closed","ping_status":"open","template":"","meta":{"footnotes":""},"class_list":["post-1332","page","type-page","status-publish","hentry"],"_links":{"self":[{"href":"https:\/\/p2dm.salzburgresearch.at\/es\/wp-json\/wp\/v2\/pages\/1332","targetHints":{"allow":["GET"]}}],"collection":[{"href":"https:\/\/p2dm.salzburgresearch.at\/es\/wp-json\/wp\/v2\/pages"}],"about":[{"href":"https:\/\/p2dm.salzburgresearch.at\/es\/wp-json\/wp\/v2\/types\/page"}],"author":[{"embeddable":true,"href":"https:\/\/p2dm.salzburgresearch.at\/es\/wp-json\/wp\/v2\/users\/7"}],"replies":[{"embeddable":true,"href":"https:\/\/p2dm.salzburgresearch.at\/es\/wp-json\/wp\/v2\/comments?post=1332"}],"version-history":[{"count":2,"href":"https:\/\/p2dm.salzburgresearch.at\/es\/wp-json\/wp\/v2\/pages\/1332\/revisions"}],"predecessor-version":[{"id":1336,"href":"https:\/\/p2dm.salzburgresearch.at\/es\/wp-json\/wp\/v2\/pages\/1332\/revisions\/1336"}],"up":[{"embeddable":true,"href":"https:\/\/p2dm.salzburgresearch.at\/es\/wp-json\/wp\/v2\/pages\/1306"}],"wp:attachment":[{"href":"https:\/\/p2dm.salzburgresearch.at\/es\/wp-json\/wp\/v2\/media?parent=1332"}],"curies":[{"name":"wp","href":"https:\/\/api.w.org\/{rel}","templated":true}]}}