{"id":1327,"date":"2018-03-20T19:31:32","date_gmt":"2018-03-20T19:31:32","guid":{"rendered":"https:\/\/p2dm.salzburgresearch.at\/?page_id=1327"},"modified":"2018-03-20T19:31:32","modified_gmt":"2018-03-20T19:31:32","slug":"medicamentos","status":"publish","type":"page","link":"https:\/\/p2dm.salzburgresearch.at\/es\/diabetes\/tratamiento\/medicamentos\/","title":{"rendered":"Medicamentos"},"content":{"rendered":"<p><strong>Medicamentos para la diabetes<\/strong><\/p>\n<p>Al comenzar su tratamiento, su m\u00e9dico trabajar\u00e1 estrechamente con usted una terapia libre de f\u00e1rmacos (dieta, ejercicio y estilo de vida saludable). La efectividad de esta terapia debe ser comprobada en un periodo de unos 3 meses. En este caso, su cooperaci\u00f3n es muy importante. Si no se pueden alcanzar los primeros objetivos terap\u00e9uticos, su m\u00e9dico puede recetarle medicamentos que disminuir\u00e1n su glucemia. Tenga en cuenta que esto no significa que deba olvidar sus cambios en el estilo de vida. El estilo de vida &#8220;correcto&#8221; solo respaldar\u00e1 el tratamiento m\u00e9dico y lo ayudar\u00e1 a alcanzar sus objetivos terap\u00e9uticos.<\/p>\n<p>La decisi\u00f3n sobre qu\u00e9 medicamento es mejor depende de muchos factores, incluido su nivel de az\u00facar en sangre y otros problemas de salud que pueda tener. Su m\u00e9dico incluso podr\u00eda combinar medicamentos de diferentes clases para ayudarle a controlar su glucemia de diferentes maneras.<\/p>\n<p>El medicamento en forma de comprimidos o c\u00e1psulas reduce la glucosa de diferentes maneras. Algunos de ellos aumentan la secreci\u00f3n de insulina, otros mejoran la sensibilidad del cuerpo a la insulina. Otros retrasan o evitan que la glucosa sea absorbida en el intestino.<\/p>\n<p>A menudo, a las personas que son reci\u00e9n diagnosticadas se les prescribir\u00e1 metformina (Glucophage, Glumetza, otras), un medicamento para la diabetes que mejora la sensibilidad de los tejidos del cuerpo a la insulina y reduce la producci\u00f3n de glucosa en el h\u00edgado.<\/p>\n<p>Algunos medicamentos para la diabetes estimulan el p\u00e1ncreas produciendo y liberando m\u00e1s insulina. Estos son: Glipizida, gliburida y glimepirida. Otros bloquean la acci\u00f3n de las enzimas que descomponen los carbohidratos en el intestino, como la acarbosa, o hacen que los tejidos sean m\u00e1s sensibles a la insulina, como la metformina.<\/p>\n<p>Discuta los pros y los contras de diferentes medicamentos con su m\u00e9dico. Juntos pueden decidir qu\u00e9 medicamento es mejor para usted teniendo en cuenta muchos factores, incluidos el aspecto econ\u00f3mico y otros relacionados con su salud.<\/p>\n<p>Adem\u00e1s de los medicamentos para la diabetes, es posible que su m\u00e9dico le recete una dosis baja de aspirina, as\u00ed como tambi\u00e9n medicamentos para reducir la presi\u00f3n arterial y el colesterol para ayudarle a prevenir enfermedades card\u00edacas y vasculares.<\/p>\n","protected":false},"excerpt":{"rendered":"<p>Medicamentos para la diabetes Al comenzar su tratamiento, su m\u00e9dico trabajar\u00e1 estrechamente con usted una terapia libre de f\u00e1rmacos (dieta, ejercicio y estilo de vida saludable). La efectividad de esta terapia debe ser comprobada en un periodo de unos 3 meses. En este caso, su cooperaci\u00f3n es muy importante. Si no se pueden alcanzar los [&hellip;]<\/p>\n","protected":false},"author":7,"featured_media":0,"parent":1465,"menu_order":2,"comment_status":"closed","ping_status":"closed","template":"","meta":{"footnotes":""},"class_list":["post-1327","page","type-page","status-publish","hentry"],"_links":{"self":[{"href":"https:\/\/p2dm.salzburgresearch.at\/es\/wp-json\/wp\/v2\/pages\/1327","targetHints":{"allow":["GET"]}}],"collection":[{"href":"https:\/\/p2dm.salzburgresearch.at\/es\/wp-json\/wp\/v2\/pages"}],"about":[{"href":"https:\/\/p2dm.salzburgresearch.at\/es\/wp-json\/wp\/v2\/types\/page"}],"author":[{"embeddable":true,"href":"https:\/\/p2dm.salzburgresearch.at\/es\/wp-json\/wp\/v2\/users\/7"}],"replies":[{"embeddable":true,"href":"https:\/\/p2dm.salzburgresearch.at\/es\/wp-json\/wp\/v2\/comments?post=1327"}],"version-history":[{"count":1,"href":"https:\/\/p2dm.salzburgresearch.at\/es\/wp-json\/wp\/v2\/pages\/1327\/revisions"}],"predecessor-version":[{"id":1328,"href":"https:\/\/p2dm.salzburgresearch.at\/es\/wp-json\/wp\/v2\/pages\/1327\/revisions\/1328"}],"up":[{"embeddable":true,"href":"https:\/\/p2dm.salzburgresearch.at\/es\/wp-json\/wp\/v2\/pages\/1465"}],"wp:attachment":[{"href":"https:\/\/p2dm.salzburgresearch.at\/es\/wp-json\/wp\/v2\/media?parent=1327"}],"curies":[{"name":"wp","href":"https:\/\/api.w.org\/{rel}","templated":true}]}}