{"id":1325,"date":"2018-03-20T18:55:25","date_gmt":"2018-03-20T18:55:25","guid":{"rendered":"https:\/\/p2dm.salzburgresearch.at\/?page_id=1325"},"modified":"2018-03-20T18:55:25","modified_gmt":"2018-03-20T18:55:25","slug":"control-de-su-azucar-en-sangre","status":"publish","type":"page","link":"https:\/\/p2dm.salzburgresearch.at\/es\/diabetes\/tratamiento\/control-de-su-azucar-en-sangre\/","title":{"rendered":"Control de su az\u00facar en sangre"},"content":{"rendered":"<p><strong>Controlando el az\u00facar en sangre (ver medici\u00f3n)<\/strong><\/p>\n<p>Parte de su tratamiento siempre debe incluir el control de su terapia, especialmente si la terapia reduce sus niveles de az\u00facar en sangre (glucemia) a largo plazo. Es importante medir su glucemia para evaluar si los medicamentos prescritos est\u00e1n dosificados correctamente.<br \/>\nDependiendo de su plan de tratamiento, puede verificar y registrar su glucemia a lo largo del d\u00eda, una vez al d\u00eda o varias veces a la semana. La supervisi\u00f3n cuidadosa es la \u00fanica manera de asegurarse de que su glucemia se mantenga dentro de su rango objetivo.<\/p>\n<p>Incluso si come siempre a la misma hora, la glucemia puede cambiar de manera impredecible. Aprender\u00e1 a controlar c\u00f3mo cambia su glucemia en respuesta a:<\/p>\n<p><strong>Dieta<\/strong>. Qu\u00e9 y cu\u00e1nto comer\u00e1 afectar\u00e1 su glucemia. El nivel de az\u00facar en sangre generalmente es m\u00e1s alto una o dos horas despu\u00e9s de una comida.<br \/>\n<strong>Actividad f\u00edsica.<\/strong> La actividad f\u00edsica mueve el az\u00facar de su sangre hacia sus c\u00e9lulas. Mientras m\u00e1s activo seas, menor ser\u00e1 tu glucemia.<br \/>\n<strong>Medicaci\u00f3n.<\/strong> Cualquier medicamento que tome puede afectar su glucemia, por lo que a veces se requiere cambios en su plan de tratamiento.<br \/>\n<strong>Enfermedad.<\/strong> Durante un resfriado u otra enfermedad, su cuerpo producir\u00e1 hormonas que elevar\u00e1n su glucemia.<br \/>\n<strong>Alcohol.<\/strong> El alcohol y las sustancias que usa para preparar bebidas mezcladas pueden causar niveles altos o bajos de glucemia, dependiendo de cu\u00e1nto beba y si come al mismo tiempo.<br \/>\n<strong>Estr\u00e9s.<\/strong> Las hormonas que su cuerpo puede producir en respuesta a un estr\u00e9s prolongado, pueden evitar que la insulina funcione correctamente.<br \/>\n<strong>Para las mujeres, las fluctuaciones en los niveles hormonales.<\/strong> A medida que sus niveles de hormonas fluct\u00faan durante su ciclo menstrual, tambi\u00e9n lo hace su glucemia, particularmente en la semana anterior a la menstruaci\u00f3n. La menopausia tambi\u00e9n puede provocar fluctuaciones en glucemia.<br \/>\n<strong>Alimentaci\u00f3n saludable<\/strong> En contra de la percepci\u00f3n popular, no existe una dieta para la diabetes. Sin embargo, es importante tener una dieta equilibrada.<\/p>\n<p><strong>HbA1c<\/strong><\/p>\n<p>La HbA1c es un valor importante con el que usted y su m\u00e9dico pueden evaluar el curso de su enfermedad. Debe determinarse entre dos y cuatro veces al a\u00f1o. Este valor es similar a la memoria a largo plazo para la\u00a0glucemia y su objetivo de HbA1c puede variar seg\u00fan su edad y otros factores.<\/p>\n<p>En comparaci\u00f3n con las repetidas pruebas diarias de az\u00facar en la sangre, las pruebas de HbA1c indica c\u00f3mo est\u00e1 funcionando su plan de tratamiento de la diabetes. Un nivel elevado de HbA1c puede indicar la necesidad de un cambio en su medicaci\u00f3n o plan de comidas.<\/p>\n<p>Adem\u00e1s de la prueba HbA1c, su m\u00e9dico puede tomar muestras de sangre y orina peri\u00f3dicamente para controlar sus niveles de colesterol, funci\u00f3n tiroidea, funci\u00f3n hep\u00e1tica y funci\u00f3n renal. Su m\u00e9dico tambi\u00e9n puede evaluar su presi\u00f3n arterial.<\/p>\n<p>Los tests de orina es otra herramienta para controlar sus niveles de az\u00facar en sangre.<\/p>\n<p><strong>Test de orina (ver medici\u00f3n)<\/strong><\/p>\n<p>El test de orina para controlar el nivel de glucosa es relativamente simple. El principio detr\u00e1s de esto es que a partir de una cierta concentraci\u00f3n de az\u00facar en sangre, el cuerpo liberar\u00e1 cada vez m\u00e1s az\u00facar a trav\u00e9s de la orina. El test de orina se lleva a cabo mojando una tira reactiva con algo de orina del paciente y comparando posteriormente el cambio de color en la tira con un cuadro de colores provisto por el fabricante. Sin embargo, hay algunas desventajas. Es menos sensible que las pruebas de glucosa en sangre y no puede detectar la hipoglucemia.<\/p>\n<p>Los tests de orina s\u00f3lo son una evaluaci\u00f3n retrospectiva de los niveles de glucosa en sangre, ya que s\u00f3lo reflejan los niveles de glucosa en sangre desde la \u00faltima vez que se vaci\u00f3 la vejiga.<\/p>\n<p>Hoy en d\u00eda, las pruebas de orina se utilizan principalmente con pacientes que pueden mantener sus niveles de az\u00facar en sangre en un nivel normal con solo cambios de estilo de vida y nutrici\u00f3n.<\/p>\n","protected":false},"excerpt":{"rendered":"<p>Controlando el az\u00facar en sangre (ver medici\u00f3n) Parte de su tratamiento siempre debe incluir el control de su terapia, especialmente si la terapia reduce sus niveles de az\u00facar en sangre (glucemia) a largo plazo. Es importante medir su glucemia para evaluar si los medicamentos prescritos est\u00e1n dosificados correctamente. Dependiendo de su plan de tratamiento, puede [&hellip;]<\/p>\n","protected":false},"author":7,"featured_media":0,"parent":1465,"menu_order":1,"comment_status":"closed","ping_status":"closed","template":"","meta":{"footnotes":""},"class_list":["post-1325","page","type-page","status-publish","hentry"],"_links":{"self":[{"href":"https:\/\/p2dm.salzburgresearch.at\/es\/wp-json\/wp\/v2\/pages\/1325","targetHints":{"allow":["GET"]}}],"collection":[{"href":"https:\/\/p2dm.salzburgresearch.at\/es\/wp-json\/wp\/v2\/pages"}],"about":[{"href":"https:\/\/p2dm.salzburgresearch.at\/es\/wp-json\/wp\/v2\/types\/page"}],"author":[{"embeddable":true,"href":"https:\/\/p2dm.salzburgresearch.at\/es\/wp-json\/wp\/v2\/users\/7"}],"replies":[{"embeddable":true,"href":"https:\/\/p2dm.salzburgresearch.at\/es\/wp-json\/wp\/v2\/comments?post=1325"}],"version-history":[{"count":1,"href":"https:\/\/p2dm.salzburgresearch.at\/es\/wp-json\/wp\/v2\/pages\/1325\/revisions"}],"predecessor-version":[{"id":1326,"href":"https:\/\/p2dm.salzburgresearch.at\/es\/wp-json\/wp\/v2\/pages\/1325\/revisions\/1326"}],"up":[{"embeddable":true,"href":"https:\/\/p2dm.salzburgresearch.at\/es\/wp-json\/wp\/v2\/pages\/1465"}],"wp:attachment":[{"href":"https:\/\/p2dm.salzburgresearch.at\/es\/wp-json\/wp\/v2\/media?parent=1325"}],"curies":[{"name":"wp","href":"https:\/\/api.w.org\/{rel}","templated":true}]}}