{"id":1323,"date":"2018-03-20T18:17:41","date_gmt":"2018-03-20T18:17:41","guid":{"rendered":"https:\/\/p2dm.salzburgresearch.at\/?page_id=1323"},"modified":"2018-03-20T18:17:41","modified_gmt":"2018-03-20T18:17:41","slug":"historia","status":"publish","type":"page","link":"https:\/\/p2dm.salzburgresearch.at\/es\/diabetes\/que-es-la-diabetes\/historia\/","title":{"rendered":"Historia"},"content":{"rendered":"<p><strong>Historia de la diabetes<\/strong><\/p>\n<p>La primera menci\u00f3n de la diabetes hasta la fecha ocurri\u00f3 hace 2000 a\u00f1os. La enfermedad fue nombrada por primera vez por un m\u00e9dico griego, quien la describi\u00f3 como &#8220;la enfermedad misteriosa&#8221;. Otros m\u00e9dicos de la antig\u00fcedad reconocieron y documentaron los s\u00edntomas de la diabetes, pero fueron impotentes. La palabra diabetes mellitus se origina de la palabra griega diabetes, que significa &#8220;paso&#8221; y el mellitus est\u00e1 relacionado con el lat\u00edn, que significa &#8220;miel&#8221;.<\/p>\n<p><strong>Hitos en la historia de la diabetes<\/strong><\/p>\n<p>Siglo XVII: el Dr. Thomas Willis comenz\u00f3 el diagn\u00f3stico de la diabetes a trav\u00e9s de muestras de orina. Este m\u00e9todo fue el \u00fanico utilizado hasta el siglo XX.<\/p>\n<p>Principios del siglo XX: el Dr. Frederick Allen recet\u00f3 dietas bajas en calor\u00edas a sus pacientes. Esta dieta dio como resultado una vida m\u00e1s prolongada a los pacientes con diabetes, pero los pacientes estaban muriendo de hambre por la baja ingesta de calor\u00edas.<\/p>\n<p>1921 el descubrimiento de la insulina: el Dr. Frederick Banting y el Dr. Charles Best en Toronto, Canad\u00e1, hicieron que un perro diab\u00e9tico viviera durante 70 d\u00edas gracias a una inyecci\u00f3n de extracto de p\u00e1ncreas canino. Junto con el Dr. Bertram Collip y el Dr. John Macleod, crearon un extracto de insulina m\u00e1s refinado. Con eso trataron a Leonard Thompson, un ni\u00f1o que se estaba muriendo debido a la diabetes. En las siguientes 24 horas, el nivel de az\u00facar en sangre de Leonard baj\u00f3 a niveles casi normales.<\/p>\n<p>La noticia de este descubrimiento se extendi\u00f3 r\u00e1pidamente por todo el mundo y en 1923 el Dr. Banting y el Dr. Macleod recibieron el Premio Nobel de Fisiolog\u00eda y Medicina por su descubrimiento. Desde entonces, gracias a este descubrimiento m\u00e9dico mejor\u00f3 las condiciones de vida de los pacientes con diabetes.<\/p>\n<p>1935 el descubrimiento de dos tipos de diabetes: el Dr. Roger Hinsworth descubri\u00f3 los dos tipos de diabetes: &#8220;sensible a la insulina&#8221; (tipo I) e &#8220;insensible a la insulina&#8221; (tipo II). Esta diferenciaci\u00f3n permiti\u00f3 desarrollar tratamientos m\u00e1s espec\u00edficos.<\/p>\n<p>Medicamentos orales de los a\u00f1os 50 (sulfonilureas): se desarrollaron nuevos medicamentos orales para personas que sufren de diabetes tipo II. La funci\u00f3n de estos nuevos medicamentos era estimular la producci\u00f3n de insulina en el p\u00e1ncreas.<\/p>\n<p>D\u00e9cada de 1960: invenci\u00f3n de tiras de orina: la introducci\u00f3n de tiras de orina simplific\u00f3 la forma de detectar el nivel de az\u00facar en la sangre. Los pacientes podr\u00edan comenzar f\u00e1cilmente a controlar su diabetes por s\u00ed mismos.<\/p>\n<p>1969 primer medidor de glucosa port\u00e1til: Ames Diagnostics desarroll\u00f3 el primer medidor de glucosa port\u00e1til. Desde entonces, la tecnolog\u00eda contribuy\u00f3 a la invenci\u00f3n de dispositivos port\u00e1tiles cada vez m\u00e1s peque\u00f1os.<\/p>\n<p>La invenci\u00f3n de la bomba de insulina de finales de los 70: el mecanismo de la bomba de insulina imita la liberaci\u00f3n de insulina en el cuerpo. Sin embargo, las primeras bombas para dispensar insulina eran grandes y pesadas. El avance de la tecnolog\u00eda permiti\u00f3 desarrollar dispositivos m\u00e1s simples y port\u00e1tiles.<\/p>\n<p>1979, el primer sistema de administraci\u00f3n de insulina sin aguja: en 1979, Derrata distribuy\u00f3 el primer sistema de administraci\u00f3n de insulina sin aguja. Era muy pesado y caro, pero este fue el primer paso hacia los modernos inyectores sin aguja compactos con presi\u00f3n ajustable.<\/p>\n<p>1979 la invenci\u00f3n de la prueba de hemoglobina A1c (HbA1c): la prueba de hemoglobina permiti\u00f3 una medici\u00f3n m\u00e1s precisa de los niveles de az\u00facar en sangre. La HbA1c se convirti\u00f3 en una medida est\u00e1ndar para el control del az\u00facar en sangre en el famoso estudio de diez a\u00f1os 1983-1993, el Ensayo de Complicaciones y Control de la Diabetes (DCCT).<\/p>\n<p>La investigaci\u00f3n mostr\u00f3 que las personas capaces de mantener su nivel de glucosa en sangre casi normal ten\u00edan menos probabilidad de desarrollar complicaciones. Esta evidencia cambi\u00f3 el enfoque de los m\u00e9dicos hacia el control del nivel de glucosa en sangre. Ahora estaba claro que la monitorizaci\u00f3n junto con el tratamiento podr\u00eda marcar la diferencia en la vida de los pacientes con diabetes.<\/p>\n<p>1995 la aprobaci\u00f3n de Metformina: Metformina es un medicamento oral para pacientes con diabetes tipo II. Fue aprobado por la FDA en Estados Unidos en 1995. La metformina act\u00faa en el h\u00edgado al reducir la producci\u00f3n de glucosa. Las sulfonilureas en cambio act\u00faan aumentando la liberaci\u00f3n de insulina en el p\u00e1ncreas. Estos dos medicamentos han demostrado ser m\u00e1s efectivos si se usan juntos en pacientes con diabetes tipo II.<\/p>\n","protected":false},"excerpt":{"rendered":"<p>Historia de la diabetes La primera menci\u00f3n de la diabetes hasta la fecha ocurri\u00f3 hace 2000 a\u00f1os. La enfermedad fue nombrada por primera vez por un m\u00e9dico griego, quien la describi\u00f3 como &#8220;la enfermedad misteriosa&#8221;. Otros m\u00e9dicos de la antig\u00fcedad reconocieron y documentaron los s\u00edntomas de la diabetes, pero fueron impotentes. La palabra diabetes mellitus [&hellip;]<\/p>\n","protected":false},"author":7,"featured_media":0,"parent":1320,"menu_order":3,"comment_status":"closed","ping_status":"open","template":"","meta":{"footnotes":""},"class_list":["post-1323","page","type-page","status-publish","hentry"],"_links":{"self":[{"href":"https:\/\/p2dm.salzburgresearch.at\/es\/wp-json\/wp\/v2\/pages\/1323","targetHints":{"allow":["GET"]}}],"collection":[{"href":"https:\/\/p2dm.salzburgresearch.at\/es\/wp-json\/wp\/v2\/pages"}],"about":[{"href":"https:\/\/p2dm.salzburgresearch.at\/es\/wp-json\/wp\/v2\/types\/page"}],"author":[{"embeddable":true,"href":"https:\/\/p2dm.salzburgresearch.at\/es\/wp-json\/wp\/v2\/users\/7"}],"replies":[{"embeddable":true,"href":"https:\/\/p2dm.salzburgresearch.at\/es\/wp-json\/wp\/v2\/comments?post=1323"}],"version-history":[{"count":1,"href":"https:\/\/p2dm.salzburgresearch.at\/es\/wp-json\/wp\/v2\/pages\/1323\/revisions"}],"predecessor-version":[{"id":1324,"href":"https:\/\/p2dm.salzburgresearch.at\/es\/wp-json\/wp\/v2\/pages\/1323\/revisions\/1324"}],"up":[{"embeddable":true,"href":"https:\/\/p2dm.salzburgresearch.at\/es\/wp-json\/wp\/v2\/pages\/1320"}],"wp:attachment":[{"href":"https:\/\/p2dm.salzburgresearch.at\/es\/wp-json\/wp\/v2\/media?parent=1323"}],"curies":[{"name":"wp","href":"https:\/\/api.w.org\/{rel}","templated":true}]}}