{"id":1320,"date":"2018-03-20T13:10:47","date_gmt":"2018-03-20T13:10:47","guid":{"rendered":"https:\/\/p2dm.salzburgresearch.at\/?page_id=1320"},"modified":"2018-05-04T06:46:37","modified_gmt":"2018-05-04T06:46:37","slug":"que-es-la-diabetes","status":"publish","type":"page","link":"https:\/\/p2dm.salzburgresearch.at\/es\/diabetes\/que-es-la-diabetes\/","title":{"rendered":"\u00bfQu\u00e9 es la diabetes?"},"content":{"rendered":"<p>La diabetes (diabetes mellitus) se refiere a un grupo de enfermedades cr\u00f3nicas que afectan la forma en que su cuerpo utiliza la glucosa: az\u00facar en sangre. Si padece diabetes, significa que su cuerpo no puede producir insulina y \/ o que las c\u00e9lulas de su cuerpo no pueden reaccionar adecuadamente a la insulina. Esto causa que el az\u00facar en sangre est\u00e9 por encima de 126 mg\/dl en ayunas.<\/p>\n<p>La insulina es una hormona que permite que la glucosa que se consume a trav\u00e9s de los alimentos se convierta en energ\u00eda para ser utilizada por su cuerpo. Esto es posible al descomponer los carbohidratos en glucosa en la sangre, que luego es transportada por la insulina hacia las c\u00e9lulas individuales. La glucosa es fundamental para el funcionamiento cerebral y tambi\u00e9n es necesaria en el resto de \u00f3rganos y tejidos.<\/p>\n<p>Si su cuerpo no puede utilizar o producir insulina, el nivel de glucosa en sangre aumenta; este fen\u00f3meno se denomina hiperglucemia. Si esta condici\u00f3n persiste, puede da\u00f1ar el cuerpo y sus \u00f3rganos. Esto puede conducir a serios problemas de salud.<\/p>\n<p>En las \u00faltimas d\u00e9cadas, la diabetes se ha extendido por todo el mundo y la preocupaci\u00f3n de la OMS y otras instituciones est\u00e1 creciendo. Como resultado, el D\u00eda Mundial de la Diabetes se celebra el 14 de noviembre para crear conciencia sobre la prevalencia de la diabetes y los factores de riesgo.<\/p>\n<p>Diferentes tipos de diabetes<\/p>\n<p>Definimos la diabetes como un grupo de enfermedades. La diabetes incluye de hecho dos tipos principales: tipo 1 y tipo 2. La definici\u00f3n de ambos tipos por la Organizaci\u00f3n Mundial de la Salud es la siguiente:<\/p>\n<p>La diabetes tipo 1 (anteriormente conocida como diabetes insulinodependiente o de inicio en la infancia) se caracteriza por la falta de producci\u00f3n de insulina.<\/p>\n<p>La diabetes tipo 2 (antes llamada diabetes no insulinodependiente o diabetes de inicio en el adulto) es causada por un uso ineficaz de la insulina por parte del cuerpo.<\/p>\n<p>Tanto la diabetes tipo 1 como la tipo 2 son serias. No existe la diabetes leve.<\/p>\n<p>Otras formas de diabetes conocidas son la prediabetes y la diabetes gestacional. En la prediabetes, el nivel de az\u00facar en sangre es alto pero no excesivo. La diabetes gestacional (DG) aparece por primera vez durante el embarazo, pero puede desaparecer posteriormente. Se desarrolla en 1 de cada 25 embarazos en todo el mundo y se asocia con complicaciones tanto para la madre como para el beb\u00e9. Aproximadamente la mitad de las mujeres con antecedentes de DG desarrollan diabetes tipo 2 entre los cinco y los diez a\u00f1os posteriores al parto.<\/p>\n","protected":false},"excerpt":{"rendered":"<p>La diabetes (diabetes mellitus) se refiere a un grupo de enfermedades cr\u00f3nicas que afectan la forma en que su cuerpo utiliza la glucosa: az\u00facar en sangre. Si padece diabetes, significa que su cuerpo no puede producir insulina y \/ o que las c\u00e9lulas de su cuerpo no pueden reaccionar adecuadamente a la insulina. Esto causa [&hellip;]<\/p>\n","protected":false},"author":7,"featured_media":0,"parent":1341,"menu_order":1,"comment_status":"closed","ping_status":"open","template":"","meta":{"footnotes":""},"class_list":["post-1320","page","type-page","status-publish","hentry"],"_links":{"self":[{"href":"https:\/\/p2dm.salzburgresearch.at\/es\/wp-json\/wp\/v2\/pages\/1320","targetHints":{"allow":["GET"]}}],"collection":[{"href":"https:\/\/p2dm.salzburgresearch.at\/es\/wp-json\/wp\/v2\/pages"}],"about":[{"href":"https:\/\/p2dm.salzburgresearch.at\/es\/wp-json\/wp\/v2\/types\/page"}],"author":[{"embeddable":true,"href":"https:\/\/p2dm.salzburgresearch.at\/es\/wp-json\/wp\/v2\/users\/7"}],"replies":[{"embeddable":true,"href":"https:\/\/p2dm.salzburgresearch.at\/es\/wp-json\/wp\/v2\/comments?post=1320"}],"version-history":[{"count":1,"href":"https:\/\/p2dm.salzburgresearch.at\/es\/wp-json\/wp\/v2\/pages\/1320\/revisions"}],"predecessor-version":[{"id":1321,"href":"https:\/\/p2dm.salzburgresearch.at\/es\/wp-json\/wp\/v2\/pages\/1320\/revisions\/1321"}],"up":[{"embeddable":true,"href":"https:\/\/p2dm.salzburgresearch.at\/es\/wp-json\/wp\/v2\/pages\/1341"}],"wp:attachment":[{"href":"https:\/\/p2dm.salzburgresearch.at\/es\/wp-json\/wp\/v2\/media?parent=1320"}],"curies":[{"name":"wp","href":"https:\/\/api.w.org\/{rel}","templated":true}]}}