{"id":1318,"date":"2018-03-20T12:54:03","date_gmt":"2018-03-20T12:54:03","guid":{"rendered":"https:\/\/p2dm.salzburgresearch.at\/?page_id=1318"},"modified":"2018-03-20T12:54:03","modified_gmt":"2018-03-20T12:54:03","slug":"sintomas","status":"publish","type":"page","link":"https:\/\/p2dm.salzburgresearch.at\/es\/diabetes\/que-es-la-diabetes\/sintomas\/","title":{"rendered":"S\u00edntomas"},"content":{"rendered":"<p>Algunos de los signos y s\u00edntomas m\u00e1s frecuentes de la diabetes tipo 1 y tipo 2 son los siguientes:<\/p>\n<p>Aumento de la sed<br \/>\nMicci\u00f3n frecuente<br \/>\nHambre extrema<br \/>\nP\u00e9rdida de peso inexplicable<br \/>\nFatiga<br \/>\nVisi\u00f3n borrosa<br \/>\nHeridas que curan lentamente<br \/>\nPresi\u00f3n arterial elevada<br \/>\nInfecciones frecuentes (por ejemplo en enc\u00edas o en la piel, vaginales o infecciones de la vejiga)<br \/>\nLos s\u00edntomas de la diabetes var\u00edan seg\u00fan el nivel de az\u00facar en sangre. Algunas personas pueden no experimentar los s\u00edntomas inicialmente. Este es especialmente el caso de personas en pre-diabetes o con diabetes tipo 2. Con los pacientes de tipo 1, los s\u00edntomas tienden a tener un inicio m\u00e1s r\u00e1pido y ser de mayor gravedad.<\/p>\n<p>Intentar reconocer los s\u00edntomas es importante y es bueno recordar que la diabetes tipo 1 puede desarrollarse a cualquier edad. Sin embargo, generalmente aparece durante la infancia o la adolescencia. La diabetes tipo 2 es m\u00e1s com\u00fan y puede desarrollarse a cualquier edad y a menudo es posible prevenirla.<\/p>\n","protected":false},"excerpt":{"rendered":"<p>Algunos de los signos y s\u00edntomas m\u00e1s frecuentes de la diabetes tipo 1 y tipo 2 son los siguientes: Aumento de la sed Micci\u00f3n frecuente Hambre extrema P\u00e9rdida de peso inexplicable Fatiga Visi\u00f3n borrosa Heridas que curan lentamente Presi\u00f3n arterial elevada Infecciones frecuentes (por ejemplo en enc\u00edas o en la piel, vaginales o infecciones de [&hellip;]<\/p>\n","protected":false},"author":7,"featured_media":0,"parent":1320,"menu_order":2,"comment_status":"closed","ping_status":"open","template":"","meta":{"footnotes":""},"class_list":["post-1318","page","type-page","status-publish","hentry"],"_links":{"self":[{"href":"https:\/\/p2dm.salzburgresearch.at\/es\/wp-json\/wp\/v2\/pages\/1318","targetHints":{"allow":["GET"]}}],"collection":[{"href":"https:\/\/p2dm.salzburgresearch.at\/es\/wp-json\/wp\/v2\/pages"}],"about":[{"href":"https:\/\/p2dm.salzburgresearch.at\/es\/wp-json\/wp\/v2\/types\/page"}],"author":[{"embeddable":true,"href":"https:\/\/p2dm.salzburgresearch.at\/es\/wp-json\/wp\/v2\/users\/7"}],"replies":[{"embeddable":true,"href":"https:\/\/p2dm.salzburgresearch.at\/es\/wp-json\/wp\/v2\/comments?post=1318"}],"version-history":[{"count":1,"href":"https:\/\/p2dm.salzburgresearch.at\/es\/wp-json\/wp\/v2\/pages\/1318\/revisions"}],"predecessor-version":[{"id":1319,"href":"https:\/\/p2dm.salzburgresearch.at\/es\/wp-json\/wp\/v2\/pages\/1318\/revisions\/1319"}],"up":[{"embeddable":true,"href":"https:\/\/p2dm.salzburgresearch.at\/es\/wp-json\/wp\/v2\/pages\/1320"}],"wp:attachment":[{"href":"https:\/\/p2dm.salzburgresearch.at\/es\/wp-json\/wp\/v2\/media?parent=1318"}],"curies":[{"name":"wp","href":"https:\/\/api.w.org\/{rel}","templated":true}]}}