{"id":1316,"date":"2018-03-20T12:47:52","date_gmt":"2018-03-20T12:47:52","guid":{"rendered":"https:\/\/p2dm.salzburgresearch.at\/?page_id=1316"},"modified":"2018-03-20T12:47:52","modified_gmt":"2018-03-20T12:47:52","slug":"causas","status":"publish","type":"page","link":"https:\/\/p2dm.salzburgresearch.at\/es\/diabetes\/que-es-la-diabetes\/causas\/","title":{"rendered":"Causas"},"content":{"rendered":"<p><strong>Causas de la Diabetes<\/strong><\/p>\n<p>Durante el siglo pasado, se ha profundizado enormemente en el conocimiento y la investigaci\u00f3n sobre la Diabetes. Las causas de la la misma todav\u00eda est\u00e1n siendo investigadas. En particular, los factores de riesgo para el tipo 1 son actualmente desconocidos. Tener antecedentes familiares de la enfermedad puede aumentar ligeramente la posibilidad de desarrollarla. Adem\u00e1s, algunos factores ambientales y la exposici\u00f3n a algunas infecciones virales se han relacionado con el riesgo de desarrollar Diabetes tipo 1.<\/p>\n<p>La situaci\u00f3n en la Diabetes tipo 2 es diferente. Hay varios factores de riesgo asociados con la Diabetes tipo 2, como:<\/p>\n<p>Antecedentes familiares de diabetes<br \/>\nTener sobrepeso u obesidad<br \/>\nDieta no saludable<br \/>\nLa inactividad f\u00edsica<br \/>\nEdad avanzada<br \/>\nHipertensi\u00f3n arterial<br \/>\nEtnicidad<br \/>\nIntolerancia a la glucosa en ayunas: los niveles de glucosa en sangre son m\u00e1s altos de lo normal pero por debajo del umbral para el diagn\u00f3stico de la diabetes<br \/>\nHistoria de diabetes gestacional<br \/>\nMala nutrici\u00f3n durante el embarazo<br \/>\nTambi\u00e9n hay algunas razones sociales para un aumento en la prevalencia de la diabetes. El r\u00e1pido desarrollo social ha resultado en cambios en la dieta y la actividad f\u00edsica. Esto es as\u00ed especialmente en los pa\u00edses occidentales, donde el n\u00famero de personas que desarrollan diabetes ha aumentado dram\u00e1ticamente.<\/p>\n","protected":false},"excerpt":{"rendered":"<p>Causas de la Diabetes Durante el siglo pasado, se ha profundizado enormemente en el conocimiento y la investigaci\u00f3n sobre la Diabetes. Las causas de la la misma todav\u00eda est\u00e1n siendo investigadas. En particular, los factores de riesgo para el tipo 1 son actualmente desconocidos. Tener antecedentes familiares de la enfermedad puede aumentar ligeramente la posibilidad [&hellip;]<\/p>\n","protected":false},"author":7,"featured_media":0,"parent":1320,"menu_order":1,"comment_status":"closed","ping_status":"open","template":"","meta":{"footnotes":""},"class_list":["post-1316","page","type-page","status-publish","hentry"],"_links":{"self":[{"href":"https:\/\/p2dm.salzburgresearch.at\/es\/wp-json\/wp\/v2\/pages\/1316","targetHints":{"allow":["GET"]}}],"collection":[{"href":"https:\/\/p2dm.salzburgresearch.at\/es\/wp-json\/wp\/v2\/pages"}],"about":[{"href":"https:\/\/p2dm.salzburgresearch.at\/es\/wp-json\/wp\/v2\/types\/page"}],"author":[{"embeddable":true,"href":"https:\/\/p2dm.salzburgresearch.at\/es\/wp-json\/wp\/v2\/users\/7"}],"replies":[{"embeddable":true,"href":"https:\/\/p2dm.salzburgresearch.at\/es\/wp-json\/wp\/v2\/comments?post=1316"}],"version-history":[{"count":1,"href":"https:\/\/p2dm.salzburgresearch.at\/es\/wp-json\/wp\/v2\/pages\/1316\/revisions"}],"predecessor-version":[{"id":1317,"href":"https:\/\/p2dm.salzburgresearch.at\/es\/wp-json\/wp\/v2\/pages\/1316\/revisions\/1317"}],"up":[{"embeddable":true,"href":"https:\/\/p2dm.salzburgresearch.at\/es\/wp-json\/wp\/v2\/pages\/1320"}],"wp:attachment":[{"href":"https:\/\/p2dm.salzburgresearch.at\/es\/wp-json\/wp\/v2\/media?parent=1316"}],"curies":[{"name":"wp","href":"https:\/\/api.w.org\/{rel}","templated":true}]}}