{"id":1311,"date":"2018-03-20T12:23:15","date_gmt":"2018-03-20T12:23:15","guid":{"rendered":"https:\/\/p2dm.salzburgresearch.at\/?page_id=1311"},"modified":"2018-03-20T12:23:15","modified_gmt":"2018-03-20T12:23:15","slug":"hiperglucemia","status":"publish","type":"page","link":"https:\/\/p2dm.salzburgresearch.at\/es\/diabetes\/controles-glucemicos\/hiperglucemia\/","title":{"rendered":"Hiperglucemia"},"content":{"rendered":"<p><strong>Hiperglucemia<\/strong><\/p>\n<p>La hiperglucemia ocurre cuando el nivel de az\u00facar en sangre es demasiado alto.\u00a0Esto sucede cuando el cuerpo tiene muy poca insulina o no puede usarla.<\/p>\n<p><strong>Causas<\/strong><\/p>\n<p>Hay numerosas causas posibles de hiperglucemia:<br \/>\nInfradosificaci\u00f3n o medicaci\u00f3n mal programada<br \/>\nDemasiada ingesta de alimentos, especialmente alimentos dulces o bebidas<br \/>\nComidas mal programadas<br \/>\nMenos ejercicio de lo habitual<br \/>\nEstr\u00e9s emocional<br \/>\nMedicaci\u00f3n en malas condiciones (estaba congelada, demasiado caliente o es demasiado vieja)<br \/>\nEnfermedades como fiebre, resfriados o gripe, o tras una cirug\u00eda<\/p>\n<p><strong>S\u00edntomas<\/strong><\/p>\n<p>Por lo general, lenta aparici\u00f3n durante d\u00edas o meses<br \/>\nSed inusual y excesiva<br \/>\nMicci\u00f3n frecuente<br \/>\nFatiga, cansancio extremo<br \/>\nVisi\u00f3n borrosa<br \/>\nDolores de cabeza<br \/>\nInfecciones frecuentes o persistentes<br \/>\nP\u00e9rdida de peso inexplicable<br \/>\nN\u00e1useas y v\u00f3mitos<br \/>\nRespiraci\u00f3n profunda y r\u00e1pida<br \/>\nAliento con olor a fruta<br \/>\nAlto nivel de cetonas en la orina<br \/>\nEs posible que quiera saber c\u00f3mo puede evitar la hiperglucemia o tratarla a tiempo. Esto puede hacerse a trav\u00e9s de la monitorizaci\u00f3n de la glucosa en sangre. Su m\u00e9dico le dir\u00e1 con qu\u00e9 frecuencia debe medirla y cu\u00e1les deben ser sus niveles de glucosa en sangre.<\/p>\n<p><strong>Hiperglucemia no tratada<\/strong><\/p>\n<p>Si no se trata, la hiperglucemia puede convertirse en cetoacidosis o coma diab\u00e9tico. Esta es una condici\u00f3n que se desarrolla cuando a su cuerpo le falta insulina. Sin insulina, su cuerpo no puede convertir la glucosa en energ\u00eda y, por lo tanto, comienza a usar grasa en su lugar.<\/p>\n<p>Descomponer las grasas significa producir un residuo llamado cetonas. En grandes cantidades, el cuerpo es intolerante a las cetonas y se deshar\u00e1 de ellas a trav\u00e9s de la orina. Sin embargo, no todas las cetonas se pueden liberar a trav\u00e9s de la orina, por lo tanto, puede desarrollar cetoacidosis. Esta condici\u00f3n es potencialmente mortal y necesita de una evaluaci\u00f3n m\u00e9dica inmediata.<\/p>\n<p><strong>S\u00edntomas<\/strong><\/p>\n<p>Ante acortamiendo de la respiraci\u00f3n, aliento con olor a fruta, n\u00e1useas, v\u00f3mitos y boca muy seca contacte\u00a0con su m\u00e9dico sobre c\u00f3mo manejar esta condici\u00f3n.<\/p>\n","protected":false},"excerpt":{"rendered":"<p>Hiperglucemia La hiperglucemia ocurre cuando el nivel de az\u00facar en sangre es demasiado alto.\u00a0Esto sucede cuando el cuerpo tiene muy poca insulina o no puede usarla. Causas Hay numerosas causas posibles de hiperglucemia: Infradosificaci\u00f3n o medicaci\u00f3n mal programada Demasiada ingesta de alimentos, especialmente alimentos dulces o bebidas Comidas mal programadas Menos ejercicio de lo habitual [&hellip;]<\/p>\n","protected":false},"author":7,"featured_media":0,"parent":1306,"menu_order":3,"comment_status":"closed","ping_status":"open","template":"","meta":{"footnotes":""},"class_list":["post-1311","page","type-page","status-publish","hentry"],"_links":{"self":[{"href":"https:\/\/p2dm.salzburgresearch.at\/es\/wp-json\/wp\/v2\/pages\/1311","targetHints":{"allow":["GET"]}}],"collection":[{"href":"https:\/\/p2dm.salzburgresearch.at\/es\/wp-json\/wp\/v2\/pages"}],"about":[{"href":"https:\/\/p2dm.salzburgresearch.at\/es\/wp-json\/wp\/v2\/types\/page"}],"author":[{"embeddable":true,"href":"https:\/\/p2dm.salzburgresearch.at\/es\/wp-json\/wp\/v2\/users\/7"}],"replies":[{"embeddable":true,"href":"https:\/\/p2dm.salzburgresearch.at\/es\/wp-json\/wp\/v2\/comments?post=1311"}],"version-history":[{"count":2,"href":"https:\/\/p2dm.salzburgresearch.at\/es\/wp-json\/wp\/v2\/pages\/1311\/revisions"}],"predecessor-version":[{"id":1313,"href":"https:\/\/p2dm.salzburgresearch.at\/es\/wp-json\/wp\/v2\/pages\/1311\/revisions\/1313"}],"up":[{"embeddable":true,"href":"https:\/\/p2dm.salzburgresearch.at\/es\/wp-json\/wp\/v2\/pages\/1306"}],"wp:attachment":[{"href":"https:\/\/p2dm.salzburgresearch.at\/es\/wp-json\/wp\/v2\/media?parent=1311"}],"curies":[{"name":"wp","href":"https:\/\/api.w.org\/{rel}","templated":true}]}}