{"id":1306,"date":"2018-03-19T20:03:40","date_gmt":"2018-03-19T20:03:40","guid":{"rendered":"https:\/\/p2dm.salzburgresearch.at\/?page_id=1306"},"modified":"2018-05-07T08:34:30","modified_gmt":"2018-05-07T08:34:30","slug":"controles-glucemicos","status":"publish","type":"page","link":"https:\/\/p2dm.salzburgresearch.at\/es\/diabetes\/controles-glucemicos\/","title":{"rendered":"Controles gluc\u00e9micos"},"content":{"rendered":"<p>Realizarse correctamente controles gluc\u00e9micos es el primer paso hacia la correcta &#8220;autogesti\u00f3n&#8221; de la diabetes. En esta secci\u00f3n, puede encontrar informaci\u00f3n sobre las como realizar diferentes mediciones, los diferentes m\u00e9todos existentes para determinaci\u00f3n de niveles de glucosa y tambi\u00e9n algunos consejos \u00fatiles sobre los mismos.<\/p>\n<p>\u00bfPor qu\u00e9 deber\u00edamos medir los niveles de glucosa en \u00a0sangre?<\/p>\n<p>Medir el nivel de glucosa en sangre es la \u00fanica forma de asegurarse de que se mantenga dentro del rango objetivo. La frecuencia con que debe verificar y registrar los datos sobre sus niveles de glucosa en \u00a0sangre depende en gran medida de su tratamiento y las indicaciones de sus m\u00e9dicos. Si est\u00e1 recibiendo tratamiento con insulina, tambi\u00e9n puede usar un monitor de glucosa continuo, pero , esta tecnolog\u00eda no puede reemplazar un medidor de glucosa. Sin embargo, puede brindarle informaci\u00f3n importante sobre las tendencias en los niveles de glucosa en sangre.<\/p>\n<p>Puede pensar que ha aprendido a comer correctamente y que sigue un horario estricto, por lo que, la realizarse controles no es necesario . Sin embargo, la glucemia puede cambiar de manera impredecible y debido a muchas otras razones. Puede cambiar debido a la comida, la actividad f\u00edsica, los medicamentos, las enfermedades, el alcohol, el estr\u00e9s e incluso las hormonas. Por estos motivos, no medir su nivel de glucosa en sangre porque piense que todo est\u00e1 bajo control es un arriesgado<\/p>\n<p>Adicionalmente, una medida para evaluar su grado de control gluc\u00e9mico es la prueba de HbA1C, que da una indicaci\u00f3n de su nivel promedio de glucosa en \u00a0sangre durante los \u00faltimos dos o tres meses.La determinaci\u00f3n de la HbA1C le permite conocer si \u00a0su plan de tratamiento en general es efectivo. Esta prueba debe ser recomendada por su m\u00e9dico. Si tiene un nivel elevado de HbA1C, puede necesitar cambiar algo en su plan de tratamiento. Recuerde que los niveles adecuados de HbA1C dependen de su edad, sexo y otros factores.<\/p>\n<p>Puede encontrar m\u00e1s informaci\u00f3n sobre tratamientos y medicamentos\u00a0<a title=\"Mayo Clinic: Diabetes Treatment and Drugs\" href=\"https:\/\/www.mayoclinic.org\/es-es\/diseases-conditions\/diabetes\/symptoms-causes\/syc-20371444\" target=\"_blank\" rel=\"noopener\">aqu\u00ed<\/a>.<\/p>\n<p><strong>\u00a0<\/strong><\/p>\n<p>&nbsp;<\/p>\n","protected":false},"excerpt":{"rendered":"<p>Realizarse correctamente controles gluc\u00e9micos es el primer paso hacia la correcta &#8220;autogesti\u00f3n&#8221; de la diabetes. En esta secci\u00f3n, puede encontrar informaci\u00f3n sobre las como realizar diferentes mediciones, los diferentes m\u00e9todos existentes para determinaci\u00f3n de niveles de glucosa y tambi\u00e9n algunos consejos \u00fatiles sobre los mismos. \u00bfPor qu\u00e9 deber\u00edamos medir los niveles de glucosa en \u00a0sangre? [&hellip;]<\/p>\n","protected":false},"author":5,"featured_media":0,"parent":1341,"menu_order":0,"comment_status":"closed","ping_status":"closed","template":"","meta":{"footnotes":""},"class_list":["post-1306","page","type-page","status-publish","hentry"],"_links":{"self":[{"href":"https:\/\/p2dm.salzburgresearch.at\/es\/wp-json\/wp\/v2\/pages\/1306","targetHints":{"allow":["GET"]}}],"collection":[{"href":"https:\/\/p2dm.salzburgresearch.at\/es\/wp-json\/wp\/v2\/pages"}],"about":[{"href":"https:\/\/p2dm.salzburgresearch.at\/es\/wp-json\/wp\/v2\/types\/page"}],"author":[{"embeddable":true,"href":"https:\/\/p2dm.salzburgresearch.at\/es\/wp-json\/wp\/v2\/users\/5"}],"replies":[{"embeddable":true,"href":"https:\/\/p2dm.salzburgresearch.at\/es\/wp-json\/wp\/v2\/comments?post=1306"}],"version-history":[{"count":3,"href":"https:\/\/p2dm.salzburgresearch.at\/es\/wp-json\/wp\/v2\/pages\/1306\/revisions"}],"predecessor-version":[{"id":1309,"href":"https:\/\/p2dm.salzburgresearch.at\/es\/wp-json\/wp\/v2\/pages\/1306\/revisions\/1309"}],"up":[{"embeddable":true,"href":"https:\/\/p2dm.salzburgresearch.at\/es\/wp-json\/wp\/v2\/pages\/1341"}],"wp:attachment":[{"href":"https:\/\/p2dm.salzburgresearch.at\/es\/wp-json\/wp\/v2\/media?parent=1306"}],"curies":[{"name":"wp","href":"https:\/\/api.w.org\/{rel}","templated":true}]}}