{"id":1026,"date":"2013-08-08T08:07:29","date_gmt":"2013-08-08T08:07:29","guid":{"rendered":"https:\/\/p2dm.salzburgresearch.at\/nutrition\/"},"modified":"2018-05-07T08:35:19","modified_gmt":"2018-05-07T08:35:19","slug":"nutrition","status":"publish","type":"page","link":"https:\/\/p2dm.salzburgresearch.at\/es\/autocontrol\/nutrition\/","title":{"rendered":"Nutrition"},"content":{"rendered":"<p>&nbsp;<\/p>\n<p><strong>NUTRICI\u00d3N<\/strong><\/p>\n<p><strong>La diabetes mellitus es un trastorno metab\u00f3lico. Por lo tanto, un objetivo importante para los pacientes con diabetes es equilibrar la nutrici\u00f3n, la actividad f\u00edsica y la medicaci\u00f3n. Aqu\u00ed puede encontrar informaci\u00f3n \u00fatil sobre calor\u00edas, informaci\u00f3n nutricional y tambi\u00e9n algunos consejos sobre su plan de alimentaci\u00f3n, c\u00f3mo comer fuera y c\u00f3mo disfrutar de comidas sabrosas.<\/strong><\/p>\n<p><strong>\u00a0<\/strong><\/p>\n<p><strong>\u00bfPor qu\u00e9 deber\u00edamos preocuparnos por la nutrici\u00f3n?<\/strong><\/p>\n<p><strong>\u00a0<\/strong><\/p>\n<p><strong>Las personas que padecen diabetes tipo 1 o tipo 2 solo pueden usar los alimentos que consumen para obtener beneficios f\u00edsicos y mentales si los niveles de glucosa en sangre son correctos.<\/strong><\/p>\n<p><strong>\u00a0<\/strong><\/p>\n<p><strong>Para manejar la enfermedad de manera efectiva, es importante estar bien informado sobre la nutrici\u00f3n y sus posibles efectos sobre el metabolismo.<\/strong><\/p>\n<p><strong>\u00a0<\/strong><\/p>\n<p><strong>Para m\u00e1s informaci\u00f3n, haga clic aqu\u00ed<\/strong><\/p>\n<p>&nbsp;<\/p>\n","protected":false},"excerpt":{"rendered":"<p>&nbsp; NUTRICI\u00d3N La diabetes mellitus es un trastorno metab\u00f3lico. Por lo tanto, un objetivo importante para los pacientes con diabetes es equilibrar la nutrici\u00f3n, la actividad f\u00edsica y la medicaci\u00f3n. Aqu\u00ed puede encontrar informaci\u00f3n \u00fatil sobre calor\u00edas, informaci\u00f3n nutricional y tambi\u00e9n algunos consejos sobre su plan de alimentaci\u00f3n, c\u00f3mo comer fuera y c\u00f3mo disfrutar de [&hellip;]<\/p>\n","protected":false},"author":1,"featured_media":0,"parent":1450,"menu_order":1,"comment_status":"closed","ping_status":"closed","template":"","meta":{"footnotes":""},"class_list":["post-1026","page","type-page","status-publish","hentry"],"_links":{"self":[{"href":"https:\/\/p2dm.salzburgresearch.at\/es\/wp-json\/wp\/v2\/pages\/1026","targetHints":{"allow":["GET"]}}],"collection":[{"href":"https:\/\/p2dm.salzburgresearch.at\/es\/wp-json\/wp\/v2\/pages"}],"about":[{"href":"https:\/\/p2dm.salzburgresearch.at\/es\/wp-json\/wp\/v2\/types\/page"}],"author":[{"embeddable":true,"href":"https:\/\/p2dm.salzburgresearch.at\/es\/wp-json\/wp\/v2\/users\/1"}],"replies":[{"embeddable":true,"href":"https:\/\/p2dm.salzburgresearch.at\/es\/wp-json\/wp\/v2\/comments?post=1026"}],"version-history":[{"count":1,"href":"https:\/\/p2dm.salzburgresearch.at\/es\/wp-json\/wp\/v2\/pages\/1026\/revisions"}],"predecessor-version":[{"id":1473,"href":"https:\/\/p2dm.salzburgresearch.at\/es\/wp-json\/wp\/v2\/pages\/1026\/revisions\/1473"}],"up":[{"embeddable":true,"href":"https:\/\/p2dm.salzburgresearch.at\/es\/wp-json\/wp\/v2\/pages\/1450"}],"wp:attachment":[{"href":"https:\/\/p2dm.salzburgresearch.at\/es\/wp-json\/wp\/v2\/media?parent=1026"}],"curies":[{"name":"wp","href":"https:\/\/api.w.org\/{rel}","templated":true}]}}