{"id":2330,"date":"2019-11-04T08:42:59","date_gmt":"2019-11-04T08:42:59","guid":{"rendered":"https:\/\/p2dm.salzburgresearch.at\/?page_id=2330"},"modified":"2021-06-17T08:21:41","modified_gmt":"2021-06-17T08:21:41","slug":"datenschutzerklaerung","status":"publish","type":"page","link":"https:\/\/p2dm.salzburgresearch.at\/de\/datenschutzerklaerung\/","title":{"rendered":"Datenschutzerkl\u00e4rung"},"content":{"rendered":"\n<p>Stand: 23. Oktober 2019<\/p>\n\n\n\n<p>Wir nehmen den\nSchutz Ihrer personenbezogenen Daten sehr ernst. Wir verarbeiten Ihre\npersonenbezogenen Daten entsprechend der gesetzlichen Datenschutzvorschriften\nsowie dieser Datenschutzerkl\u00e4rung. <br>\nDie Nutzung unserer Website ist in der Regel ohne Angabe personenbezogener\nDaten m\u00f6glich. Soweit auf unseren Seiten personenbezogene Daten (beispielsweise\nName, Anschrift oder E-Mail-Adressen) erhoben werden, erfolgt dies, soweit\nnicht technisch zum Betrieb der Website unbedingt notwendig, stets auf\nfreiwilliger Basis.<\/p>\n\n\n\n<p>Diese Website geht sparsam mit Ihren Daten um und verarbeitet nur technisch notwendige, nicht einwilligungspflichtige Daten. Daher verf\u00fcgt diese Website \u00fcber keine \u201eCookie-Bar\u201c zur Einholung ihrer Einwilligung.<\/p>\n\n\n\n<h2 class=\"wp-block-heading\">Verantwortlicher<\/h2>\n\n\n\n<p>Verantwortlich f\u00fcr die Verarbeitung Ihrer\npersonenbezogenen Daten auf dieser Website ist die Salzburg Research\nForschungsgesellschaft m.b.H., Jakob Haringer Stra\u00dfe 5\/3, 5020 Salzburg,\ninfo@salzburgresearch.at, 0662\/2288-0.<\/p>\n\n\n\n<h2 class=\"wp-block-heading\">Hosting<\/h2>\n\n\n\n<p>Diese Website wird von Salzburg Research selbst\ngehostet. Wir verarbeiten personenbezogene Verbindungsdaten zum Zweck der\nDaten- und Ausfallssicherheit f\u00fcr die Dauer maximal 7 Tagen.<\/p>\n\n\n\n<p>Die Rechtsgrundlage f\u00fcr die Verarbeitung ist unser\nberechtigtes Interesse gem. Art. 6 Abs. 1 lit. f DSGVO (technische\nSicherheitsma\u00dfnahmen).<\/p>\n\n\n\n<h2 class=\"wp-block-heading\">Server Logfiles<\/h2>\n\n\n\n<p>Wir verarbeiten zum Zweck der \u00dcberwachung der\ntechnischen Funktion und zur Erh\u00f6hung der Betriebssicherheit auf der\nRechtsgrundlage des berechtigten Interesses gem. Art. 6 Abs. 1 lif. f DSGVO\n(technische Sicherheitsma\u00dfnahmen) personenbezogene Daten wie beispielsweise\nIP-Adresse in einem Server Log File f\u00fcr die Dauer von maximal 7 Tagen.<\/p>\n\n\n\n<ul class=\"wp-block-list\"><li>Timestamp (Datum und Zeitpunkt des Hits)<\/li><li>Art des Requests des Nutzers<\/li><li>IP des Nutzers<\/li><li>Referrer-Informationen des Nutzers (also die Quelle des Zugriffs)<\/li><li>Client des Nutzers (Typ des Clients, Clientversion)<\/li><li>Betriebssystem des Nutzers (Ger\u00e4t, OS-Version des Ger\u00e4ts)<\/li><\/ul>\n\n\n\n<h2 class=\"wp-block-heading\">Analyse-Dienste<\/h2>\n\n\n\n<p>Auf unserer Website setzen wir Analyse-Dienste zum\nZweck der Analyse der Nutzung unserer Website, der Behebung von Fehlern und der\ninhaltlichen Weiterentwicklung ein.<\/p>\n\n\n\n<h3 class=\"wp-block-heading\"> Lokale Analysesoftware <\/h3>\n\n\n\n<p>Wir verarbeiten mittels einer lokalen Analysesoftware Verbindungsdaten und Browserdaten zum Zweck der Analyse der Nutzung unserer Website, der Behebung von Fehlern und der inhaltlichen Weiterentwicklung bis auf Widerspruch.<\/p>\n\n\n\n<p>Die Rechtsgrundlage f\u00fcr die Verarbeitung ist die zur Erbringung des von den Usern ausdr\u00fccklich gew\u00fcnschten Dienst einer Website unbedingte technische Notwendig der Verarbeitung von Analysedaten gem\u00e4\u00df \u00a7 96 Abs. 3 TKG ivm. gem. Art. 6 Abs. 1 lit. f DSGVO.<\/p>\n\n\n\n<iframe style=\"border: 0; height: 200px; width: 600px;\" src=\"https:\/\/stats.salzburgresearch.at\/index.php?module=CoreAdminHome&amp;action=optOut&amp;language=de&amp;backgroundColor=&amp;fontColor=&amp;fontSize=&amp;fontFamily=Helvetica%2C%20Arial%2C%20Sans-Serif\"><\/iframe>\n\n\n\n<h2 class=\"wp-block-heading\">Widerspruchsrecht<\/h2>\n\n\n\n<p>Sofern die Verarbeitung Ihrer personenbezogenen Daten auf Grundlage des berechtigten Interesses erfolgt, haben Sie das Recht gegen diese Verarbeitung Widerspruch einzulegen. Sofern keine zwingenden schutzw\u00fcrdigen Gr\u00fcnde f\u00fcr die Verarbeitung unsererseits vorliegen, wird die Verarbeitung Ihrer Daten auf Basis dieser Rechtsgrundlage eingestellt.<\/p>\n\n\n\n<p>Die Rechtm\u00e4\u00dfigkeit der bis zum Widerspruch\nverarbeiteten Daten wird durch den Widerspruch nicht ber\u00fchrt.<\/p>\n\n\n\n<h2 class=\"wp-block-heading\">Widerrufsrecht<\/h2>\n\n\n\n<p>Sie haben das Recht, eine uns erteile Einwilligung\njederzeit zu widerrufen. Im Fall einer schriftlichen Erteilung der Einwilligung\nkann der Widerruf nur schriftlich erfolgen, im Fall der Einwilligung in den\nErhalt elektronischer Werbung kann dies gegebenenfalls auch durch Klick auf den\nAbmeldelink erfolgen. In diesem Fall wird eine Verarbeitung, sofern keine\nandere Rechtsgrundlage besteht, eingestellt. <br>\nDie Rechtm\u00e4\u00dfigkeit der bis zum Widerruf verarbeiteten Daten wird durch den\nWiderruf nicht ber\u00fchrt.<\/p>\n\n\n\n<h2 class=\"wp-block-heading\">Betroffenenrechte<\/h2>\n\n\n\n<p>Sie haben das Recht auf Auskunft, Berichtigung, L\u00f6schung und Einschr\u00e4nkung der Verarbeitung der personenbezogenen Daten. <br>Soweit die Rechtsgrundlage der Verarbeitung Ihrer personenbezogenen Daten in Ihrer Einwilligung oder in einem mit Ihnen abgeschlossenen Vertrag besteht, haben Sie zudem das Recht auf Daten\u00fcbertragbarkeit. <br>Sie haben das Recht auf Widerruf einer eventuell erteilten Einwilligung zur Verarbeitung Ihrer personenbezogenen Daten. Die Rechtm\u00e4\u00dfigkeit der Verarbeitung der personenbezogenen Daten bis zum Widerruf wird durch den Widerruf nicht ber\u00fchrt. <br>Sie haben das Recht auf Widerspruch gegen die Verarbeitung Ihrer personenbezogenen Daten zum Zweck der Direktwerbung. Im Fall des Widerspruchs werden Ihre personenbezogenen Daten nicht mehr zum Zwecke der Direktwerbung verarbeitet. <br>Weiters haben Sie das Recht auf Beschwerde bei der Aufsichtsbeh\u00f6rde. Die Kontaktdaten der \u00d6sterreichischen Datenschutzbeh\u00f6rde lauten: \u00d6sterreichische Datenschutzbeh\u00f6rde, Barichgasse 40-42, A-1030 Wien.<\/p>\n\n\n\n<p><br><\/p>\n","protected":false},"excerpt":{"rendered":"<p>Stand: 23. Oktober 2019 Wir nehmen den Schutz Ihrer personenbezogenen Daten sehr ernst. Wir verarbeiten Ihre personenbezogenen Daten entsprechend der gesetzlichen Datenschutzvorschriften sowie dieser Datenschutzerkl\u00e4rung. Die Nutzung unserer Website ist in der Regel ohne Angabe personenbezogener Daten m\u00f6glich. Soweit auf unseren Seiten personenbezogene Daten (beispielsweise Name, Anschrift oder E-Mail-Adressen) erhoben werden, erfolgt dies, soweit nicht [&hellip;]<\/p>\n","protected":false},"author":1,"featured_media":0,"parent":0,"menu_order":0,"comment_status":"closed","ping_status":"closed","template":"","meta":{"footnotes":""},"class_list":["post-2330","page","type-page","status-publish","hentry"],"_links":{"self":[{"href":"https:\/\/p2dm.salzburgresearch.at\/de\/wp-json\/wp\/v2\/pages\/2330","targetHints":{"allow":["GET"]}}],"collection":[{"href":"https:\/\/p2dm.salzburgresearch.at\/de\/wp-json\/wp\/v2\/pages"}],"about":[{"href":"https:\/\/p2dm.salzburgresearch.at\/de\/wp-json\/wp\/v2\/types\/page"}],"author":[{"embeddable":true,"href":"https:\/\/p2dm.salzburgresearch.at\/de\/wp-json\/wp\/v2\/users\/1"}],"replies":[{"embeddable":true,"href":"https:\/\/p2dm.salzburgresearch.at\/de\/wp-json\/wp\/v2\/comments?post=2330"}],"version-history":[{"count":2,"href":"https:\/\/p2dm.salzburgresearch.at\/de\/wp-json\/wp\/v2\/pages\/2330\/revisions"}],"predecessor-version":[{"id":2369,"href":"https:\/\/p2dm.salzburgresearch.at\/de\/wp-json\/wp\/v2\/pages\/2330\/revisions\/2369"}],"wp:attachment":[{"href":"https:\/\/p2dm.salzburgresearch.at\/de\/wp-json\/wp\/v2\/media?parent=2330"}],"curies":[{"name":"wp","href":"https:\/\/api.w.org\/{rel}","templated":true}]}}